{"id":19702,"date":"2021-07-09T05:41:15","date_gmt":"2021-07-09T05:41:15","guid":{"rendered":"https:\/\/penangglobaltourism.benova.com.my\/street-art\/"},"modified":"2023-06-18T18:09:02","modified_gmt":"2023-06-18T10:09:02","slug":"nghe-thuat-duong-pho","status":"publish","type":"page","link":"https:\/\/penangglobaltourism.benova.com.my\/vi\/nghe-thuat-duong-pho\/","title":{"rendered":"Ngh\u1ec7 thu\u1eadt \u0111\u01b0\u1eddng ph\u1ed1"},"content":{"rendered":"<p>[vc_row css_animation=&#8221;&#8221; row_type=&#8221;row&#8221; use_row_as_full_screen_section=&#8221;no&#8221; type=&#8221;full_width&#8221; angled_section=&#8221;no&#8221; text_align=&#8221;left&#8221; background_image_as_pattern=&#8221;without_pattern&#8221;][vc_column][vc_raw_js]JTNDc2NyaXB0JTNFJTBBalF1ZXJ5JTI4JTI3LmNvbnRlbnRfaW5uZXIlMjAudGl0bGVfb3V0ZXIlMjclMjkuYXBwZW5kJTI4JTI3JTNDZGl2JTIwY2xhc3MlM0QlMjJjdXN0b20tc2hhcGUtZGl2aWRlci1ib3R0b20lMjIlM0UlM0NzdmclMjBkYXRhLW5hbWUlM0QlMjJMYXllciUyMDElMjIlMjB4bWxucyUzRCUyMmh0dHAlM0ElMkYlMkZ3d3cudzMub3JnJTJGMjAwMCUyRnN2ZyUyMiUyMHZpZXdCb3glM0QlMjIwJTIwMCUyMDEyMDAlMjAxMjAlMjIlMjBwcmVzZXJ2ZUFzcGVjdFJhdGlvJTNEJTIybm9uZSUyMiUzRSUzQ3BhdGglMjBjbGFzcyUzRCUyMnNoYXBlLWZpbGwlMjIlMjBkJTNEJTIyTTUyMy45JTJDMTAwLjRMMCUyQzB2MTIwaDEyMDBWMEw2NzQlMkMxMDAuNEM2MjQuNCUyQzEwOS45JTJDNTczLjUlMkMxMDkuOCUyQzUyMy45JTJDMTAwLjR6JTIyJTJGJTNFJTNDJTJGc3ZnJTNFJTNDJTJGZGl2JTNFJTI3JTI5JTNCJTBBJTNDJTJGc2NyaXB0JTNF[\/vc_raw_js][\/vc_column][\/vc_row][vc_row css_animation=&#8221;&#8221; row_type=&#8221;row&#8221; use_row_as_full_screen_section=&#8221;no&#8221; type=&#8221;grid&#8221; angled_section=&#8221;no&#8221; text_align=&#8221;center&#8221; background_image_as_pattern=&#8221;without_pattern&#8221; z_index=&#8221;&#8221;][vc_column][vc_empty_space height=&#8221;70px&#8221; el_class=&#8221;mobile-custom-height&#8221;][vc_row_inner row_type=&#8221;row&#8221; type=&#8221;full_width&#8221; text_align=&#8221;left&#8221; css_animation=&#8221;element_from_bottom&#8221;][vc_column_inner][vc_single_image image=&#8221;4241&#8243; img_size=&#8221;full&#8221; alignment=&#8221;center&#8221; qode_css_animation=&#8221;&#8221; el_class=&#8221;street-icon&#8221;][vc_empty_space height=&#8221;20px&#8221;][vc_column_text]<\/p>\n<h2 style=\"text-align: center;\">Ngh\u1ec7 thu\u1eadt \u0111\u01b0\u1eddng ph\u1ed1<\/h2>\n<p>[\/vc_column_text][vc_empty_space height=&#8221;40px&#8221;][\/vc_column_inner][\/vc_row_inner][vc_row_inner row_type=&#8221;row&#8221; type=&#8221;full_width&#8221; text_align=&#8221;left&#8221; css_animation=&#8221;element_from_bottom&#8221;][vc_column_inner width=&#8221;1\/6&#8243;][\/vc_column_inner][vc_column_inner width=&#8221;2\/3&#8243;][vc_single_image image=&#8221;8812&#8243; img_size=&#8221;full&#8221; alignment=&#8221;center&#8221; qode_css_animation=&#8221;&#8221; el_class=&#8221;street-img&#8221;][vc_empty_space][\/vc_column_inner][vc_column_inner width=&#8221;1\/6&#8243;][\/vc_column_inner][\/vc_row_inner][vc_row_inner row_type=&#8221;row&#8221; type=&#8221;full_width&#8221; text_align=&#8221;left&#8221; css_animation=&#8221;element_from_bottom&#8221;][vc_column_inner width=&#8221;1\/6&#8243;][\/vc_column_inner][vc_column_inner width=&#8221;2\/3&#8243;][vc_column_text]<\/p>\n<p style=\"text-align: justify;\">Ngh\u1ec7 thu\u1eadt \u0111\u01b0\u1eddng ph\u1ed1 n\u01a1i \u0111\u00e2y l\u00e0 \u0111i\u1ec3m thu h\u00fat s\u1ef1 ch\u00fa \u00fd c\u1ee7a du kh\u00e1ch v\u00e0 ngh\u1ec7 s\u0129 to\u00e0n c\u1ea7u. C\u00e1c t\u00e1c ph\u1ea9m ngh\u1ec7 thu\u1eadt tr\u00ean \u0111\u01b0\u1eddng ph\u1ed1 th\u00fac \u0111\u1ea9y m\u1ed9t lo\u1ea1i h\u00ecnh du l\u1ecbch m\u1edbi, k\u1ebft n\u1ed1i du kh\u00e1ch v\u1edbi c\u00e1c n\u1ec1n v\u0103n h\u00f3a, di s\u1ea3n v\u00e0 ngh\u1ec7 thu\u1eadt giao thoa th\u00fa v\u1ecb c\u1ee7a th\u00e0nh ph\u1ed1 n\u00e0y theo c\u00e1ch s\u00e1ng t\u1ea1o. C\u00e1c t\u00e1c ph\u1ea9m ngh\u1ec7 thu\u1eadt kh\u00f4ng c\u00f2n b\u00f3 h\u1eb9p trong vi\u1ec7n b\u1ea3o t\u00e0ng hay ph\u00f2ng tr\u01b0ng b\u00e0y, m\u00e0 nay \u0111\u00e3 \u0111\u1ebfn g\u1ea7n v\u1edbi m\u1ecdi ng\u01b0\u1eddi h\u01a1n th\u00f4ng qua ngh\u1ec7 thu\u1eadt \u0111\u01b0\u1eddng ph\u1ed1. Ng\u00e0y nay, ngh\u1ec7 thu\u1eadt \u0111\u01b0\u1eddng ph\u1ed1 ph\u00e1t tri\u1ec3n m\u1ea1nh m\u1ebd, xu\u1ea5t hi\u1ec7n d\u1ecdc theo c\u00e1c l\u1ed1i \u0111i b\u1ed9 v\u00e0 nh\u1eefng h\u00e0ng qu\u00e1n c\u00f3 t\u1eeb tr\u01b0\u1edbc th\u1eddi chi\u1ebfn tranh, gi\u00fap du kh\u00e1ch c\u00e1i nh\u00ecn s\u01a1 l\u01b0\u1ee3c v\u1ec1 l\u1ecbch s\u1eed v\u00e0 di s\u1ea3n v\u0103n h\u00f3a c\u1ee7a bang. Ngo\u00e0i ngh\u1ec7 thu\u1eadt \u0111\u01b0\u1eddng ph\u1ed1 th\u1ecbnh h\u00e0nh \u1edf th\u00e0nh ph\u1ed1 di s\u1ea3n George Town, b\u1ea1n c\u0169ng \u0111\u1eebng b\u1ecf l\u1ee1 nh\u1eefng b\u1ee9c tranh t\u01b0\u1eddng kh\u00e1c \u1edf Balik Pulau, Air Itam, Butterworth v\u00e0 Bukit Tambun.<\/p>\n<p>[\/vc_column_text][\/vc_column_inner][vc_column_inner width=&#8221;1\/6&#8243;][\/vc_column_inner][\/vc_row_inner][\/vc_column][\/vc_row][vc_row css_animation=&#8221;&#8221; row_type=&#8221;row&#8221; use_row_as_full_screen_section=&#8221;no&#8221; type=&#8221;full_width&#8221; angled_section=&#8221;no&#8221; text_align=&#8221;left&#8221; background_image_as_pattern=&#8221;without_pattern&#8221;][vc_column][vc_empty_space height=&#8221;80px&#8221;][vc_raw_js]JTNDc2NyaXB0JTNFJTIwJTBBJTBBalF1ZXJ5JTI4JTIwZG9jdW1lbnQlMjAlMjkucmVhZHklMjhmdW5jdGlvbiUyOCUyOSUyMCU3QiUwQSUwQXZhciUyMGhhc2glMjAlM0QlMjBkb2N1bWVudC5sb2NhdGlvbi5oYXNoJTNCJTBBdmFyJTIwZmlyc3QlMjAlM0QlMjB0cnVlJTNCJTBBdmFyJTIwaW50ZXJ2YWwlMjAlM0QlMjBzZXRJbnRlcnZhbCUyOGZ1bmN0aW9uJTI4JTI5JTIwJTdCJTBBJTBBaWYlMjAlMjhoYXNoJTI5JTIwJTdCJTBBJTIwJTIwJTIwJTIwalF1ZXJ5JTI4JTI3LnRhYnMtbmF2JTIwbGkuYWN0aXZlJTI3JTI5LnJlbW92ZUNsYXNzJTI4JTIyYWN0aXZlJTIyJTI5JTNCJTBBJTIwJTIwJTIwJTIwalF1ZXJ5JTI4JTI3YSU1QmhyZWYlM0QlMjIlMjclMkJoYXNoJTJCJTI3JTIyJTVEJTI3JTI5LmNsaWNrJTI4JTI5JTNCJTBBJTBBJTIwJTIwJTIwJTIwaWYlMjAlMjhmaXJzdCUyOSUyMCU3QiUwQSUyMCUyMCUyMCUyMCUyMCUyMCUyMCUyMGpRdWVyeSUyOGRvY3VtZW50JTI5LnNjcm9sbFRvcCUyODIwMCUyOSUzQiUwQSUyMCUyMCUyMCUyMCUyMCUyMCUyMCUyMGZpcnN0JTIwJTNEJTNEJTIwZmFsc2UlM0IlMEElMjAlMjAlMjAlMjAlN0QlMEElMEElMjAlMjAlMjAlMjBjbGVhckludGVydmFsJTI4aW50ZXJ2YWwlMjklM0IlMEElN0QlMEElMEElN0QlMkMlMjAxNTAwJTI5JTNCJTBBJTBBJTdEJTI5JTNCJTBBJTBBJTNDJTJGc2NyaXB0JTNF[\/vc_raw_js][\/vc_column][\/vc_row]<\/p>\n","protected":false},"excerpt":{"rendered":"<p>[vc_row css_animation=&#8221;&#8221; row_type=&#8221;row&#8221; use_row_as_full_screen_section=&#8221;no&#8221; type=&#8221;full_width&#8221; angled_section=&#8221;no&#8221; text_align=&#8221;left&#8221; background_image_as_pattern=&#8221;without_pattern&#8221;][vc_column][vc_raw_js]JTNDc2NyaXB0JTNFJTBBalF1ZXJ5JTI4JTI3LmNvbnRlbnRfaW5uZXIlMjAudGl0bGVfb3V0ZXIlMjclMjkuYXBwZW5kJTI4JTI3JTNDZGl2JTIwY2xhc3MlM0QlMjJjdXN0b20tc2hhcGUtZGl2aWRlci1ib3R0b20lMjIlM0UlM0NzdmclMjBkYXRhLW5hbWUlM0QlMjJMYXllciUyMDElMjIlMjB4bWxucyUzRCUyMmh0dHAlM0ElMkYlMkZ3d3cudzMub3JnJTJGMjAwMCUyRnN2ZyUyMiUyMHZpZXdCb3glM0QlMjIwJTIwMCUyMDEyMDAlMjAxMjAlMjIlMjBwcmVzZXJ2ZUFzcGVjdFJhdGlvJTNEJTIybm9uZSUyMiUzRSUzQ3BhdGglMjBjbGFzcyUzRCUyMnNoYXBlLWZpbGwlMjIlMjBkJTNEJTIyTTUyMy45JTJDMTAwLjRMMCUyQzB2MTIwaDEyMDBWMEw2NzQlMkMxMDAuNEM2MjQuNCUyQzEwOS45JTJDNTczLjUlMkMxMDkuOCUyQzUyMy45JTJDMTAwLjR6JTIyJTJGJTNFJTNDJTJGc3ZnJTNFJTNDJTJGZGl2JTNFJTI3JTI5JTNCJTBBJTNDJTJGc2NyaXB0JTNF[\/vc_raw_js][\/vc_column][\/vc_row][vc_row css_animation=&#8221;&#8221; row_type=&#8221;row&#8221; use_row_as_full_screen_section=&#8221;no&#8221; type=&#8221;grid&#8221; angled_section=&#8221;no&#8221; text_align=&#8221;center&#8221; background_image_as_pattern=&#8221;without_pattern&#8221; z_index=&#8221;&#8221;][vc_column][vc_empty_space height=&#8221;70px&#8221; el_class=&#8221;mobile-custom-height&#8221;][vc_row_inner row_type=&#8221;row&#8221; type=&#8221;full_width&#8221; text_align=&#8221;left&#8221; css_animation=&#8221;element_from_bottom&#8221;][vc_column_inner][vc_single_image image=&#8221;4241&#8243; img_size=&#8221;full&#8221; alignment=&#8221;center&#8221; qode_css_animation=&#8221;&#8221; el_class=&#8221;street-icon&#8221;][vc_empty_space height=&#8221;20px&#8221;][vc_column_text] Ngh\u1ec7 thu\u1eadt \u0111\u01b0\u1eddng ph\u1ed1 [\/vc_column_text][vc_empty_space height=&#8221;40px&#8221;][\/vc_column_inner][\/vc_row_inner][vc_row_inner row_type=&#8221;row&#8221;&#8230;<\/p>\n","protected":false},"author":2,"featured_media":10907,"parent":0,"menu_order":0,"comment_status":"closed","ping_status":"closed","template":"full_width.php","meta":{"inline_featured_image":false,"footnotes":""},"class_list":["post-19702","page","type-page","status-publish","has-post-thumbnail","hentry"],"yoast_head":"<!-- This site is optimized with the Yoast SEO plugin v20.8 - https:\/\/yoast.com\/wordpress\/plugins\/seo\/ -->\n<title>Ngh\u1ec7 thu\u1eadt \u0111\u01b0\u1eddng ph\u1ed1 - Penang Global Tourism<\/title>\n<meta name=\"robots\" content=\"noindex, follow, max-snippet:-1, max-image-preview:large, max-video-preview:-1\" \/>\n<meta property=\"og:locale\" content=\"vi_VN\" \/>\n<meta property=\"og:type\" content=\"article\" \/>\n<meta property=\"og:title\" content=\"Ngh\u1ec7 thu\u1eadt \u0111\u01b0\u1eddng ph\u1ed1 - Penang Global Tourism\" \/>\n<meta property=\"og:description\" content=\"[vc_row css_animation=&#8221;&#8221; row_type=&#8221;row&#8221; use_row_as_full_screen_section=&#8221;no&#8221; type=&#8221;full_width&#8221; angled_section=&#8221;no&#8221; text_align=&#8221;left&#8221; background_image_as_pattern=&#8221;without_pattern&#8221;][vc_column][vc_raw_js]JTNDc2NyaXB0JTNFJTBBalF1ZXJ5JTI4JTI3LmNvbnRlbnRfaW5uZXIlMjAudGl0bGVfb3V0ZXIlMjclMjkuYXBwZW5kJTI4JTI3JTNDZGl2JTIwY2xhc3MlM0QlMjJjdXN0b20tc2hhcGUtZGl2aWRlci1ib3R0b20lMjIlM0UlM0NzdmclMjBkYXRhLW5hbWUlM0QlMjJMYXllciUyMDElMjIlMjB4bWxucyUzRCUyMmh0dHAlM0ElMkYlMkZ3d3cudzMub3JnJTJGMjAwMCUyRnN2ZyUyMiUyMHZpZXdCb3glM0QlMjIwJTIwMCUyMDEyMDAlMjAxMjAlMjIlMjBwcmVzZXJ2ZUFzcGVjdFJhdGlvJTNEJTIybm9uZSUyMiUzRSUzQ3BhdGglMjBjbGFzcyUzRCUyMnNoYXBlLWZpbGwlMjIlMjBkJTNEJTIyTTUyMy45JTJDMTAwLjRMMCUyQzB2MTIwaDEyMDBWMEw2NzQlMkMxMDAuNEM2MjQuNCUyQzEwOS45JTJDNTczLjUlMkMxMDkuOCUyQzUyMy45JTJDMTAwLjR6JTIyJTJGJTNFJTNDJTJGc3ZnJTNFJTNDJTJGZGl2JTNFJTI3JTI5JTNCJTBBJTNDJTJGc2NyaXB0JTNF[\/vc_raw_js][\/vc_column][\/vc_row][vc_row css_animation=&#8221;&#8221; row_type=&#8221;row&#8221; use_row_as_full_screen_section=&#8221;no&#8221; type=&#8221;grid&#8221; angled_section=&#8221;no&#8221; text_align=&#8221;center&#8221; background_image_as_pattern=&#8221;without_pattern&#8221; z_index=&#8221;&#8221;][vc_column][vc_empty_space height=&#8221;70px&#8221; el_class=&#8221;mobile-custom-height&#8221;][vc_row_inner row_type=&#8221;row&#8221; type=&#8221;full_width&#8221; text_align=&#8221;left&#8221; css_animation=&#8221;element_from_bottom&#8221;][vc_column_inner][vc_single_image image=&#8221;4241&#8243; img_size=&#8221;full&#8221; alignment=&#8221;center&#8221; qode_css_animation=&#8221;&#8221; el_class=&#8221;street-icon&#8221;][vc_empty_space height=&#8221;20px&#8221;][vc_column_text] Ngh\u1ec7 thu\u1eadt \u0111\u01b0\u1eddng ph\u1ed1 [\/vc_column_text][vc_empty_space height=&#8221;40px&#8221;][\/vc_column_inner][\/vc_row_inner][vc_row_inner row_type=&#8221;row&#8221;...\" \/>\n<meta property=\"og:url\" content=\"https:\/\/penangglobaltourism.benova.com.my\/vi\/nghe-thuat-duong-pho\/\" \/>\n<meta property=\"og:site_name\" content=\"Penang Global Tourism\" \/>\n<meta property=\"article:modified_time\" content=\"2023-06-18T10:09:02+00:00\" \/>\n<meta property=\"og:image\" content=\"https:\/\/penangglobaltourism.benova.com.my\/wp-content\/uploads\/2022\/04\/STREET-ART.jpg\" \/>\n\t<meta property=\"og:image:width\" content=\"723\" \/>\n\t<meta property=\"og:image:height\" content=\"411\" \/>\n\t<meta property=\"og:image:type\" content=\"image\/jpeg\" \/>\n<meta name=\"twitter:card\" content=\"summary_large_image\" \/>\n<meta name=\"twitter:label1\" content=\"Est. reading time\" \/>\n\t<meta name=\"twitter:data1\" content=\"2 minutes\" \/>\n<script type=\"application\/ld+json\" class=\"yoast-schema-graph\">{\"@context\":\"https:\/\/schema.org\",\"@graph\":[{\"@type\":\"WebPage\",\"@id\":\"https:\/\/penangglobaltourism.benova.com.my\/vi\/nghe-thuat-duong-pho\/\",\"url\":\"https:\/\/penangglobaltourism.benova.com.my\/vi\/nghe-thuat-duong-pho\/\",\"name\":\"Ngh\u1ec7 thu\u1eadt \u0111\u01b0\u1eddng ph\u1ed1 - Penang Global Tourism\",\"isPartOf\":{\"@id\":\"https:\/\/penangglobaltourism.benova.com.my\/#website\"},\"datePublished\":\"2021-07-09T05:41:15+00:00\",\"dateModified\":\"2023-06-18T10:09:02+00:00\",\"breadcrumb\":{\"@id\":\"https:\/\/penangglobaltourism.benova.com.my\/vi\/nghe-thuat-duong-pho\/#breadcrumb\"},\"inLanguage\":\"vi-VN\",\"potentialAction\":[{\"@type\":\"ReadAction\",\"target\":[\"https:\/\/penangglobaltourism.benova.com.my\/vi\/nghe-thuat-duong-pho\/\"]}]},{\"@type\":\"BreadcrumbList\",\"@id\":\"https:\/\/penangglobaltourism.benova.com.my\/vi\/nghe-thuat-duong-pho\/#breadcrumb\",\"itemListElement\":[{\"@type\":\"ListItem\",\"position\":1,\"name\":\"Trang ch\u1ee7\",\"item\":\"https:\/\/penangglobaltourism.benova.com.my\/vi\/\"},{\"@type\":\"ListItem\",\"position\":2,\"name\":\"Ngh\u1ec7 thu\u1eadt \u0111\u01b0\u1eddng ph\u1ed1\"}]},{\"@type\":\"WebSite\",\"@id\":\"https:\/\/penangglobaltourism.benova.com.my\/#website\",\"url\":\"https:\/\/penangglobaltourism.benova.com.my\/\",\"name\":\"Penang Global Tourism\",\"description\":\"It\u2019s All In Penang, Experience It\",\"potentialAction\":[{\"@type\":\"SearchAction\",\"target\":{\"@type\":\"EntryPoint\",\"urlTemplate\":\"https:\/\/penangglobaltourism.benova.com.my\/?s={search_term_string}\"},\"query-input\":\"required name=search_term_string\"}],\"inLanguage\":\"vi-VN\"}]}<\/script>\n<!-- \/ Yoast SEO plugin. -->","yoast_head_json":{"title":"Ngh\u1ec7 thu\u1eadt \u0111\u01b0\u1eddng ph\u1ed1 - Penang Global Tourism","robots":{"index":"noindex","follow":"follow","max-snippet":"max-snippet:-1","max-image-preview":"max-image-preview:large","max-video-preview":"max-video-preview:-1"},"og_locale":"vi_VN","og_type":"article","og_title":"Ngh\u1ec7 thu\u1eadt \u0111\u01b0\u1eddng ph\u1ed1 - Penang Global Tourism","og_description":"[vc_row css_animation=&#8221;&#8221; row_type=&#8221;row&#8221; use_row_as_full_screen_section=&#8221;no&#8221; type=&#8221;full_width&#8221; angled_section=&#8221;no&#8221; text_align=&#8221;left&#8221; background_image_as_pattern=&#8221;without_pattern&#8221;][vc_column][vc_raw_js]JTNDc2NyaXB0JTNFJTBBalF1ZXJ5JTI4JTI3LmNvbnRlbnRfaW5uZXIlMjAudGl0bGVfb3V0ZXIlMjclMjkuYXBwZW5kJTI4JTI3JTNDZGl2JTIwY2xhc3MlM0QlMjJjdXN0b20tc2hhcGUtZGl2aWRlci1ib3R0b20lMjIlM0UlM0NzdmclMjBkYXRhLW5hbWUlM0QlMjJMYXllciUyMDElMjIlMjB4bWxucyUzRCUyMmh0dHAlM0ElMkYlMkZ3d3cudzMub3JnJTJGMjAwMCUyRnN2ZyUyMiUyMHZpZXdCb3glM0QlMjIwJTIwMCUyMDEyMDAlMjAxMjAlMjIlMjBwcmVzZXJ2ZUFzcGVjdFJhdGlvJTNEJTIybm9uZSUyMiUzRSUzQ3BhdGglMjBjbGFzcyUzRCUyMnNoYXBlLWZpbGwlMjIlMjBkJTNEJTIyTTUyMy45JTJDMTAwLjRMMCUyQzB2MTIwaDEyMDBWMEw2NzQlMkMxMDAuNEM2MjQuNCUyQzEwOS45JTJDNTczLjUlMkMxMDkuOCUyQzUyMy45JTJDMTAwLjR6JTIyJTJGJTNFJTNDJTJGc3ZnJTNFJTNDJTJGZGl2JTNFJTI3JTI5JTNCJTBBJTNDJTJGc2NyaXB0JTNF[\/vc_raw_js][\/vc_column][\/vc_row][vc_row css_animation=&#8221;&#8221; row_type=&#8221;row&#8221; use_row_as_full_screen_section=&#8221;no&#8221; type=&#8221;grid&#8221; angled_section=&#8221;no&#8221; text_align=&#8221;center&#8221; background_image_as_pattern=&#8221;without_pattern&#8221; z_index=&#8221;&#8221;][vc_column][vc_empty_space height=&#8221;70px&#8221; el_class=&#8221;mobile-custom-height&#8221;][vc_row_inner row_type=&#8221;row&#8221; type=&#8221;full_width&#8221; text_align=&#8221;left&#8221; css_animation=&#8221;element_from_bottom&#8221;][vc_column_inner][vc_single_image image=&#8221;4241&#8243; img_size=&#8221;full&#8221; alignment=&#8221;center&#8221; qode_css_animation=&#8221;&#8221; el_class=&#8221;street-icon&#8221;][vc_empty_space height=&#8221;20px&#8221;][vc_column_text] Ngh\u1ec7 thu\u1eadt \u0111\u01b0\u1eddng ph\u1ed1 [\/vc_column_text][vc_empty_space height=&#8221;40px&#8221;][\/vc_column_inner][\/vc_row_inner][vc_row_inner row_type=&#8221;row&#8221;...","og_url":"https:\/\/penangglobaltourism.benova.com.my\/vi\/nghe-thuat-duong-pho\/","og_site_name":"Penang Global Tourism","article_modified_time":"2023-06-18T10:09:02+00:00","og_image":[{"width":723,"height":411,"url":"https:\/\/penangglobaltourism.benova.com.my\/wp-content\/uploads\/2022\/04\/STREET-ART.jpg","type":"image\/jpeg"}],"twitter_card":"summary_large_image","twitter_misc":{"Est. reading time":"2 minutes"},"schema":{"@context":"https:\/\/schema.org","@graph":[{"@type":"WebPage","@id":"https:\/\/penangglobaltourism.benova.com.my\/vi\/nghe-thuat-duong-pho\/","url":"https:\/\/penangglobaltourism.benova.com.my\/vi\/nghe-thuat-duong-pho\/","name":"Ngh\u1ec7 thu\u1eadt \u0111\u01b0\u1eddng ph\u1ed1 - Penang Global Tourism","isPartOf":{"@id":"https:\/\/penangglobaltourism.benova.com.my\/#website"},"datePublished":"2021-07-09T05:41:15+00:00","dateModified":"2023-06-18T10:09:02+00:00","breadcrumb":{"@id":"https:\/\/penangglobaltourism.benova.com.my\/vi\/nghe-thuat-duong-pho\/#breadcrumb"},"inLanguage":"vi-VN","potentialAction":[{"@type":"ReadAction","target":["https:\/\/penangglobaltourism.benova.com.my\/vi\/nghe-thuat-duong-pho\/"]}]},{"@type":"BreadcrumbList","@id":"https:\/\/penangglobaltourism.benova.com.my\/vi\/nghe-thuat-duong-pho\/#breadcrumb","itemListElement":[{"@type":"ListItem","position":1,"name":"Trang ch\u1ee7","item":"https:\/\/penangglobaltourism.benova.com.my\/vi\/"},{"@type":"ListItem","position":2,"name":"Ngh\u1ec7 thu\u1eadt \u0111\u01b0\u1eddng ph\u1ed1"}]},{"@type":"WebSite","@id":"https:\/\/penangglobaltourism.benova.com.my\/#website","url":"https:\/\/penangglobaltourism.benova.com.my\/","name":"Penang Global Tourism","description":"It\u2019s All In Penang, Experience It","potentialAction":[{"@type":"SearchAction","target":{"@type":"EntryPoint","urlTemplate":"https:\/\/penangglobaltourism.benova.com.my\/?s={search_term_string}"},"query-input":"required name=search_term_string"}],"inLanguage":"vi-VN"}]}},"_links":{"self":[{"href":"https:\/\/penangglobaltourism.benova.com.my\/vi\/wp-json\/wp\/v2\/pages\/19702","targetHints":{"allow":["GET"]}}],"collection":[{"href":"https:\/\/penangglobaltourism.benova.com.my\/vi\/wp-json\/wp\/v2\/pages"}],"about":[{"href":"https:\/\/penangglobaltourism.benova.com.my\/vi\/wp-json\/wp\/v2\/types\/page"}],"author":[{"embeddable":true,"href":"https:\/\/penangglobaltourism.benova.com.my\/vi\/wp-json\/wp\/v2\/users\/2"}],"replies":[{"embeddable":true,"href":"https:\/\/penangglobaltourism.benova.com.my\/vi\/wp-json\/wp\/v2\/comments?post=19702"}],"version-history":[{"count":2,"href":"https:\/\/penangglobaltourism.benova.com.my\/vi\/wp-json\/wp\/v2\/pages\/19702\/revisions"}],"predecessor-version":[{"id":19705,"href":"https:\/\/penangglobaltourism.benova.com.my\/vi\/wp-json\/wp\/v2\/pages\/19702\/revisions\/19705"}],"wp:featuredmedia":[{"embeddable":true,"href":"https:\/\/penangglobaltourism.benova.com.my\/vi\/wp-json\/wp\/v2\/media\/10907"}],"wp:attachment":[{"href":"https:\/\/penangglobaltourism.benova.com.my\/vi\/wp-json\/wp\/v2\/media?parent=19702"}],"curies":[{"name":"wp","href":"https:\/\/api.w.org\/{rel}","templated":true}]}}