{"id":21550,"date":"2022-05-10T19:30:35","date_gmt":"2022-05-10T11:30:35","guid":{"rendered":"https:\/\/penangglobaltourism.benova.com.my\/penang-island-hotels\/"},"modified":"2023-06-25T19:09:13","modified_gmt":"2023-06-25T11:09:13","slug":"khach-san-o-dao-penang","status":"publish","type":"page","link":"https:\/\/penangglobaltourism.benova.com.my\/vi\/khach-san-o-dao-penang\/","title":{"rendered":"Kh\u00e1ch s\u1ea1n \u1edf \u0110\u1ea3o Penang"},"content":{"rendered":"<p>[vc_row css_animation=&#8221;&#8221; row_type=&#8221;row&#8221; use_row_as_full_screen_section=&#8221;no&#8221; type=&#8221;full_width&#8221; angled_section=&#8221;no&#8221; text_align=&#8221;left&#8221; background_image_as_pattern=&#8221;without_pattern&#8221;][vc_column][vc_raw_js]JTNDc2NyaXB0JTNFJTBBalF1ZXJ5JTI4JTI3LmNvbnRlbnRfaW5uZXIlMjAudGl0bGVfb3V0ZXIlMjclMjkuYXBwZW5kJTI4JTI3JTNDZGl2JTIwY2xhc3MlM0QlMjJjdXN0b20tc2hhcGUtZGl2aWRlci1ib3R0b20lMjIlM0UlM0NzdmclMjBkYXRhLW5hbWUlM0QlMjJMYXllciUyMDElMjIlMjB4bWxucyUzRCUyMmh0dHAlM0ElMkYlMkZ3d3cudzMub3JnJTJGMjAwMCUyRnN2ZyUyMiUyMHZpZXdCb3glM0QlMjIwJTIwMCUyMDEyMDAlMjAxMjAlMjIlMjBwcmVzZXJ2ZUFzcGVjdFJhdGlvJTNEJTIybm9uZSUyMiUzRSUzQ3BhdGglMjBjbGFzcyUzRCUyMnNoYXBlLWZpbGwlMjIlMjBkJTNEJTIyTTUyMy45JTJDMTAwLjRMMCUyQzB2MTIwaDEyMDBWMEw2NzQlMkMxMDAuNEM2MjQuNCUyQzEwOS45JTJDNTczLjUlMkMxMDkuOCUyQzUyMy45JTJDMTAwLjR6JTIyJTJGJTNFJTNDJTJGc3ZnJTNFJTNDJTJGZGl2JTNFJTI3JTI5JTNCJTBBJTNDJTJGc2NyaXB0JTNF[\/vc_raw_js][\/vc_column][\/vc_row][vc_row css_animation=&#8221;&#8221; row_type=&#8221;row&#8221; use_row_as_full_screen_section=&#8221;no&#8221; type=&#8221;grid&#8221; angled_section=&#8221;no&#8221; text_align=&#8221;center&#8221; background_image_as_pattern=&#8221;without_pattern&#8221; z_index=&#8221;&#8221;][vc_column][vc_empty_space height=&#8221;40px&#8221;][vc_tabs style=&#8221;horizontal&#8221;][vc_tab title=&#8221;George Town&#8221; tab_id=&#8221;george-town-vi&#8221;][vc_empty_space height=&#8221;70px&#8221; el_class=&#8221;mobile-custom-height&#8221;][vc_row_inner row_type=&#8221;row&#8221; type=&#8221;grid&#8221; text_align=&#8221;left&#8221; css_animation=&#8221;element_from_bottom&#8221;][vc_column_inner width=&#8221;1\/6&#8243;][\/vc_column_inner][vc_column_inner width=&#8221;2\/3&#8243;][vc_single_image image=&#8221;11742&#8243; img_size=&#8221;full&#8221; alignment=&#8221;center&#8221; qode_css_animation=&#8221;&#8221; el_class=&#8221;culture-icon&#8221;][vc_column_text]<\/p>\n<h2 style=\"text-align: center;\">George Town<\/h2>\n<p>[\/vc_column_text][vc_empty_space height=&#8221;40px&#8221;][vc_single_image image=&#8221;14080&#8243; img_size=&#8221;full&#8221; alignment=&#8221;center&#8221; qode_css_animation=&#8221;&#8221;][vc_empty_space height=&#8221;40px&#8221;][vc_column_text]<\/p>\n<p style=\"margin: 20px auto; text-align: justify;\"><span style=\"font-weight: 400;\">George Town \u0111\u00e3 tr\u1edf th\u00e0nh \u0111\u1ecba \u0111i\u1ec3m y\u00eau th\u00edch c\u1ee7a du kh\u00e1ch nh\u1edd h\u00e0ng lo\u1ea1t ch\u1ed7 ngh\u1ec9 nh\u1ecf cao c\u1ea5p \u0111a d\u1ea1ng, trong \u0111\u00f3 ph\u1ea3i k\u1ec3 \u0111\u1ebfn c\u00e1c nh\u00e0 ph\u1ed1 th\u01b0\u01a1ng m\u1ea1i truy\u1ec1n th\u1ed1ng \u0111\u01b0\u1ee3c kh\u00f4i ph\u1ee5c \u0111\u1eb9p m\u1eaft v\u00e0 kh\u00e1ch s\u1ea1n th\u1eddi th\u01b0\u1ee3ng, s\u00e0nh \u0111i\u1ec7u pha ch\u00fat h\u01b0\u01a1ng v\u1ecb \u0111\u1ecba ph\u01b0\u01a1ng. Du kh\u00e1ch c\u00f3 th\u1ec3 l\u01b0u tr\u00fa t\u1ea1i George Town, Di s\u1ea3n th\u1ebf gi\u1edbi \u0111\u01b0\u1ee3c UNESCO c\u00f4ng nh\u1eadn, t\u1eeb \u0111\u00f3 th\u1ecfa s\u1ee9c kh\u00e1m ph\u00e1 George Town b\u1eb1ng c\u00e1c ph\u01b0\u01a1ng ti\u1ec7n nh\u01b0 xe \u0111\u1ea1p, xe m\u00e1y, x\u00edch l\u00f4 hay th\u1eadm ch\u00ed \u0111i b\u1ed9.<\/span><\/p>\n<p>[\/vc_column_text][vc_empty_space height=&#8221;40px&#8221;]<a  itemprop=\"url\" href=\"\/vi\/category\/luu-tru-thu-gian\/?tag=cho-o&amp;zone=george-town-vi\" target=\"_self\"  class=\"qbutton  large default btncss\" style=\"border-radius: 10px;-moz-border-radius: 10px;-webkit-border-radius: 10px; background-color: #b00069;\">Xem th\u00eam<\/a>[vc_empty_space height=&#8221;80px&#8221;][\/vc_column_inner][vc_column_inner width=&#8221;1\/6&#8243;][\/vc_column_inner][\/vc_row_inner][\/vc_tab][vc_tab title=&#8221;Gurney Drive&#8221; tab_id=&#8221;gurney-drive-vi&#8221;][vc_empty_space height=&#8221;70px&#8221; el_class=&#8221;mobile-custom-height&#8221;][vc_row_inner row_type=&#8221;row&#8221; type=&#8221;full_width&#8221; text_align=&#8221;left&#8221; css_animation=&#8221;element_from_bottom&#8221;][vc_column_inner width=&#8221;1\/6&#8243;][\/vc_column_inner][vc_column_inner width=&#8221;2\/3&#8243;][vc_single_image image=&#8221;11751&#8243; img_size=&#8221;full&#8221; alignment=&#8221;center&#8221; qode_css_animation=&#8221;&#8221; el_class=&#8221;culture-icon&#8221;][vc_column_text]<\/p>\n<h2 style=\"text-align: center;\">Gurney Drive<\/h2>\n<p>[\/vc_column_text][vc_empty_space height=&#8221;40px&#8221;][vc_single_image image=&#8221;13296&#8243; img_size=&#8221;full&#8221; alignment=&#8221;center&#8221; qode_css_animation=&#8221;&#8221;][vc_empty_space height=&#8221;40px&#8221;][vc_column_text]<\/p>\n<p style=\"margin: 20px auto; text-align: justify;\"><span style=\"font-weight: 400;\">T\u1ecda l\u1ea1c \u1edf v\u1ecb tr\u00ed \u0111\u1eafc \u0111\u1ecba gi\u1eefa th\u00e0nh ph\u1ed1 v\u00e0 b\u00e3i bi\u1ec3n, c\u00e1c kh\u00e1ch s\u1ea1n cao t\u1ea7ng t\u1ea1i Gurney Drive mang \u0111\u1ebfn b\u1ee9c tranh ngo\u1ea1n m\u1ee5c bao tr\u1ecdn b\u00e3i bi\u1ec3n v\u00e0 th\u00e0nh ph\u1ed1. \u0110\u1ea1i l\u1ed9 ven bi\u1ec3n mang t\u00ednh bi\u1ec3u t\u01b0\u1ee3ng n\u00e0y lu\u00f4n t\u1ea5p n\u1eadp ho\u1ea1t \u0111\u1ed9ng, b\u1edfi n\u01a1i \u0111\u00e2y kh\u00f4ng ch\u1ec9 c\u00f3 m\u00f3n \u0103n \u0111\u01b0\u1eddng ph\u1ed1 tuy\u1ec7t ngon m\u00e0 c\u00f2n c\u00f3 cu\u1ed9c s\u1ed1ng v\u1ec1 \u0111\u00eam v\u00e0 d\u1ecbch v\u1ee5 mua s\u1eafm \u0111\u1eb3ng c\u1ea5p th\u1ebf gi\u1edbi.<\/span><\/p>\n<p>[\/vc_column_text][vc_empty_space height=&#8221;40px&#8221;]<a  itemprop=\"url\" href=\"\/vi\/category\/luu-tru-thu-gian\/?tag=cho-o&amp;zone=gurney-drive-vi\" target=\"_self\"  class=\"qbutton  large default btncss\" style=\"border-radius: 10px;-moz-border-radius: 10px;-webkit-border-radius: 10px; background-color: #b00069;\">Xem th\u00eam<\/a>[vc_empty_space height=&#8221;80px&#8221;][\/vc_column_inner][vc_column_inner width=&#8221;1\/6&#8243;][\/vc_column_inner][\/vc_row_inner][\/vc_tab][vc_tab title=&#8221;B\u1edd ph\u00eda B\u1eafc&#8221; tab_id=&#8221;northern-coast-vi&#8221;][vc_empty_space height=&#8221;70px&#8221; el_class=&#8221;mobile-custom-height&#8221;][vc_row_inner row_type=&#8221;row&#8221; type=&#8221;full_width&#8221; text_align=&#8221;left&#8221; css_animation=&#8221;element_from_bottom&#8221;][vc_column_inner width=&#8221;1\/6&#8243;][\/vc_column_inner][vc_column_inner width=&#8221;2\/3&#8243;][vc_single_image image=&#8221;11769&#8243; img_size=&#8221;full&#8221; alignment=&#8221;center&#8221; qode_css_animation=&#8221;&#8221; el_class=&#8221;culture-icon&#8221;][vc_column_text]<\/p>\n<h2 style=\"text-align: center;\">B\u1edd ph\u00eda B\u1eafc<\/h2>\n<p>[\/vc_column_text][vc_empty_space height=&#8221;40px&#8221;][vc_single_image image=&#8221;13305&#8243; img_size=&#8221;full&#8221; alignment=&#8221;center&#8221; qode_css_animation=&#8221;&#8221;][vc_empty_space height=&#8221;40px&#8221;][vc_column_text]<\/p>\n<p style=\"text-align: justify; margin: 20px auto;\"><span style=\"font-weight: 400;\">V\u00f9ng ven b\u1edd n\u1ed5i ti\u1ebfng \u1edf ph\u00eda B\u1eafc Penang, t\u1eeb Tanjung Bungah \u0111\u1ebfn Batu Ferringhi, l\u00e0 thi\u00ean \u0111\u01b0\u1eddng t\u1eadp trung nhi\u1ec1u khu ngh\u1ec9 d\u01b0\u1ee1ng ven bi\u1ec3n t\u1eeb 3 \u0111\u1ebfn 5 sao, c\u00f9ng nhi\u1ec1u ho\u1ea1t \u0111\u1ed9ng mua s\u1eafm, cu\u1ed9c s\u1ed1ng v\u1ec1 \u0111\u00eam s\u00f4i \u0111\u1ed9ng v\u00e0 du l\u1ecbch sinh th\u00e1i g\u1ea7n k\u1ec1. Du kh\u00e1ch c\u00f3 th\u1ec3 ch\u1ecdn ngh\u1ec9 t\u1ea1i homestay \u1edf c\u00e1c l\u00e0ng ch\u00e0i nh\u1ecf g\u1ea7n \u0111\u00f3, tr\u1ea3i nghi\u1ec7m h\u01b0\u01a1ng v\u1ecb l\u00e0ng qu\u00ea (hay kampung trong ti\u1ebfng Malaysia) kh\u00f3 qu\u00ean.<\/span><\/p>\n<p>[\/vc_column_text][vc_empty_space height=&#8221;40px&#8221;]<a  itemprop=\"url\" href=\"\/vi\/category\/luu-tru-thu-gian\/?tag=cho-o&amp;zone=bo-phia-bac\" target=\"_self\"  class=\"qbutton  large default btncss\" style=\"border-radius: 10px;-moz-border-radius: 10px;-webkit-border-radius: 10px; background-color: #b00069;\">Xem th\u00eam<\/a>[vc_empty_space height=&#8221;80px&#8221;][\/vc_column_inner][vc_column_inner width=&#8221;1\/6&#8243;][\/vc_column_inner][\/vc_row_inner][\/vc_tab][vc_tab title=&#8221;Khu \u0110\u00f4ng Nam&#8221; tab_id=&#8221;southeast-zone-vi&#8221;][vc_empty_space height=&#8221;70px&#8221; el_class=&#8221;mobile-custom-height&#8221;][vc_row_inner row_type=&#8221;row&#8221; type=&#8221;full_width&#8221; text_align=&#8221;left&#8221; css_animation=&#8221;element_from_bottom&#8221;][vc_column_inner width=&#8221;1\/6&#8243;][\/vc_column_inner][vc_column_inner width=&#8221;2\/3&#8243;][vc_single_image image=&#8221;11697&#8243; img_size=&#8221;full&#8221; alignment=&#8221;center&#8221; qode_css_animation=&#8221;&#8221; el_class=&#8221;culture-icon&#8221;][vc_empty_space height=&#8221;20px&#8221;][vc_column_text]<\/p>\n<h2 style=\"text-align: center;\">Khu \u0110\u00f4ng Nam<\/h2>\n<p>[\/vc_column_text][vc_empty_space height=&#8221;40px&#8221;][vc_single_image image=&#8221;13314&#8243; img_size=&#8221;full&#8221; alignment=&#8221;center&#8221; qode_css_animation=&#8221;&#8221;][vc_empty_space height=&#8221;40px&#8221;][vc_column_text]<\/p>\n<p style=\"text-align: justify;\"><span style=\"font-weight: 400;\">V\u00f9ng \u0110\u00f4ng Nam n\u1eb1m ngay g\u1ea7n c\u00e1c khu c\u00f4ng ngh\u1ec7 cao, s\u00e2n bay qu\u1ed1c t\u1ebf, c\u00e2u l\u1ea1c b\u1ed9 golf c\u1ee7a \u0111\u1ea3o, hai c\u00e2y c\u1ea7u Penang n\u1ed1i \u0111\u1ea3o v\u1edbi \u0111\u1ea5t li\u1ec1n v\u00e0 m\u1ed9t trong nh\u1eefng trung t\u00e2m mua s\u1eafm l\u1edbn nh\u1ea5t Penang. N\u01a1i \u0111\u00e2y c\u00f3 v\u00f4 v\u00e0n kh\u00e1ch s\u1ea1n h\u1ea1ng th\u01b0\u01a1ng gia cho b\u1ea1n l\u1ef1a ch\u1ecdn v\u00e0 c\u1ea3 c\u00e1c trung t\u00e2m h\u1ed9i ngh\u1ecb nh\u01b0 Trung t\u00e2m h\u1ed9i ngh\u1ecb Setia SPICE v\u00e0 Trung t\u00e2m h\u1ed9i ngh\u1ecb ven bi\u1ec3n Penang (d\u1ef1 ki\u1ebfn ho\u00e0n th\u00e0nh trong v\u00e0i n\u0103m t\u1edbi).<\/span><\/p>\n<p>[\/vc_column_text][vc_empty_space height=&#8221;40px&#8221;]<a  itemprop=\"url\" href=\"\/vi\/category\/luu-tru-thu-gian\/?tag=cho-o&amp;zone=khu-dong-nam\" target=\"_self\"  class=\"qbutton  large default btncss\" style=\"border-radius: 10px;-moz-border-radius: 10px;-webkit-border-radius: 10px; background-color: #b00069;\">Xem th\u00eam<\/a>[vc_empty_space height=&#8221;80px&#8221;][\/vc_column_inner][vc_column_inner width=&#8221;1\/6&#8243;][\/vc_column_inner][\/vc_row_inner][\/vc_tab][\/vc_tabs][\/vc_column][\/vc_row][vc_row css_animation=&#8221;&#8221; row_type=&#8221;row&#8221; use_row_as_full_screen_section=&#8221;no&#8221; type=&#8221;full_width&#8221; angled_section=&#8221;no&#8221; text_align=&#8221;left&#8221; background_image_as_pattern=&#8221;without_pattern&#8221;][vc_column][vc_raw_js]JTNDc2NyaXB0JTNFJTIwJTBBJTBBalF1ZXJ5JTI4JTIwZG9jdW1lbnQlMjAlMjkucmVhZHklMjhmdW5jdGlvbiUyOCUyOSUyMCU3QiUwQSUwQXZhciUyMGhhc2glMjAlM0QlMjBkZWNvZGVVUklDb21wb25lbnQlMjhkb2N1bWVudC5sb2NhdGlvbi5oYXNoJTI5JTNCJTBBdmFyJTIwZmlyc3QlMjAlM0QlMjB0cnVlJTNCJTBBdmFyJTIwaW50ZXJ2YWwlMjAlM0QlMjBzZXRJbnRlcnZhbCUyOGZ1bmN0aW9uJTI4JTI5JTIwJTdCJTBBJTBBaWYlMjAlMjhoYXNoJTI5JTIwJTdCJTBBJTIwJTIwJTIwJTIwalF1ZXJ5JTI4JTI3LnRhYnMtbmF2JTIwbGkuYWN0aXZlJTI3JTI5LnJlbW92ZUNsYXNzJTI4JTIyYWN0aXZlJTIyJTI5JTNCJTBBJTIwJTIwJTIwJTIwalF1ZXJ5JTI4JTI3YSU1QmhyZWYlM0QlMjIlMjclMkJoYXNoJTJCJTI3JTIyJTVEJTI3JTI5LmNsaWNrJTI4JTI5JTNCJTBBJTBBJTIwJTIwJTIwJTIwaWYlMjAlMjhmaXJzdCUyOSUyMCU3QiUwQSUyMCUyMCUyMCUyMCUyMCUyMCUyMCUyMGpRdWVyeSUyOGRvY3VtZW50JTI5LnNjcm9sbFRvcCUyODIwMCUyOSUzQiUwQSUyMCUyMCUyMCUyMCUyMCUyMCUyMCUyMGZpcnN0JTIwJTNEJTNEJTIwZmFsc2UlM0IlMEElMjAlMjAlMjAlMjAlN0QlMEElMEElMjAlMjAlMjAlMjBjbGVhckludGVydmFsJTI4aW50ZXJ2YWwlMjklM0IlMEElN0QlMEElMEElN0QlMkMlMjAxNTAwJTI5JTNCJTBBJTBBJTdEJTI5JTNCJTBBJTBBJTNDJTJGc2NyaXB0JTNF[\/vc_raw_js][\/vc_column][\/vc_row]<\/p>\n","protected":false},"excerpt":{"rendered":"<p>[vc_row css_animation=&#8221;&#8221; row_type=&#8221;row&#8221; use_row_as_full_screen_section=&#8221;no&#8221; type=&#8221;full_width&#8221; angled_section=&#8221;no&#8221; text_align=&#8221;left&#8221; background_image_as_pattern=&#8221;without_pattern&#8221;][vc_column][vc_raw_js]JTNDc2NyaXB0JTNFJTBBalF1ZXJ5JTI4JTI3LmNvbnRlbnRfaW5uZXIlMjAudGl0bGVfb3V0ZXIlMjclMjkuYXBwZW5kJTI4JTI3JTNDZGl2JTIwY2xhc3MlM0QlMjJjdXN0b20tc2hhcGUtZGl2aWRlci1ib3R0b20lMjIlM0UlM0NzdmclMjBkYXRhLW5hbWUlM0QlMjJMYXllciUyMDElMjIlMjB4bWxucyUzRCUyMmh0dHAlM0ElMkYlMkZ3d3cudzMub3JnJTJGMjAwMCUyRnN2ZyUyMiUyMHZpZXdCb3glM0QlMjIwJTIwMCUyMDEyMDAlMjAxMjAlMjIlMjBwcmVzZXJ2ZUFzcGVjdFJhdGlvJTNEJTIybm9uZSUyMiUzRSUzQ3BhdGglMjBjbGFzcyUzRCUyMnNoYXBlLWZpbGwlMjIlMjBkJTNEJTIyTTUyMy45JTJDMTAwLjRMMCUyQzB2MTIwaDEyMDBWMEw2NzQlMkMxMDAuNEM2MjQuNCUyQzEwOS45JTJDNTczLjUlMkMxMDkuOCUyQzUyMy45JTJDMTAwLjR6JTIyJTJGJTNFJTNDJTJGc3ZnJTNFJTNDJTJGZGl2JTNFJTI3JTI5JTNCJTBBJTNDJTJGc2NyaXB0JTNF[\/vc_raw_js][\/vc_column][\/vc_row][vc_row css_animation=&#8221;&#8221; row_type=&#8221;row&#8221; use_row_as_full_screen_section=&#8221;no&#8221; type=&#8221;grid&#8221; angled_section=&#8221;no&#8221; text_align=&#8221;center&#8221; background_image_as_pattern=&#8221;without_pattern&#8221; z_index=&#8221;&#8221;][vc_column][vc_empty_space height=&#8221;40px&#8221;][vc_tabs style=&#8221;horizontal&#8221;][vc_tab title=&#8221;George Town&#8221; tab_id=&#8221;george-town-vi&#8221;][vc_empty_space height=&#8221;70px&#8221; el_class=&#8221;mobile-custom-height&#8221;][vc_row_inner row_type=&#8221;row&#8221; type=&#8221;grid&#8221; text_align=&#8221;left&#8221; css_animation=&#8221;element_from_bottom&#8221;][vc_column_inner width=&#8221;1\/6&#8243;][\/vc_column_inner][vc_column_inner width=&#8221;2\/3&#8243;][vc_single_image image=&#8221;11742&#8243; img_size=&#8221;full&#8221; alignment=&#8221;center&#8221; qode_css_animation=&#8221;&#8221; el_class=&#8221;culture-icon&#8221;][vc_column_text] George&#8230;<\/p>\n","protected":false},"author":14,"featured_media":0,"parent":0,"menu_order":0,"comment_status":"closed","ping_status":"closed","template":"full_width.php","meta":{"inline_featured_image":false,"footnotes":""},"class_list":["post-21550","page","type-page","status-publish","hentry"],"yoast_head":"<!-- This site is optimized with the Yoast SEO plugin v20.8 - https:\/\/yoast.com\/wordpress\/plugins\/seo\/ -->\n<title>Kh\u00e1ch s\u1ea1n \u1edf \u0110\u1ea3o Penang - Penang Global Tourism<\/title>\n<meta name=\"robots\" content=\"noindex, follow, max-snippet:-1, max-image-preview:large, max-video-preview:-1\" \/>\n<meta property=\"og:locale\" content=\"vi_VN\" \/>\n<meta property=\"og:type\" content=\"article\" \/>\n<meta property=\"og:title\" content=\"Kh\u00e1ch s\u1ea1n \u1edf \u0110\u1ea3o Penang - Penang Global Tourism\" \/>\n<meta property=\"og:description\" content=\"[vc_row css_animation=&#8221;&#8221; row_type=&#8221;row&#8221; use_row_as_full_screen_section=&#8221;no&#8221; type=&#8221;full_width&#8221; angled_section=&#8221;no&#8221; text_align=&#8221;left&#8221; background_image_as_pattern=&#8221;without_pattern&#8221;][vc_column][vc_raw_js]JTNDc2NyaXB0JTNFJTBBalF1ZXJ5JTI4JTI3LmNvbnRlbnRfaW5uZXIlMjAudGl0bGVfb3V0ZXIlMjclMjkuYXBwZW5kJTI4JTI3JTNDZGl2JTIwY2xhc3MlM0QlMjJjdXN0b20tc2hhcGUtZGl2aWRlci1ib3R0b20lMjIlM0UlM0NzdmclMjBkYXRhLW5hbWUlM0QlMjJMYXllciUyMDElMjIlMjB4bWxucyUzRCUyMmh0dHAlM0ElMkYlMkZ3d3cudzMub3JnJTJGMjAwMCUyRnN2ZyUyMiUyMHZpZXdCb3glM0QlMjIwJTIwMCUyMDEyMDAlMjAxMjAlMjIlMjBwcmVzZXJ2ZUFzcGVjdFJhdGlvJTNEJTIybm9uZSUyMiUzRSUzQ3BhdGglMjBjbGFzcyUzRCUyMnNoYXBlLWZpbGwlMjIlMjBkJTNEJTIyTTUyMy45JTJDMTAwLjRMMCUyQzB2MTIwaDEyMDBWMEw2NzQlMkMxMDAuNEM2MjQuNCUyQzEwOS45JTJDNTczLjUlMkMxMDkuOCUyQzUyMy45JTJDMTAwLjR6JTIyJTJGJTNFJTNDJTJGc3ZnJTNFJTNDJTJGZGl2JTNFJTI3JTI5JTNCJTBBJTNDJTJGc2NyaXB0JTNF[\/vc_raw_js][\/vc_column][\/vc_row][vc_row css_animation=&#8221;&#8221; row_type=&#8221;row&#8221; use_row_as_full_screen_section=&#8221;no&#8221; type=&#8221;grid&#8221; angled_section=&#8221;no&#8221; text_align=&#8221;center&#8221; background_image_as_pattern=&#8221;without_pattern&#8221; z_index=&#8221;&#8221;][vc_column][vc_empty_space height=&#8221;40px&#8221;][vc_tabs style=&#8221;horizontal&#8221;][vc_tab title=&#8221;George Town&#8221; tab_id=&#8221;george-town-vi&#8221;][vc_empty_space height=&#8221;70px&#8221; el_class=&#8221;mobile-custom-height&#8221;][vc_row_inner row_type=&#8221;row&#8221; type=&#8221;grid&#8221; text_align=&#8221;left&#8221; css_animation=&#8221;element_from_bottom&#8221;][vc_column_inner width=&#8221;1\/6&#8243;][\/vc_column_inner][vc_column_inner width=&#8221;2\/3&#8243;][vc_single_image image=&#8221;11742&#8243; img_size=&#8221;full&#8221; alignment=&#8221;center&#8221; qode_css_animation=&#8221;&#8221; el_class=&#8221;culture-icon&#8221;][vc_column_text] George...\" \/>\n<meta property=\"og:url\" content=\"https:\/\/penangglobaltourism.benova.com.my\/vi\/khach-san-o-dao-penang\/\" \/>\n<meta property=\"og:site_name\" content=\"Penang Global Tourism\" \/>\n<meta property=\"article:modified_time\" content=\"2023-06-25T11:09:13+00:00\" \/>\n<meta name=\"twitter:card\" content=\"summary_large_image\" \/>\n<meta name=\"twitter:label1\" content=\"Est. reading time\" \/>\n\t<meta name=\"twitter:data1\" content=\"3 minutes\" \/>\n<script type=\"application\/ld+json\" class=\"yoast-schema-graph\">{\"@context\":\"https:\/\/schema.org\",\"@graph\":[{\"@type\":\"WebPage\",\"@id\":\"https:\/\/penangglobaltourism.benova.com.my\/vi\/khach-san-o-dao-penang\/\",\"url\":\"https:\/\/penangglobaltourism.benova.com.my\/vi\/khach-san-o-dao-penang\/\",\"name\":\"Kh\u00e1ch s\u1ea1n \u1edf \u0110\u1ea3o Penang - Penang Global Tourism\",\"isPartOf\":{\"@id\":\"https:\/\/penangglobaltourism.benova.com.my\/#website\"},\"datePublished\":\"2022-05-10T11:30:35+00:00\",\"dateModified\":\"2023-06-25T11:09:13+00:00\",\"breadcrumb\":{\"@id\":\"https:\/\/penangglobaltourism.benova.com.my\/vi\/khach-san-o-dao-penang\/#breadcrumb\"},\"inLanguage\":\"vi-VN\",\"potentialAction\":[{\"@type\":\"ReadAction\",\"target\":[\"https:\/\/penangglobaltourism.benova.com.my\/vi\/khach-san-o-dao-penang\/\"]}]},{\"@type\":\"BreadcrumbList\",\"@id\":\"https:\/\/penangglobaltourism.benova.com.my\/vi\/khach-san-o-dao-penang\/#breadcrumb\",\"itemListElement\":[{\"@type\":\"ListItem\",\"position\":1,\"name\":\"Trang ch\u1ee7\",\"item\":\"https:\/\/penangglobaltourism.benova.com.my\/vi\/\"},{\"@type\":\"ListItem\",\"position\":2,\"name\":\"Kh\u00e1ch s\u1ea1n \u1edf \u0110\u1ea3o Penang\"}]},{\"@type\":\"WebSite\",\"@id\":\"https:\/\/penangglobaltourism.benova.com.my\/#website\",\"url\":\"https:\/\/penangglobaltourism.benova.com.my\/\",\"name\":\"Penang Global Tourism\",\"description\":\"It\u2019s All In Penang, Experience It\",\"potentialAction\":[{\"@type\":\"SearchAction\",\"target\":{\"@type\":\"EntryPoint\",\"urlTemplate\":\"https:\/\/penangglobaltourism.benova.com.my\/?s={search_term_string}\"},\"query-input\":\"required name=search_term_string\"}],\"inLanguage\":\"vi-VN\"}]}<\/script>\n<!-- \/ Yoast SEO plugin. -->","yoast_head_json":{"title":"Kh\u00e1ch s\u1ea1n \u1edf \u0110\u1ea3o Penang - Penang Global Tourism","robots":{"index":"noindex","follow":"follow","max-snippet":"max-snippet:-1","max-image-preview":"max-image-preview:large","max-video-preview":"max-video-preview:-1"},"og_locale":"vi_VN","og_type":"article","og_title":"Kh\u00e1ch s\u1ea1n \u1edf \u0110\u1ea3o Penang - Penang Global Tourism","og_description":"[vc_row css_animation=&#8221;&#8221; row_type=&#8221;row&#8221; use_row_as_full_screen_section=&#8221;no&#8221; type=&#8221;full_width&#8221; angled_section=&#8221;no&#8221; text_align=&#8221;left&#8221; background_image_as_pattern=&#8221;without_pattern&#8221;][vc_column][vc_raw_js]JTNDc2NyaXB0JTNFJTBBalF1ZXJ5JTI4JTI3LmNvbnRlbnRfaW5uZXIlMjAudGl0bGVfb3V0ZXIlMjclMjkuYXBwZW5kJTI4JTI3JTNDZGl2JTIwY2xhc3MlM0QlMjJjdXN0b20tc2hhcGUtZGl2aWRlci1ib3R0b20lMjIlM0UlM0NzdmclMjBkYXRhLW5hbWUlM0QlMjJMYXllciUyMDElMjIlMjB4bWxucyUzRCUyMmh0dHAlM0ElMkYlMkZ3d3cudzMub3JnJTJGMjAwMCUyRnN2ZyUyMiUyMHZpZXdCb3glM0QlMjIwJTIwMCUyMDEyMDAlMjAxMjAlMjIlMjBwcmVzZXJ2ZUFzcGVjdFJhdGlvJTNEJTIybm9uZSUyMiUzRSUzQ3BhdGglMjBjbGFzcyUzRCUyMnNoYXBlLWZpbGwlMjIlMjBkJTNEJTIyTTUyMy45JTJDMTAwLjRMMCUyQzB2MTIwaDEyMDBWMEw2NzQlMkMxMDAuNEM2MjQuNCUyQzEwOS45JTJDNTczLjUlMkMxMDkuOCUyQzUyMy45JTJDMTAwLjR6JTIyJTJGJTNFJTNDJTJGc3ZnJTNFJTNDJTJGZGl2JTNFJTI3JTI5JTNCJTBBJTNDJTJGc2NyaXB0JTNF[\/vc_raw_js][\/vc_column][\/vc_row][vc_row css_animation=&#8221;&#8221; row_type=&#8221;row&#8221; use_row_as_full_screen_section=&#8221;no&#8221; type=&#8221;grid&#8221; angled_section=&#8221;no&#8221; text_align=&#8221;center&#8221; background_image_as_pattern=&#8221;without_pattern&#8221; z_index=&#8221;&#8221;][vc_column][vc_empty_space height=&#8221;40px&#8221;][vc_tabs style=&#8221;horizontal&#8221;][vc_tab title=&#8221;George Town&#8221; tab_id=&#8221;george-town-vi&#8221;][vc_empty_space height=&#8221;70px&#8221; el_class=&#8221;mobile-custom-height&#8221;][vc_row_inner row_type=&#8221;row&#8221; type=&#8221;grid&#8221; text_align=&#8221;left&#8221; css_animation=&#8221;element_from_bottom&#8221;][vc_column_inner width=&#8221;1\/6&#8243;][\/vc_column_inner][vc_column_inner width=&#8221;2\/3&#8243;][vc_single_image image=&#8221;11742&#8243; img_size=&#8221;full&#8221; alignment=&#8221;center&#8221; qode_css_animation=&#8221;&#8221; el_class=&#8221;culture-icon&#8221;][vc_column_text] George...","og_url":"https:\/\/penangglobaltourism.benova.com.my\/vi\/khach-san-o-dao-penang\/","og_site_name":"Penang Global Tourism","article_modified_time":"2023-06-25T11:09:13+00:00","twitter_card":"summary_large_image","twitter_misc":{"Est. reading time":"3 minutes"},"schema":{"@context":"https:\/\/schema.org","@graph":[{"@type":"WebPage","@id":"https:\/\/penangglobaltourism.benova.com.my\/vi\/khach-san-o-dao-penang\/","url":"https:\/\/penangglobaltourism.benova.com.my\/vi\/khach-san-o-dao-penang\/","name":"Kh\u00e1ch s\u1ea1n \u1edf \u0110\u1ea3o Penang - Penang Global Tourism","isPartOf":{"@id":"https:\/\/penangglobaltourism.benova.com.my\/#website"},"datePublished":"2022-05-10T11:30:35+00:00","dateModified":"2023-06-25T11:09:13+00:00","breadcrumb":{"@id":"https:\/\/penangglobaltourism.benova.com.my\/vi\/khach-san-o-dao-penang\/#breadcrumb"},"inLanguage":"vi-VN","potentialAction":[{"@type":"ReadAction","target":["https:\/\/penangglobaltourism.benova.com.my\/vi\/khach-san-o-dao-penang\/"]}]},{"@type":"BreadcrumbList","@id":"https:\/\/penangglobaltourism.benova.com.my\/vi\/khach-san-o-dao-penang\/#breadcrumb","itemListElement":[{"@type":"ListItem","position":1,"name":"Trang ch\u1ee7","item":"https:\/\/penangglobaltourism.benova.com.my\/vi\/"},{"@type":"ListItem","position":2,"name":"Kh\u00e1ch s\u1ea1n \u1edf \u0110\u1ea3o Penang"}]},{"@type":"WebSite","@id":"https:\/\/penangglobaltourism.benova.com.my\/#website","url":"https:\/\/penangglobaltourism.benova.com.my\/","name":"Penang Global Tourism","description":"It\u2019s All In Penang, Experience It","potentialAction":[{"@type":"SearchAction","target":{"@type":"EntryPoint","urlTemplate":"https:\/\/penangglobaltourism.benova.com.my\/?s={search_term_string}"},"query-input":"required name=search_term_string"}],"inLanguage":"vi-VN"}]}},"_links":{"self":[{"href":"https:\/\/penangglobaltourism.benova.com.my\/vi\/wp-json\/wp\/v2\/pages\/21550","targetHints":{"allow":["GET"]}}],"collection":[{"href":"https:\/\/penangglobaltourism.benova.com.my\/vi\/wp-json\/wp\/v2\/pages"}],"about":[{"href":"https:\/\/penangglobaltourism.benova.com.my\/vi\/wp-json\/wp\/v2\/types\/page"}],"author":[{"embeddable":true,"href":"https:\/\/penangglobaltourism.benova.com.my\/vi\/wp-json\/wp\/v2\/users\/14"}],"replies":[{"embeddable":true,"href":"https:\/\/penangglobaltourism.benova.com.my\/vi\/wp-json\/wp\/v2\/comments?post=21550"}],"version-history":[{"count":7,"href":"https:\/\/penangglobaltourism.benova.com.my\/vi\/wp-json\/wp\/v2\/pages\/21550\/revisions"}],"predecessor-version":[{"id":21552,"href":"https:\/\/penangglobaltourism.benova.com.my\/vi\/wp-json\/wp\/v2\/pages\/21550\/revisions\/21552"}],"wp:attachment":[{"href":"https:\/\/penangglobaltourism.benova.com.my\/vi\/wp-json\/wp\/v2\/media?parent=21550"}],"curies":[{"name":"wp","href":"https:\/\/api.w.org\/{rel}","templated":true}]}}