{"id":21925,"date":"2021-07-15T10:19:38","date_gmt":"2021-07-15T02:19:38","guid":{"rendered":"https:\/\/penangglobaltourism.benova.com.my\/overview-of-penang\/"},"modified":"2023-06-27T21:28:39","modified_gmt":"2023-06-27T13:28:39","slug":"thong-tin-chung-ve-penang","status":"publish","type":"page","link":"https:\/\/penangglobaltourism.benova.com.my\/vi\/thong-tin-chung-ve-penang\/","title":{"rendered":"Th\u00f4ng tin chung v\u1ec1 Penang"},"content":{"rendered":"<p>[vc_row css_animation=&#8221;&#8221; row_type=&#8221;row&#8221; use_row_as_full_screen_section=&#8221;no&#8221; type=&#8221;full_width&#8221; angled_section=&#8221;no&#8221; text_align=&#8221;left&#8221; background_image_as_pattern=&#8221;without_pattern&#8221;][vc_column][vc_raw_js]JTNDc2NyaXB0JTNFJTBBalF1ZXJ5JTI4JTI3LmNvbnRlbnRfaW5uZXIlMjAudGl0bGVfb3V0ZXIlMjclMjkuYXBwZW5kJTI4JTI3JTNDZGl2JTIwY2xhc3MlM0QlMjJjdXN0b20tc2hhcGUtZGl2aWRlci1ib3R0b20lMjIlM0UlM0NzdmclMjBkYXRhLW5hbWUlM0QlMjJMYXllciUyMDElMjIlMjB4bWxucyUzRCUyMmh0dHAlM0ElMkYlMkZ3d3cudzMub3JnJTJGMjAwMCUyRnN2ZyUyMiUyMHZpZXdCb3glM0QlMjIwJTIwMCUyMDEyMDAlMjAxMjAlMjIlMjBwcmVzZXJ2ZUFzcGVjdFJhdGlvJTNEJTIybm9uZSUyMiUzRSUzQ3BhdGglMjBjbGFzcyUzRCUyMnNoYXBlLWZpbGwlMjIlMjBkJTNEJTIyTTUyMy45JTJDMTAwLjRMMCUyQzB2MTIwaDEyMDBWMEw2NzQlMkMxMDAuNEM2MjQuNCUyQzEwOS45JTJDNTczLjUlMkMxMDkuOCUyQzUyMy45JTJDMTAwLjR6JTIyJTJGJTNFJTNDJTJGc3ZnJTNFJTNDJTJGZGl2JTNFJTI3JTI5JTNCJTBBJTNDJTJGc2NyaXB0JTNF[\/vc_raw_js][\/vc_column][\/vc_row][vc_row css_animation=&#8221;&#8221; row_type=&#8221;row&#8221; use_row_as_full_screen_section=&#8221;no&#8221; type=&#8221;full_width&#8221; angled_section=&#8221;no&#8221; text_align=&#8221;left&#8221; background_image_as_pattern=&#8221;without_pattern&#8221; z_index=&#8221;&#8221;][vc_column][vc_row_inner row_type=&#8221;row&#8221; type=&#8221;full_width&#8221; text_align=&#8221;left&#8221; css_animation=&#8221;&#8221;][vc_column_inner][vc_empty_space height=&#8221;80px&#8221;][\/vc_column_inner][\/vc_row_inner][vc_row_inner row_type=&#8221;row&#8221; type=&#8221;grid&#8221; text_align=&#8221;left&#8221; css_animation=&#8221;&#8221;][vc_column_inner el_class=&#8221;overview-div&#8221;][vc_single_image image=&#8221;4869&#8243; img_size=&#8221;full&#8221; alignment=&#8221;center&#8221; qode_css_animation=&#8221;element_from_fade&#8221; qode_hover_animation=&#8221;zoom_in&#8221; el_class=&#8221;img-border-radius&#8221;][vc_empty_space][vc_column_text el_class=&#8221;overview-content&#8221;]<\/p>\n<p style=\"font-size: 16px; text-align: justify;\"><span style=\"font-weight: 400;\">N\u1eb1m tr\u00ean b\u1edd bi\u1ec3n ph\u00eda t\u00e2y b\u1eafc c\u1ee7a Malaysia, Penang l\u00e0 n\u01a1i c\u00f3 \u1ea9m th\u1ef1c \u0111\u01b0\u1eddng ph\u1ed1 n\u1ed5i ti\u1ebfng, Di s\u1ea3n Th\u1ebf gi\u1edbi do UNESCO c\u00f4ng nh\u1eadn, c\u1ea3nh t\u01b0\u1ee3ng ngh\u1ec7 thu\u1eadt \u0111\u01b0\u1eddng ph\u1ed1 tuy\u1ec7t \u0111\u1eb9p, c\u00e1c l\u1ec5 h\u1ed9i quanh n\u0103m, nhi\u1ec1u \u0111i\u1ec3m tham quan \u0111\u1eb3ng c\u1ea5p th\u1ebf gi\u1edbi v\u00e0 khu r\u1eebng nhi\u1ec7t \u0111\u1edbi c\u1ed5 \u0111\u1ea1i 130 tri\u1ec7u n\u0103m tu\u1ed5i, th\u1eadm ch\u00ed c\u00f2n l\u00e2u \u0111\u1eddi h\u01a1n c\u1ea3 Amazon, \u0111\u01b0\u1ee3c UNESCO c\u00f4ng nh\u1eadn. S\u1edf h\u1eefu v\u0103n h\u00f3a, di s\u1ea3n, ngh\u1ec7 thu\u1eadt, \u1ea9m th\u1ef1c \u0111a d\u1ea1ng c\u00f9ng m\u00f4i tr\u01b0\u1eddng t\u1ef1 nhi\u00ean xung quanh v\u1edbi nhi\u1ec1u b\u00e3i bi\u1ec3n xinh \u0111\u1eb9p v\u00e0 phong c\u1ea3nh ngo\u1ea1n m\u1ee5c tr\u00ean \u0111\u1ed3i, Penang thu h\u00fat h\u00e0ng tri\u1ec7u kh\u00e1ch du l\u1ecbch m\u1ed7i n\u0103m v\u00e0 tr\u1edf th\u00e0nh m\u1ed9t trong nh\u1eefng \u0111i\u1ec3m du l\u1ecbch kh\u00f4ng th\u1ec3 b\u1ecf qua tr\u00ean th\u1ebf gi\u1edbi.<\/span><\/p>\n<p>&nbsp;<\/p>\n<p style=\"font-size: 16px; text-align: justify;\"><span style=\"font-weight: 400;\">Bang Penang s\u00f4i \u0111\u1ed9ng g\u1ed3m c\u00f3 hai ph\u1ea7n: \u0110\u1ea3o Penang, n\u01a1i c\u00f3 th\u1ee7 ph\u1ee7 George Town v\u00e0 m\u1ed9t d\u1ea3i \u0111\u1ea5t li\u1ec1n tr\u00ean b\u00e1n \u0111\u1ea3o t\u00ean l\u00e0 Seberang Perai. Th\u00e0nh ph\u1ed1 George Town, Di s\u1ea3n Th\u1ebf gi\u1edbi do UNESCO c\u00f4ng nh\u1eadn, n\u1eb1m \u1edf ph\u00eda \u0111\u00f4ng b\u1eafc c\u1ee7a h\u00f2n \u0111\u1ea3o. Ph\u1ea7n l\u1edbn \u0111\u1ecba h\u00ecnh c\u00f3 nhi\u1ec1u c\u00e2y xanh h\u01a1n n\u1eb1m \u1edf trung t\u00e2m \u0111\u1ed3i n\u00fai c\u1ee7a h\u00f2n \u0111\u1ea3o, n\u01a1i c\u00f3 Khu D\u1ef1 tr\u1eef Sinh quy\u1ec3n Penang Hill do UNESCO c\u00f4ng nh\u1eadn, v\u00e0 ph\u1ea7n \u0111\u1ea5t li\u1ec1n. Kh\u00e1ch s\u1ea1n ngh\u1ec9 d\u01b0\u1ee1ng v\u00e0 khu d\u00e2n c\u01b0 n\u1eb1m d\u1ecdc nh\u1eefng b\u00e3i bi\u1ec3n h\u1eb9p \u0111\u1ea7y c\u00e1t Batu Ferringhi, Tanjung Bungah v\u00e0 Tanjung Tokong. Balik Pulau, m\u1ed9t v\u00f9ng qu\u00ea tuy\u1ec7t \u0111\u1eb9p, n\u1eb1m \u1edf ph\u00eda t\u00e2y nam c\u1ee7a Penang. Khu c\u00f4ng nghi\u1ec7p t\u1ef1 do Bayan Lepas, n\u1eb1m \u1edf m\u0169i ph\u00eda \u0111\u00f4ng nam c\u1ee7a Penang, \u0111\u01b0\u1ee3c m\u1ec7nh danh l\u00e0 Thung l\u0169ng Silicon c\u1ee7a ph\u01b0\u01a1ng \u0110\u00f4ng nh\u1edd trung t\u00e2m c\u00f4ng nghi\u1ec7p ph\u00e1t tri\u1ec3n m\u1ea1nh \u1edf \u0111\u00e2y. \u0110\u1ea3o Penang n\u1ed1i v\u1edbi Seberang Perai (hay \u201c\u0111\u1ea5t li\u1ec1n\u201d nh\u01b0 c\u00e1ch g\u1ecdi tr\u00ecu m\u1ebfn c\u1ee7a ng\u01b0\u1eddi d\u00e2n \u1edf Penang) b\u1eb1ng hai c\u00e2y c\u1ea7u. Th\u1ecb tr\u1ea5n ch\u00ednh \u1edf Seberang Perai l\u00e0 Butterworth, ti\u1ebfp theo l\u00e0 Bukit Mertajam v\u00e0 Nibong Tebal.<\/span><\/p>\n<p>[\/vc_column_text][\/vc_column_inner][\/vc_row_inner][vc_row_inner row_type=&#8221;row&#8221; type=&#8221;full_width&#8221; text_align=&#8221;left&#8221; css_animation=&#8221;&#8221;][vc_column_inner][vc_empty_space height=&#8221;80px&#8221;][\/vc_column_inner][\/vc_row_inner][\/vc_column][\/vc_row]<\/p>\n","protected":false},"excerpt":{"rendered":"<p>[vc_row css_animation=&#8221;&#8221; row_type=&#8221;row&#8221; use_row_as_full_screen_section=&#8221;no&#8221; type=&#8221;full_width&#8221; angled_section=&#8221;no&#8221; text_align=&#8221;left&#8221; background_image_as_pattern=&#8221;without_pattern&#8221;][vc_column][vc_raw_js]JTNDc2NyaXB0JTNFJTBBalF1ZXJ5JTI4JTI3LmNvbnRlbnRfaW5uZXIlMjAudGl0bGVfb3V0ZXIlMjclMjkuYXBwZW5kJTI4JTI3JTNDZGl2JTIwY2xhc3MlM0QlMjJjdXN0b20tc2hhcGUtZGl2aWRlci1ib3R0b20lMjIlM0UlM0NzdmclMjBkYXRhLW5hbWUlM0QlMjJMYXllciUyMDElMjIlMjB4bWxucyUzRCUyMmh0dHAlM0ElMkYlMkZ3d3cudzMub3JnJTJGMjAwMCUyRnN2ZyUyMiUyMHZpZXdCb3glM0QlMjIwJTIwMCUyMDEyMDAlMjAxMjAlMjIlMjBwcmVzZXJ2ZUFzcGVjdFJhdGlvJTNEJTIybm9uZSUyMiUzRSUzQ3BhdGglMjBjbGFzcyUzRCUyMnNoYXBlLWZpbGwlMjIlMjBkJTNEJTIyTTUyMy45JTJDMTAwLjRMMCUyQzB2MTIwaDEyMDBWMEw2NzQlMkMxMDAuNEM2MjQuNCUyQzEwOS45JTJDNTczLjUlMkMxMDkuOCUyQzUyMy45JTJDMTAwLjR6JTIyJTJGJTNFJTNDJTJGc3ZnJTNFJTNDJTJGZGl2JTNFJTI3JTI5JTNCJTBBJTNDJTJGc2NyaXB0JTNF[\/vc_raw_js][\/vc_column][\/vc_row][vc_row css_animation=&#8221;&#8221; row_type=&#8221;row&#8221; use_row_as_full_screen_section=&#8221;no&#8221; type=&#8221;full_width&#8221; angled_section=&#8221;no&#8221; text_align=&#8221;left&#8221; background_image_as_pattern=&#8221;without_pattern&#8221; z_index=&#8221;&#8221;][vc_column][vc_row_inner row_type=&#8221;row&#8221; type=&#8221;full_width&#8221; text_align=&#8221;left&#8221; css_animation=&#8221;&#8221;][vc_column_inner][vc_empty_space height=&#8221;80px&#8221;][\/vc_column_inner][\/vc_row_inner][vc_row_inner row_type=&#8221;row&#8221; type=&#8221;grid&#8221; text_align=&#8221;left&#8221; css_animation=&#8221;&#8221;][vc_column_inner el_class=&#8221;overview-div&#8221;][vc_single_image image=&#8221;4869&#8243; img_size=&#8221;full&#8221; alignment=&#8221;center&#8221; qode_css_animation=&#8221;element_from_fade&#8221; qode_hover_animation=&#8221;zoom_in&#8221; el_class=&#8221;img-border-radius&#8221;][vc_empty_space][vc_column_text el_class=&#8221;overview-content&#8221;] N\u1eb1m tr\u00ean&#8230;<\/p>\n","protected":false},"author":2,"featured_media":0,"parent":0,"menu_order":0,"comment_status":"closed","ping_status":"closed","template":"full_width.php","meta":{"inline_featured_image":false,"footnotes":""},"class_list":["post-21925","page","type-page","status-publish","hentry"],"yoast_head":"<!-- This site is optimized with the Yoast SEO plugin v20.8 - https:\/\/yoast.com\/wordpress\/plugins\/seo\/ -->\n<title>Th\u00f4ng tin chung v\u1ec1 Penang - Penang Global Tourism<\/title>\n<meta name=\"robots\" content=\"noindex, follow, max-snippet:-1, max-image-preview:large, max-video-preview:-1\" \/>\n<meta property=\"og:locale\" content=\"vi_VN\" \/>\n<meta property=\"og:type\" content=\"article\" \/>\n<meta property=\"og:title\" content=\"Th\u00f4ng tin chung v\u1ec1 Penang - Penang Global Tourism\" \/>\n<meta property=\"og:description\" content=\"[vc_row css_animation=&#8221;&#8221; row_type=&#8221;row&#8221; use_row_as_full_screen_section=&#8221;no&#8221; type=&#8221;full_width&#8221; angled_section=&#8221;no&#8221; text_align=&#8221;left&#8221; background_image_as_pattern=&#8221;without_pattern&#8221;][vc_column][vc_raw_js]JTNDc2NyaXB0JTNFJTBBalF1ZXJ5JTI4JTI3LmNvbnRlbnRfaW5uZXIlMjAudGl0bGVfb3V0ZXIlMjclMjkuYXBwZW5kJTI4JTI3JTNDZGl2JTIwY2xhc3MlM0QlMjJjdXN0b20tc2hhcGUtZGl2aWRlci1ib3R0b20lMjIlM0UlM0NzdmclMjBkYXRhLW5hbWUlM0QlMjJMYXllciUyMDElMjIlMjB4bWxucyUzRCUyMmh0dHAlM0ElMkYlMkZ3d3cudzMub3JnJTJGMjAwMCUyRnN2ZyUyMiUyMHZpZXdCb3glM0QlMjIwJTIwMCUyMDEyMDAlMjAxMjAlMjIlMjBwcmVzZXJ2ZUFzcGVjdFJhdGlvJTNEJTIybm9uZSUyMiUzRSUzQ3BhdGglMjBjbGFzcyUzRCUyMnNoYXBlLWZpbGwlMjIlMjBkJTNEJTIyTTUyMy45JTJDMTAwLjRMMCUyQzB2MTIwaDEyMDBWMEw2NzQlMkMxMDAuNEM2MjQuNCUyQzEwOS45JTJDNTczLjUlMkMxMDkuOCUyQzUyMy45JTJDMTAwLjR6JTIyJTJGJTNFJTNDJTJGc3ZnJTNFJTNDJTJGZGl2JTNFJTI3JTI5JTNCJTBBJTNDJTJGc2NyaXB0JTNF[\/vc_raw_js][\/vc_column][\/vc_row][vc_row css_animation=&#8221;&#8221; row_type=&#8221;row&#8221; use_row_as_full_screen_section=&#8221;no&#8221; type=&#8221;full_width&#8221; angled_section=&#8221;no&#8221; text_align=&#8221;left&#8221; background_image_as_pattern=&#8221;without_pattern&#8221; z_index=&#8221;&#8221;][vc_column][vc_row_inner row_type=&#8221;row&#8221; type=&#8221;full_width&#8221; text_align=&#8221;left&#8221; css_animation=&#8221;&#8221;][vc_column_inner][vc_empty_space height=&#8221;80px&#8221;][\/vc_column_inner][\/vc_row_inner][vc_row_inner row_type=&#8221;row&#8221; type=&#8221;grid&#8221; text_align=&#8221;left&#8221; css_animation=&#8221;&#8221;][vc_column_inner el_class=&#8221;overview-div&#8221;][vc_single_image image=&#8221;4869&#8243; img_size=&#8221;full&#8221; alignment=&#8221;center&#8221; qode_css_animation=&#8221;element_from_fade&#8221; qode_hover_animation=&#8221;zoom_in&#8221; el_class=&#8221;img-border-radius&#8221;][vc_empty_space][vc_column_text el_class=&#8221;overview-content&#8221;] N\u1eb1m tr\u00ean...\" \/>\n<meta property=\"og:url\" content=\"https:\/\/penangglobaltourism.benova.com.my\/vi\/thong-tin-chung-ve-penang\/\" \/>\n<meta property=\"og:site_name\" content=\"Penang Global Tourism\" \/>\n<meta property=\"article:modified_time\" content=\"2023-06-27T13:28:39+00:00\" \/>\n<meta name=\"twitter:card\" content=\"summary_large_image\" \/>\n<meta name=\"twitter:label1\" content=\"Est. reading time\" \/>\n\t<meta name=\"twitter:data1\" content=\"2 minutes\" \/>\n<script type=\"application\/ld+json\" class=\"yoast-schema-graph\">{\"@context\":\"https:\/\/schema.org\",\"@graph\":[{\"@type\":\"WebPage\",\"@id\":\"https:\/\/penangglobaltourism.benova.com.my\/vi\/thong-tin-chung-ve-penang\/\",\"url\":\"https:\/\/penangglobaltourism.benova.com.my\/vi\/thong-tin-chung-ve-penang\/\",\"name\":\"Th\u00f4ng tin chung v\u1ec1 Penang - Penang Global Tourism\",\"isPartOf\":{\"@id\":\"https:\/\/penangglobaltourism.benova.com.my\/#website\"},\"datePublished\":\"2021-07-15T02:19:38+00:00\",\"dateModified\":\"2023-06-27T13:28:39+00:00\",\"breadcrumb\":{\"@id\":\"https:\/\/penangglobaltourism.benova.com.my\/vi\/thong-tin-chung-ve-penang\/#breadcrumb\"},\"inLanguage\":\"vi-VN\",\"potentialAction\":[{\"@type\":\"ReadAction\",\"target\":[\"https:\/\/penangglobaltourism.benova.com.my\/vi\/thong-tin-chung-ve-penang\/\"]}]},{\"@type\":\"BreadcrumbList\",\"@id\":\"https:\/\/penangglobaltourism.benova.com.my\/vi\/thong-tin-chung-ve-penang\/#breadcrumb\",\"itemListElement\":[{\"@type\":\"ListItem\",\"position\":1,\"name\":\"Trang ch\u1ee7\",\"item\":\"https:\/\/penangglobaltourism.benova.com.my\/vi\/\"},{\"@type\":\"ListItem\",\"position\":2,\"name\":\"Th\u00f4ng tin chung v\u1ec1 Penang\"}]},{\"@type\":\"WebSite\",\"@id\":\"https:\/\/penangglobaltourism.benova.com.my\/#website\",\"url\":\"https:\/\/penangglobaltourism.benova.com.my\/\",\"name\":\"Penang Global Tourism\",\"description\":\"It\u2019s All In Penang, Experience It\",\"potentialAction\":[{\"@type\":\"SearchAction\",\"target\":{\"@type\":\"EntryPoint\",\"urlTemplate\":\"https:\/\/penangglobaltourism.benova.com.my\/?s={search_term_string}\"},\"query-input\":\"required name=search_term_string\"}],\"inLanguage\":\"vi-VN\"}]}<\/script>\n<!-- \/ Yoast SEO plugin. -->","yoast_head_json":{"title":"Th\u00f4ng tin chung v\u1ec1 Penang - Penang Global Tourism","robots":{"index":"noindex","follow":"follow","max-snippet":"max-snippet:-1","max-image-preview":"max-image-preview:large","max-video-preview":"max-video-preview:-1"},"og_locale":"vi_VN","og_type":"article","og_title":"Th\u00f4ng tin chung v\u1ec1 Penang - Penang Global Tourism","og_description":"[vc_row css_animation=&#8221;&#8221; row_type=&#8221;row&#8221; use_row_as_full_screen_section=&#8221;no&#8221; type=&#8221;full_width&#8221; angled_section=&#8221;no&#8221; text_align=&#8221;left&#8221; background_image_as_pattern=&#8221;without_pattern&#8221;][vc_column][vc_raw_js]JTNDc2NyaXB0JTNFJTBBalF1ZXJ5JTI4JTI3LmNvbnRlbnRfaW5uZXIlMjAudGl0bGVfb3V0ZXIlMjclMjkuYXBwZW5kJTI4JTI3JTNDZGl2JTIwY2xhc3MlM0QlMjJjdXN0b20tc2hhcGUtZGl2aWRlci1ib3R0b20lMjIlM0UlM0NzdmclMjBkYXRhLW5hbWUlM0QlMjJMYXllciUyMDElMjIlMjB4bWxucyUzRCUyMmh0dHAlM0ElMkYlMkZ3d3cudzMub3JnJTJGMjAwMCUyRnN2ZyUyMiUyMHZpZXdCb3glM0QlMjIwJTIwMCUyMDEyMDAlMjAxMjAlMjIlMjBwcmVzZXJ2ZUFzcGVjdFJhdGlvJTNEJTIybm9uZSUyMiUzRSUzQ3BhdGglMjBjbGFzcyUzRCUyMnNoYXBlLWZpbGwlMjIlMjBkJTNEJTIyTTUyMy45JTJDMTAwLjRMMCUyQzB2MTIwaDEyMDBWMEw2NzQlMkMxMDAuNEM2MjQuNCUyQzEwOS45JTJDNTczLjUlMkMxMDkuOCUyQzUyMy45JTJDMTAwLjR6JTIyJTJGJTNFJTNDJTJGc3ZnJTNFJTNDJTJGZGl2JTNFJTI3JTI5JTNCJTBBJTNDJTJGc2NyaXB0JTNF[\/vc_raw_js][\/vc_column][\/vc_row][vc_row css_animation=&#8221;&#8221; row_type=&#8221;row&#8221; use_row_as_full_screen_section=&#8221;no&#8221; type=&#8221;full_width&#8221; angled_section=&#8221;no&#8221; text_align=&#8221;left&#8221; background_image_as_pattern=&#8221;without_pattern&#8221; z_index=&#8221;&#8221;][vc_column][vc_row_inner row_type=&#8221;row&#8221; type=&#8221;full_width&#8221; text_align=&#8221;left&#8221; css_animation=&#8221;&#8221;][vc_column_inner][vc_empty_space height=&#8221;80px&#8221;][\/vc_column_inner][\/vc_row_inner][vc_row_inner row_type=&#8221;row&#8221; type=&#8221;grid&#8221; text_align=&#8221;left&#8221; css_animation=&#8221;&#8221;][vc_column_inner el_class=&#8221;overview-div&#8221;][vc_single_image image=&#8221;4869&#8243; img_size=&#8221;full&#8221; alignment=&#8221;center&#8221; qode_css_animation=&#8221;element_from_fade&#8221; qode_hover_animation=&#8221;zoom_in&#8221; el_class=&#8221;img-border-radius&#8221;][vc_empty_space][vc_column_text el_class=&#8221;overview-content&#8221;] N\u1eb1m tr\u00ean...","og_url":"https:\/\/penangglobaltourism.benova.com.my\/vi\/thong-tin-chung-ve-penang\/","og_site_name":"Penang Global Tourism","article_modified_time":"2023-06-27T13:28:39+00:00","twitter_card":"summary_large_image","twitter_misc":{"Est. reading time":"2 minutes"},"schema":{"@context":"https:\/\/schema.org","@graph":[{"@type":"WebPage","@id":"https:\/\/penangglobaltourism.benova.com.my\/vi\/thong-tin-chung-ve-penang\/","url":"https:\/\/penangglobaltourism.benova.com.my\/vi\/thong-tin-chung-ve-penang\/","name":"Th\u00f4ng tin chung v\u1ec1 Penang - Penang Global Tourism","isPartOf":{"@id":"https:\/\/penangglobaltourism.benova.com.my\/#website"},"datePublished":"2021-07-15T02:19:38+00:00","dateModified":"2023-06-27T13:28:39+00:00","breadcrumb":{"@id":"https:\/\/penangglobaltourism.benova.com.my\/vi\/thong-tin-chung-ve-penang\/#breadcrumb"},"inLanguage":"vi-VN","potentialAction":[{"@type":"ReadAction","target":["https:\/\/penangglobaltourism.benova.com.my\/vi\/thong-tin-chung-ve-penang\/"]}]},{"@type":"BreadcrumbList","@id":"https:\/\/penangglobaltourism.benova.com.my\/vi\/thong-tin-chung-ve-penang\/#breadcrumb","itemListElement":[{"@type":"ListItem","position":1,"name":"Trang ch\u1ee7","item":"https:\/\/penangglobaltourism.benova.com.my\/vi\/"},{"@type":"ListItem","position":2,"name":"Th\u00f4ng tin chung v\u1ec1 Penang"}]},{"@type":"WebSite","@id":"https:\/\/penangglobaltourism.benova.com.my\/#website","url":"https:\/\/penangglobaltourism.benova.com.my\/","name":"Penang Global Tourism","description":"It\u2019s All In Penang, Experience It","potentialAction":[{"@type":"SearchAction","target":{"@type":"EntryPoint","urlTemplate":"https:\/\/penangglobaltourism.benova.com.my\/?s={search_term_string}"},"query-input":"required name=search_term_string"}],"inLanguage":"vi-VN"}]}},"_links":{"self":[{"href":"https:\/\/penangglobaltourism.benova.com.my\/vi\/wp-json\/wp\/v2\/pages\/21925","targetHints":{"allow":["GET"]}}],"collection":[{"href":"https:\/\/penangglobaltourism.benova.com.my\/vi\/wp-json\/wp\/v2\/pages"}],"about":[{"href":"https:\/\/penangglobaltourism.benova.com.my\/vi\/wp-json\/wp\/v2\/types\/page"}],"author":[{"embeddable":true,"href":"https:\/\/penangglobaltourism.benova.com.my\/vi\/wp-json\/wp\/v2\/users\/2"}],"replies":[{"embeddable":true,"href":"https:\/\/penangglobaltourism.benova.com.my\/vi\/wp-json\/wp\/v2\/comments?post=21925"}],"version-history":[{"count":2,"href":"https:\/\/penangglobaltourism.benova.com.my\/vi\/wp-json\/wp\/v2\/pages\/21925\/revisions"}],"predecessor-version":[{"id":21927,"href":"https:\/\/penangglobaltourism.benova.com.my\/vi\/wp-json\/wp\/v2\/pages\/21925\/revisions\/21927"}],"wp:attachment":[{"href":"https:\/\/penangglobaltourism.benova.com.my\/vi\/wp-json\/wp\/v2\/media?parent=21925"}],"curies":[{"name":"wp","href":"https:\/\/api.w.org\/{rel}","templated":true}]}}