{"id":21935,"date":"2021-07-15T10:20:11","date_gmt":"2021-07-15T10:20:11","guid":{"rendered":"https:\/\/penangglobaltourism.benova.com.my\/getting-to-penang\/"},"modified":"2023-06-27T21:42:42","modified_gmt":"2023-06-27T13:42:42","slug":"den-penang","status":"publish","type":"page","link":"https:\/\/penangglobaltourism.benova.com.my\/vi\/den-penang\/","title":{"rendered":"\u0110\u1ebfn Penang"},"content":{"rendered":"<p>[vc_row css_animation=&#8221;&#8221; row_type=&#8221;row&#8221; use_row_as_full_screen_section=&#8221;no&#8221; type=&#8221;full_width&#8221; angled_section=&#8221;no&#8221; text_align=&#8221;left&#8221; background_image_as_pattern=&#8221;without_pattern&#8221;][vc_column][vc_raw_js]JTNDc2NyaXB0JTNFJTBBalF1ZXJ5JTI4JTI3LmNvbnRlbnRfaW5uZXIlMjAudGl0bGVfb3V0ZXIlMjclMjkuYXBwZW5kJTI4JTI3JTNDZGl2JTIwY2xhc3MlM0QlMjJjdXN0b20tc2hhcGUtZGl2aWRlci1ib3R0b20lMjIlM0UlM0NzdmclMjBkYXRhLW5hbWUlM0QlMjJMYXllciUyMDElMjIlMjB4bWxucyUzRCUyMmh0dHAlM0ElMkYlMkZ3d3cudzMub3JnJTJGMjAwMCUyRnN2ZyUyMiUyMHZpZXdCb3glM0QlMjIwJTIwMCUyMDEyMDAlMjAxMjAlMjIlMjBwcmVzZXJ2ZUFzcGVjdFJhdGlvJTNEJTIybm9uZSUyMiUzRSUzQ3BhdGglMjBjbGFzcyUzRCUyMnNoYXBlLWZpbGwlMjIlMjBkJTNEJTIyTTUyMy45JTJDMTAwLjRMMCUyQzB2MTIwaDEyMDBWMEw2NzQlMkMxMDAuNEM2MjQuNCUyQzEwOS45JTJDNTczLjUlMkMxMDkuOCUyQzUyMy45JTJDMTAwLjR6JTIyJTJGJTNFJTNDJTJGc3ZnJTNFJTNDJTJGZGl2JTNFJTI3JTI5JTNCJTBBJTNDJTJGc2NyaXB0JTNF[\/vc_raw_js][\/vc_column][\/vc_row][vc_row css_animation=&#8221;&#8221; row_type=&#8221;row&#8221; use_row_as_full_screen_section=&#8221;no&#8221; type=&#8221;grid&#8221; angled_section=&#8221;no&#8221; text_align=&#8221;left&#8221; background_image_as_pattern=&#8221;without_pattern&#8221; z_index=&#8221;&#8221;][vc_column width=&#8221;1\/6&#8243;][\/vc_column][vc_column width=&#8221;2\/3&#8243;][vc_empty_space height=&#8221;80px&#8221;][vc_single_image image=&#8221;11542&#8243; img_size=&#8221;full&#8221; alignment=&#8221;center&#8221; qode_css_animation=&#8221;element_from_fade&#8221; qode_hover_animation=&#8221;zoom_in&#8221; el_class=&#8221;img-border-radius&#8221;][vc_empty_space][vc_column_text el_class=&#8221;connectivity-text&#8221;]<\/p>\n<div style=\"text-align: justify;\">\n<p><b>Di chuy\u1ec3n<\/b><\/p>\n<p><span style=\"font-weight: 400;\">Du kh\u00e1ch n\u01b0\u1edbc ngo\u00e0i th\u01b0\u1eddng ch\u1ecdn bay n\u1ed1i chuy\u1ebfn \u0111\u1ebfn Penang t\u1eeb hai s\u00e2n bay ch\u00ednh ho\u1ea1t \u0111\u1ed9ng \u1edf Sepang \u2013 KLIA (S\u00e2n bay Qu\u1ed1c t\u1ebf Kuala Lumpur) v\u00e0 KLIA2 (S\u00e2n bay Qu\u1ed1c t\u1ebf Kuala Lumpur 2), v\u00e0 m\u1ed9t s\u00e2n bay kh\u00e1c trong th\u00e0nh ph\u1ed1 \u2013 S\u00e2n bay Sultan Abdul Aziz Shah \u1edf Subang. Du kh\u00e1ch c\u0169ng c\u00f3 th\u1ec3 ch\u1ecdn nhi\u1ec1u chuy\u1ebfn bay n\u1ed9i \u0111\u1ecba \u0111\u1ebfn Penang t\u1eeb c\u00e1c bang kh\u00e1c c\u1ee7a Malaysia, v\u00ed d\u1ee5 nh\u01b0 t\u1eeb Kedah (Langkawi), Johor (Johor Bahru), Sabah (Kota Kinabalu), Kelantan (Kota Bharu) v\u00e0 Sarawak (Kuching).<\/span><\/p>\n<p>&nbsp;<\/p>\n<p><span style=\"font-weight: 400;\">S\u00e2n bay Qu\u1ed1c t\u1ebf Penang \u1edf Bayan Lepas s\u1eafp m\u1edf r\u1ed9ng quy m\u00f4. D\u1ef1 \u00e1n m\u1edf r\u1ed9ng n\u00e0y bao g\u1ed3m b\u1ed1n giai \u0111o\u1ea1n v\u00e0 d\u1ef1 ki\u1ebfn ho\u00e0n th\u00e0nh sau kho\u1ea3ng 48 \u0111\u1ebfn 60 th\u00e1ng. Hi\u1ec7n t\u1ea1i, d\u1ef1 \u00e1n \u0111ang t\u1ea1m d\u1eebng \u0111\u1ec3 ch\u1edd ho\u00e0n thi\u1ec7n K\u1ebf ho\u1ea1ch chi\u1ebfn l\u01b0\u1ee3c s\u00e2n bay qu\u1ed1c gia (NASP). Nghi\u00ean c\u1ee9u v\u1ec1 vi\u1ec7c ph\u00e1t tri\u1ec3n s\u00e2n bay NASP d\u1ef1 ki\u1ebfn s\u1ebd ho\u00e0n th\u00e0nh v\u00e0o n\u0103m 2023, ph\u00f9 h\u1ee3p v\u1edbi Ch\u00ednh s\u00e1ch giao th\u00f4ng v\u1eadn t\u1ea3i qu\u1ed1c gia. D\u1ef1 \u00e1n n\u00e0y \u01b0\u1edbc t\u00ednh s\u1ebd gia t\u0103ng s\u1ee9c ch\u1ee9a t\u1eeb 6,5 tri\u1ec7u l\u00ean 25 tri\u1ec7u h\u00e0nh kh\u00e1ch m\u1ed9t n\u0103m.<\/span><\/p>\n<p>&nbsp;<\/p>\n<\/div>\n<p>[\/vc_column_text][vc_empty_space height=&#8221;150px&#8221;][\/vc_column][vc_column width=&#8221;1\/6&#8243;][\/vc_column][\/vc_row]<\/p>\n","protected":false},"excerpt":{"rendered":"<p>[vc_row css_animation=&#8221;&#8221; row_type=&#8221;row&#8221; use_row_as_full_screen_section=&#8221;no&#8221; type=&#8221;full_width&#8221; angled_section=&#8221;no&#8221; text_align=&#8221;left&#8221; background_image_as_pattern=&#8221;without_pattern&#8221;][vc_column][vc_raw_js]JTNDc2NyaXB0JTNFJTBBalF1ZXJ5JTI4JTI3LmNvbnRlbnRfaW5uZXIlMjAudGl0bGVfb3V0ZXIlMjclMjkuYXBwZW5kJTI4JTI3JTNDZGl2JTIwY2xhc3MlM0QlMjJjdXN0b20tc2hhcGUtZGl2aWRlci1ib3R0b20lMjIlM0UlM0NzdmclMjBkYXRhLW5hbWUlM0QlMjJMYXllciUyMDElMjIlMjB4bWxucyUzRCUyMmh0dHAlM0ElMkYlMkZ3d3cudzMub3JnJTJGMjAwMCUyRnN2ZyUyMiUyMHZpZXdCb3glM0QlMjIwJTIwMCUyMDEyMDAlMjAxMjAlMjIlMjBwcmVzZXJ2ZUFzcGVjdFJhdGlvJTNEJTIybm9uZSUyMiUzRSUzQ3BhdGglMjBjbGFzcyUzRCUyMnNoYXBlLWZpbGwlMjIlMjBkJTNEJTIyTTUyMy45JTJDMTAwLjRMMCUyQzB2MTIwaDEyMDBWMEw2NzQlMkMxMDAuNEM2MjQuNCUyQzEwOS45JTJDNTczLjUlMkMxMDkuOCUyQzUyMy45JTJDMTAwLjR6JTIyJTJGJTNFJTNDJTJGc3ZnJTNFJTNDJTJGZGl2JTNFJTI3JTI5JTNCJTBBJTNDJTJGc2NyaXB0JTNF[\/vc_raw_js][\/vc_column][\/vc_row][vc_row css_animation=&#8221;&#8221; row_type=&#8221;row&#8221; use_row_as_full_screen_section=&#8221;no&#8221; type=&#8221;grid&#8221; angled_section=&#8221;no&#8221; text_align=&#8221;left&#8221; background_image_as_pattern=&#8221;without_pattern&#8221; z_index=&#8221;&#8221;][vc_column width=&#8221;1\/6&#8243;][\/vc_column][vc_column width=&#8221;2\/3&#8243;][vc_empty_space height=&#8221;80px&#8221;][vc_single_image image=&#8221;11542&#8243; img_size=&#8221;full&#8221; alignment=&#8221;center&#8221; qode_css_animation=&#8221;element_from_fade&#8221; qode_hover_animation=&#8221;zoom_in&#8221; el_class=&#8221;img-border-radius&#8221;][vc_empty_space][vc_column_text el_class=&#8221;connectivity-text&#8221;] Di chuy\u1ec3n Du kh\u00e1ch n\u01b0\u1edbc ngo\u00e0i th\u01b0\u1eddng ch\u1ecdn bay&#8230;<\/p>\n","protected":false},"author":2,"featured_media":0,"parent":0,"menu_order":0,"comment_status":"closed","ping_status":"closed","template":"full_width.php","meta":{"inline_featured_image":false,"footnotes":""},"class_list":["post-21935","page","type-page","status-publish","hentry"],"yoast_head":"<!-- This site is optimized with the Yoast SEO plugin v20.8 - https:\/\/yoast.com\/wordpress\/plugins\/seo\/ -->\n<title>\u0110\u1ebfn Penang - Penang Global Tourism<\/title>\n<meta name=\"robots\" content=\"noindex, follow, max-snippet:-1, max-image-preview:large, max-video-preview:-1\" \/>\n<meta property=\"og:locale\" content=\"vi_VN\" \/>\n<meta property=\"og:type\" content=\"article\" \/>\n<meta property=\"og:title\" content=\"\u0110\u1ebfn Penang - Penang Global Tourism\" \/>\n<meta property=\"og:description\" content=\"[vc_row css_animation=&#8221;&#8221; row_type=&#8221;row&#8221; use_row_as_full_screen_section=&#8221;no&#8221; type=&#8221;full_width&#8221; angled_section=&#8221;no&#8221; text_align=&#8221;left&#8221; background_image_as_pattern=&#8221;without_pattern&#8221;][vc_column][vc_raw_js]JTNDc2NyaXB0JTNFJTBBalF1ZXJ5JTI4JTI3LmNvbnRlbnRfaW5uZXIlMjAudGl0bGVfb3V0ZXIlMjclMjkuYXBwZW5kJTI4JTI3JTNDZGl2JTIwY2xhc3MlM0QlMjJjdXN0b20tc2hhcGUtZGl2aWRlci1ib3R0b20lMjIlM0UlM0NzdmclMjBkYXRhLW5hbWUlM0QlMjJMYXllciUyMDElMjIlMjB4bWxucyUzRCUyMmh0dHAlM0ElMkYlMkZ3d3cudzMub3JnJTJGMjAwMCUyRnN2ZyUyMiUyMHZpZXdCb3glM0QlMjIwJTIwMCUyMDEyMDAlMjAxMjAlMjIlMjBwcmVzZXJ2ZUFzcGVjdFJhdGlvJTNEJTIybm9uZSUyMiUzRSUzQ3BhdGglMjBjbGFzcyUzRCUyMnNoYXBlLWZpbGwlMjIlMjBkJTNEJTIyTTUyMy45JTJDMTAwLjRMMCUyQzB2MTIwaDEyMDBWMEw2NzQlMkMxMDAuNEM2MjQuNCUyQzEwOS45JTJDNTczLjUlMkMxMDkuOCUyQzUyMy45JTJDMTAwLjR6JTIyJTJGJTNFJTNDJTJGc3ZnJTNFJTNDJTJGZGl2JTNFJTI3JTI5JTNCJTBBJTNDJTJGc2NyaXB0JTNF[\/vc_raw_js][\/vc_column][\/vc_row][vc_row css_animation=&#8221;&#8221; row_type=&#8221;row&#8221; use_row_as_full_screen_section=&#8221;no&#8221; type=&#8221;grid&#8221; angled_section=&#8221;no&#8221; text_align=&#8221;left&#8221; background_image_as_pattern=&#8221;without_pattern&#8221; z_index=&#8221;&#8221;][vc_column width=&#8221;1\/6&#8243;][\/vc_column][vc_column width=&#8221;2\/3&#8243;][vc_empty_space height=&#8221;80px&#8221;][vc_single_image image=&#8221;11542&#8243; img_size=&#8221;full&#8221; alignment=&#8221;center&#8221; qode_css_animation=&#8221;element_from_fade&#8221; qode_hover_animation=&#8221;zoom_in&#8221; el_class=&#8221;img-border-radius&#8221;][vc_empty_space][vc_column_text el_class=&#8221;connectivity-text&#8221;] Di chuy\u1ec3n Du kh\u00e1ch n\u01b0\u1edbc ngo\u00e0i th\u01b0\u1eddng ch\u1ecdn bay...\" \/>\n<meta property=\"og:url\" content=\"https:\/\/penangglobaltourism.benova.com.my\/vi\/den-penang\/\" \/>\n<meta property=\"og:site_name\" content=\"Penang Global Tourism\" \/>\n<meta property=\"article:modified_time\" content=\"2023-06-27T13:42:42+00:00\" \/>\n<meta name=\"twitter:card\" content=\"summary_large_image\" \/>\n<meta name=\"twitter:label1\" content=\"Est. reading time\" \/>\n\t<meta name=\"twitter:data1\" content=\"1 minute\" \/>\n<script type=\"application\/ld+json\" class=\"yoast-schema-graph\">{\"@context\":\"https:\/\/schema.org\",\"@graph\":[{\"@type\":\"WebPage\",\"@id\":\"https:\/\/penangglobaltourism.benova.com.my\/vi\/den-penang\/\",\"url\":\"https:\/\/penangglobaltourism.benova.com.my\/vi\/den-penang\/\",\"name\":\"\u0110\u1ebfn Penang - Penang Global Tourism\",\"isPartOf\":{\"@id\":\"https:\/\/penangglobaltourism.benova.com.my\/#website\"},\"datePublished\":\"2021-07-15T10:20:11+00:00\",\"dateModified\":\"2023-06-27T13:42:42+00:00\",\"breadcrumb\":{\"@id\":\"https:\/\/penangglobaltourism.benova.com.my\/vi\/den-penang\/#breadcrumb\"},\"inLanguage\":\"vi-VN\",\"potentialAction\":[{\"@type\":\"ReadAction\",\"target\":[\"https:\/\/penangglobaltourism.benova.com.my\/vi\/den-penang\/\"]}]},{\"@type\":\"BreadcrumbList\",\"@id\":\"https:\/\/penangglobaltourism.benova.com.my\/vi\/den-penang\/#breadcrumb\",\"itemListElement\":[{\"@type\":\"ListItem\",\"position\":1,\"name\":\"Trang ch\u1ee7\",\"item\":\"https:\/\/penangglobaltourism.benova.com.my\/vi\/\"},{\"@type\":\"ListItem\",\"position\":2,\"name\":\"\u0110\u1ebfn Penang\"}]},{\"@type\":\"WebSite\",\"@id\":\"https:\/\/penangglobaltourism.benova.com.my\/#website\",\"url\":\"https:\/\/penangglobaltourism.benova.com.my\/\",\"name\":\"Penang Global Tourism\",\"description\":\"It\u2019s All In Penang, Experience It\",\"potentialAction\":[{\"@type\":\"SearchAction\",\"target\":{\"@type\":\"EntryPoint\",\"urlTemplate\":\"https:\/\/penangglobaltourism.benova.com.my\/?s={search_term_string}\"},\"query-input\":\"required name=search_term_string\"}],\"inLanguage\":\"vi-VN\"}]}<\/script>\n<!-- \/ Yoast SEO plugin. -->","yoast_head_json":{"title":"\u0110\u1ebfn Penang - Penang Global Tourism","robots":{"index":"noindex","follow":"follow","max-snippet":"max-snippet:-1","max-image-preview":"max-image-preview:large","max-video-preview":"max-video-preview:-1"},"og_locale":"vi_VN","og_type":"article","og_title":"\u0110\u1ebfn Penang - Penang Global Tourism","og_description":"[vc_row css_animation=&#8221;&#8221; row_type=&#8221;row&#8221; use_row_as_full_screen_section=&#8221;no&#8221; type=&#8221;full_width&#8221; angled_section=&#8221;no&#8221; text_align=&#8221;left&#8221; background_image_as_pattern=&#8221;without_pattern&#8221;][vc_column][vc_raw_js]JTNDc2NyaXB0JTNFJTBBalF1ZXJ5JTI4JTI3LmNvbnRlbnRfaW5uZXIlMjAudGl0bGVfb3V0ZXIlMjclMjkuYXBwZW5kJTI4JTI3JTNDZGl2JTIwY2xhc3MlM0QlMjJjdXN0b20tc2hhcGUtZGl2aWRlci1ib3R0b20lMjIlM0UlM0NzdmclMjBkYXRhLW5hbWUlM0QlMjJMYXllciUyMDElMjIlMjB4bWxucyUzRCUyMmh0dHAlM0ElMkYlMkZ3d3cudzMub3JnJTJGMjAwMCUyRnN2ZyUyMiUyMHZpZXdCb3glM0QlMjIwJTIwMCUyMDEyMDAlMjAxMjAlMjIlMjBwcmVzZXJ2ZUFzcGVjdFJhdGlvJTNEJTIybm9uZSUyMiUzRSUzQ3BhdGglMjBjbGFzcyUzRCUyMnNoYXBlLWZpbGwlMjIlMjBkJTNEJTIyTTUyMy45JTJDMTAwLjRMMCUyQzB2MTIwaDEyMDBWMEw2NzQlMkMxMDAuNEM2MjQuNCUyQzEwOS45JTJDNTczLjUlMkMxMDkuOCUyQzUyMy45JTJDMTAwLjR6JTIyJTJGJTNFJTNDJTJGc3ZnJTNFJTNDJTJGZGl2JTNFJTI3JTI5JTNCJTBBJTNDJTJGc2NyaXB0JTNF[\/vc_raw_js][\/vc_column][\/vc_row][vc_row css_animation=&#8221;&#8221; row_type=&#8221;row&#8221; use_row_as_full_screen_section=&#8221;no&#8221; type=&#8221;grid&#8221; angled_section=&#8221;no&#8221; text_align=&#8221;left&#8221; background_image_as_pattern=&#8221;without_pattern&#8221; z_index=&#8221;&#8221;][vc_column width=&#8221;1\/6&#8243;][\/vc_column][vc_column width=&#8221;2\/3&#8243;][vc_empty_space height=&#8221;80px&#8221;][vc_single_image image=&#8221;11542&#8243; img_size=&#8221;full&#8221; alignment=&#8221;center&#8221; qode_css_animation=&#8221;element_from_fade&#8221; qode_hover_animation=&#8221;zoom_in&#8221; el_class=&#8221;img-border-radius&#8221;][vc_empty_space][vc_column_text el_class=&#8221;connectivity-text&#8221;] Di chuy\u1ec3n Du kh\u00e1ch n\u01b0\u1edbc ngo\u00e0i th\u01b0\u1eddng ch\u1ecdn bay...","og_url":"https:\/\/penangglobaltourism.benova.com.my\/vi\/den-penang\/","og_site_name":"Penang Global Tourism","article_modified_time":"2023-06-27T13:42:42+00:00","twitter_card":"summary_large_image","twitter_misc":{"Est. reading time":"1 minute"},"schema":{"@context":"https:\/\/schema.org","@graph":[{"@type":"WebPage","@id":"https:\/\/penangglobaltourism.benova.com.my\/vi\/den-penang\/","url":"https:\/\/penangglobaltourism.benova.com.my\/vi\/den-penang\/","name":"\u0110\u1ebfn Penang - Penang Global Tourism","isPartOf":{"@id":"https:\/\/penangglobaltourism.benova.com.my\/#website"},"datePublished":"2021-07-15T10:20:11+00:00","dateModified":"2023-06-27T13:42:42+00:00","breadcrumb":{"@id":"https:\/\/penangglobaltourism.benova.com.my\/vi\/den-penang\/#breadcrumb"},"inLanguage":"vi-VN","potentialAction":[{"@type":"ReadAction","target":["https:\/\/penangglobaltourism.benova.com.my\/vi\/den-penang\/"]}]},{"@type":"BreadcrumbList","@id":"https:\/\/penangglobaltourism.benova.com.my\/vi\/den-penang\/#breadcrumb","itemListElement":[{"@type":"ListItem","position":1,"name":"Trang ch\u1ee7","item":"https:\/\/penangglobaltourism.benova.com.my\/vi\/"},{"@type":"ListItem","position":2,"name":"\u0110\u1ebfn Penang"}]},{"@type":"WebSite","@id":"https:\/\/penangglobaltourism.benova.com.my\/#website","url":"https:\/\/penangglobaltourism.benova.com.my\/","name":"Penang Global Tourism","description":"It\u2019s All In Penang, Experience It","potentialAction":[{"@type":"SearchAction","target":{"@type":"EntryPoint","urlTemplate":"https:\/\/penangglobaltourism.benova.com.my\/?s={search_term_string}"},"query-input":"required name=search_term_string"}],"inLanguage":"vi-VN"}]}},"_links":{"self":[{"href":"https:\/\/penangglobaltourism.benova.com.my\/vi\/wp-json\/wp\/v2\/pages\/21935","targetHints":{"allow":["GET"]}}],"collection":[{"href":"https:\/\/penangglobaltourism.benova.com.my\/vi\/wp-json\/wp\/v2\/pages"}],"about":[{"href":"https:\/\/penangglobaltourism.benova.com.my\/vi\/wp-json\/wp\/v2\/types\/page"}],"author":[{"embeddable":true,"href":"https:\/\/penangglobaltourism.benova.com.my\/vi\/wp-json\/wp\/v2\/users\/2"}],"replies":[{"embeddable":true,"href":"https:\/\/penangglobaltourism.benova.com.my\/vi\/wp-json\/wp\/v2\/comments?post=21935"}],"version-history":[{"count":2,"href":"https:\/\/penangglobaltourism.benova.com.my\/vi\/wp-json\/wp\/v2\/pages\/21935\/revisions"}],"predecessor-version":[{"id":21936,"href":"https:\/\/penangglobaltourism.benova.com.my\/vi\/wp-json\/wp\/v2\/pages\/21935\/revisions\/21936"}],"wp:attachment":[{"href":"https:\/\/penangglobaltourism.benova.com.my\/vi\/wp-json\/wp\/v2\/media?parent=21935"}],"curies":[{"name":"wp","href":"https:\/\/api.w.org\/{rel}","templated":true}]}}