{"id":21938,"date":"2021-07-15T10:20:55","date_gmt":"2021-07-15T02:20:55","guid":{"rendered":"https:\/\/penangglobaltourism.benova.com.my\/traveller-essentials\/"},"modified":"2023-06-27T22:44:23","modified_gmt":"2023-06-27T14:44:23","slug":"thong-tin-du-khach-can-biet","status":"publish","type":"page","link":"https:\/\/penangglobaltourism.benova.com.my\/vi\/thong-tin-du-khach-can-biet\/","title":{"rendered":"Th\u00f4ng tin du kh\u00e1ch c\u1ea7n bi\u1ebft"},"content":{"rendered":"<p>[vc_row css_animation=&#8221;&#8221; row_type=&#8221;row&#8221; use_row_as_full_screen_section=&#8221;no&#8221; type=&#8221;full_width&#8221; angled_section=&#8221;no&#8221; text_align=&#8221;left&#8221; background_image_as_pattern=&#8221;without_pattern&#8221;][vc_column][vc_raw_js]JTNDc2NyaXB0JTNFJTBBalF1ZXJ5JTI4JTI3LmNvbnRlbnRfaW5uZXIlMjAudGl0bGVfb3V0ZXIlMjclMjkuYXBwZW5kJTI4JTI3JTNDZGl2JTIwY2xhc3MlM0QlMjJjdXN0b20tc2hhcGUtZGl2aWRlci1ib3R0b20lMjIlM0UlM0NzdmclMjBkYXRhLW5hbWUlM0QlMjJMYXllciUyMDElMjIlMjB4bWxucyUzRCUyMmh0dHAlM0ElMkYlMkZ3d3cudzMub3JnJTJGMjAwMCUyRnN2ZyUyMiUyMHZpZXdCb3glM0QlMjIwJTIwMCUyMDEyMDAlMjAxMjAlMjIlMjBwcmVzZXJ2ZUFzcGVjdFJhdGlvJTNEJTIybm9uZSUyMiUzRSUzQ3BhdGglMjBjbGFzcyUzRCUyMnNoYXBlLWZpbGwlMjIlMjBkJTNEJTIyTTUyMy45JTJDMTAwLjRMMCUyQzB2MTIwaDEyMDBWMEw2NzQlMkMxMDAuNEM2MjQuNCUyQzEwOS45JTJDNTczLjUlMkMxMDkuOCUyQzUyMy45JTJDMTAwLjR6JTIyJTJGJTNFJTNDJTJGc3ZnJTNFJTNDJTJGZGl2JTNFJTI3JTI5JTNCJTBBJTNDJTJGc2NyaXB0JTNF[\/vc_raw_js][\/vc_column][\/vc_row][vc_row css_animation=&#8221;&#8221; row_type=&#8221;row&#8221; use_row_as_full_screen_section=&#8221;no&#8221; type=&#8221;grid&#8221; angled_section=&#8221;no&#8221; text_align=&#8221;left&#8221; background_image_as_pattern=&#8221;without_pattern&#8221; z_index=&#8221;&#8221;][vc_column][vc_empty_space height=&#8221;100px&#8221;][vc_tabs style=&#8221;horizontal&#8221;][vc_tab title=&#8221;Th\u1eddi ti\u1ebft&#8221; tab_id=&#8221;weather-vi&#8221;][vc_empty_space height=&#8221;100px&#8221;][vc_row_inner row_type=&#8221;row&#8221; type=&#8221;full_width&#8221; text_align=&#8221;left&#8221; css_animation=&#8221;&#8221;][vc_column_inner width=&#8221;1\/6&#8243;][\/vc_column_inner][vc_column_inner width=&#8221;2\/3&#8243;][vc_column_text]<\/p>\n<p style=\"text-align: center;\"><b>Th\u1eddi ti\u1ebft<\/b><\/p>\n<p>&nbsp;<\/p>\n<p style=\"text-align: justify;\"><span style=\"font-weight: 400;\">Penang n\u1eb1m trong v\u00f9ng kh\u00ed h\u1eadu m\u01b0a nhi\u1ec7t \u0111\u1edbi quanh n\u0103m, c\u1ea3 n\u0103m c\u00f3 n\u1eafng \u1ea5m, m\u01b0a nhi\u1ec1u do v\u1ecb tr\u00ed \u0111\u1ecba l\u00fd v\u00e0 kh\u00ed h\u1eadu gi\u00f3 m\u00f9a. Th\u1eddi ti\u1ebft th\u01b0\u1eddng \u1ea5m nh\u1ea5t v\u00e0o th\u00e1ng 1 v\u00e0 th\u00e1ng 2 trong th\u1eddi gian di\u1ec5n ra T\u1ebft Nguy\u00ean \u0111\u00e1n v\u00e0 m\u01b0a nhi\u1ec1u khi c\u00f3 gi\u00f3 m\u00f9a t\u00e2y nam t\u1eeb th\u00e1ng 4 \u0111\u1ebfn th\u00e1ng 9. Kh\u00ed h\u1eadu ch\u1ecbu \u1ea3nh h\u01b0\u1edfng \u0111\u00e1ng k\u1ec3 c\u1ee7a v\u00f9ng bi\u1ec3n xung quanh v\u00e0 h\u1ec7 th\u1ed1ng gi\u00f3. Nhi\u1ec7t \u0111\u1ed9 trung b\u00ecnh tr\u00ean 30 \u030aC v\u00e0o ban ng\u00e0y v\u00e0 tr\u00ean 25 \u030aC v\u00e0o ban \u0111\u00eam. Th\u1eddi ti\u1ebft \u1edf Penang th\u00edch h\u1ee3p cho nh\u1eefng bu\u1ed5i d\u1ea1o ch\u01a1i hay \u0111\u1ea1p xe quanh th\u00e0nh ph\u1ed1, d\u00f9 v\u00e0o ban ng\u00e0y hay v\u1ec1 ban \u0111\u00eam.<\/span><\/p>\n<p style=\"text-align: justify;\"><span style=\"font-weight: 400;\">G\u1ecdi \u0111\u1ebfn s\u1ed1 999 trong tr\u01b0\u1eddng h\u1ee3p kh\u1ea9n c\u1ea5p:<\/span><\/p>\n<ul>\n<li style=\"text-align: justify;\"><span style=\"font-weight: 400;\"> C\u1ea3nh s\u00e1t<\/span><\/li>\n<li style=\"text-align: justify;\"><span style=\"font-weight: 400;\"> C\u1ee9u h\u1ecfa &amp; c\u1ee9u h\u1ed9<\/span><\/li>\n<li style=\"text-align: justify;\"><span style=\"font-weight: 400;\"> D\u00e2n ph\u00f2ng<\/span><\/li>\n<\/ul>\n<p>[\/vc_column_text][\/vc_column_inner][vc_column_inner width=&#8221;1\/6&#8243;][\/vc_column_inner][\/vc_row_inner][vc_empty_space height=&#8221;100px&#8221;][\/vc_tab][vc_tab title=&#8221;V\u0103n h\u00f3a&#8221; tab_id=&#8221;culture-vi&#8221;][vc_empty_space height=&#8221;100px&#8221;][vc_row_inner row_type=&#8221;row&#8221; type=&#8221;full_width&#8221; text_align=&#8221;left&#8221; css_animation=&#8221;&#8221;][vc_column_inner width=&#8221;1\/6&#8243;][\/vc_column_inner][vc_column_inner width=&#8221;2\/3&#8243;][vc_column_text]<\/p>\n<p style=\"text-align: center;\"><b>V\u0103n h\u00f3a<\/b><\/p>\n<p style=\"text-align: center;\"><span style=\"font-weight: 400;\">Penang l\u00e0 m\u1ed9t \u0111i\u1ec3m \u0111\u1ebfn \u0111a v\u0103n h\u00f3a v\u00e0 Di s\u1ea3n Th\u1ebf gi\u1edbi UNESCO n\u00ean th\u1eadt kh\u00f3 m\u00e0 mi\u00eau t\u1ea3 \u0111\u01b0\u1ee3c n\u01a1i \u0111\u00e2y ch\u1ec9 v\u1edbi \u0111\u00f4i ba l\u1eddi. V\u00ec th\u1ebf, vi\u1ec7c t\u00ecm hi\u1ec3u tr\u01b0\u1edbc v\u0103n h\u00f3a \u0111\u1ecba ph\u01b0\u01a1ng s\u1ebd gi\u00fap b\u1ea1n kh\u00e1m ph\u00e1 Penang d\u1ec5 d\u00e0ng h\u01a1n.<\/span><\/p>\n<p>[\/vc_column_text][\/vc_column_inner][vc_column_inner width=&#8221;1\/6&#8243;][\/vc_column_inner][\/vc_row_inner][vc_empty_space height=&#8221;60px&#8221;][vc_row_inner row_type=&#8221;row&#8221; type=&#8221;grid&#8221; text_align=&#8221;left&#8221; css_animation=&#8221;&#8221;][vc_column_inner el_class=&#8221;paoc-popup-click paoc-popup-cust-21946 paoc-popup-image paoc-popup-image&#8221; width=&#8221;1\/5&#8243;]<div class='q_icon_with_title large custom_icon_image center '><div class=\"icon_holder \" style=\" \"><img decoding=\"async\" itemprop=\"image\" style=\"\" src=\"https:\/\/penangglobaltourism.benova.com.my\/wp-content\/uploads\/2022\/05\/language.png\" alt=\"\"><\/div><div class=\"icon_text_holder\" style=\"\"><div class=\"icon_text_inner\" style=\"\"><h5 class=\"icon_title\" style=\"color: #847970;\">Ng\u00f4n ng\u1eef<\/h5><p style=''><\/p><\/div><\/div><\/div>[\/vc_column_inner][vc_column_inner el_class=&#8221;paoc-popup-click paoc-popup-cust-21951 paoc-popup-image paoc-popup-image&#8221; width=&#8221;1\/5&#8243;]<div class='q_icon_with_title large custom_icon_image center '><div class=\"icon_holder \" style=\" \"><img decoding=\"async\" itemprop=\"image\" style=\"\" src=\"https:\/\/penangglobaltourism.benova.com.my\/wp-content\/uploads\/2022\/05\/Fares-for-visitors.png\" alt=\"\"><\/div><div class=\"icon_text_holder\" style=\"\"><div class=\"icon_text_inner\" style=\"\"><h5 class=\"icon_title\" style=\"color: #847970;\">Gi\u00e1 cho du kh\u00e1ch<\/h5><p style=''><\/p><\/div><\/div><\/div>[\/vc_column_inner][vc_column_inner el_class=&#8221;paoc-popup-click paoc-popup-cust-21952 paoc-popup-image paoc-popup-image&#8221; width=&#8221;1\/5&#8243;]<div class='q_icon_with_title large custom_icon_image center '><div class=\"icon_holder \" style=\" \"><img decoding=\"async\" itemprop=\"image\" style=\"\" src=\"https:\/\/penangglobaltourism.benova.com.my\/wp-content\/uploads\/2022\/05\/Tipping-Culture.png\" alt=\"\"><\/div><div class=\"icon_text_holder\" style=\"\"><div class=\"icon_text_inner\" style=\"\"><h5 class=\"icon_title\" style=\"color: #847970;\">V\u0103n h\u00f3a cho ti\u1ec1n boa<\/h5><p style=''><\/p><\/div><\/div><\/div>[\/vc_column_inner][vc_column_inner el_class=&#8221;paoc-popup-click paoc-popup-cust-21953 paoc-popup-image paoc-popup-image&#8221; width=&#8221;1\/5&#8243;]<div class='q_icon_with_title large custom_icon_image center '><div class=\"icon_holder \" style=\" \"><img decoding=\"async\" itemprop=\"image\" style=\"\" src=\"https:\/\/penangglobaltourism.benova.com.my\/wp-content\/uploads\/2022\/05\/Things-to-note-during-Ramadan.png\" alt=\"\"><\/div><div class=\"icon_text_holder\" style=\"\"><div class=\"icon_text_inner\" style=\"\"><h5 class=\"icon_title\" style=\"\">Nh\u1eefng \u0111i\u1ec1u c\u1ea7n l\u01b0u \u00fd trong l\u1ec5 Ramadan<\/h5><p style=''><\/p><\/div><\/div><\/div>[\/vc_column_inner][vc_column_inner el_class=&#8221;paoc-popup-click paoc-popup-cust-21955 paoc-popup-image paoc-popup-image&#8221; width=&#8221;1\/5&#8243;]<div class='q_icon_with_title large custom_icon_image center '><div class=\"icon_holder \" style=\" \"><img decoding=\"async\" itemprop=\"image\" style=\"\" src=\"https:\/\/penangglobaltourism.benova.com.my\/wp-content\/uploads\/2022\/05\/notes-for-pedestrian.png\" alt=\"\"><\/div><div class=\"icon_text_holder\" style=\"\"><div class=\"icon_text_inner\" style=\"\"><h5 class=\"icon_title\" style=\"color: #847970;\">Nh\u1eefng \u0111i\u1ec1u c\u1ea7n l\u01b0u \u00fd d\u00e0nh cho ng\u01b0\u1eddi \u0111i b\u1ed9<\/h5><p style=''><\/p><\/div><\/div><\/div>[\/vc_column_inner][\/vc_row_inner][vc_empty_space height=&#8221;30px&#8221; el_class=&#8221;classnone&#8221;][vc_row_inner row_type=&#8221;row&#8221; type=&#8221;grid&#8221; text_align=&#8221;left&#8221; css_animation=&#8221;&#8221;][vc_column_inner el_class=&#8221;paoc-popup-click paoc-popup-cust-21957 paoc-popup-image paoc-popup-image&#8221; width=&#8221;1\/5&#8243;]<div class='q_icon_with_title large custom_icon_image center '><div class=\"icon_holder \" style=\" \"><img decoding=\"async\" itemprop=\"image\" style=\"\" src=\"https:\/\/penangglobaltourism.benova.com.my\/wp-content\/uploads\/2022\/05\/public-holiday.png\" alt=\"\"><\/div><div class=\"icon_text_holder\" style=\"\"><div class=\"icon_text_inner\" style=\"\"><h5 class=\"icon_title\" style=\"color: #847970;\">Ng\u00e0y ngh\u1ec9 l\u1ec5<\/h5><p style=''><\/p><\/div><\/div><\/div>[\/vc_column_inner][vc_column_inner el_class=&#8221;paoc-popup-click paoc-popup-cust-21958 paoc-popup-image paoc-popup-image&#8221; width=&#8221;1\/5&#8243;]<div class='q_icon_with_title large custom_icon_image center '><div class=\"icon_holder \" style=\" \"><img decoding=\"async\" itemprop=\"image\" style=\"\" src=\"https:\/\/penangglobaltourism.benova.com.my\/wp-content\/uploads\/2022\/05\/currency.png\" alt=\"\"><\/div><div class=\"icon_text_holder\" style=\"\"><div class=\"icon_text_inner\" style=\"\"><h5 class=\"icon_title\" style=\"color: #847970;\">Ti\u1ec1n t\u1ec7<\/h5><p style=''><\/p><\/div><\/div><\/div>[\/vc_column_inner][vc_column_inner el_class=&#8221;paoc-popup-click paoc-popup-cust-21959 paoc-popup-image paoc-popup-image&#8221; width=&#8221;1\/5&#8243;]<div class='q_icon_with_title large custom_icon_image center '><div class=\"icon_holder \" style=\" \"><img decoding=\"async\" itemprop=\"image\" style=\"\" src=\"https:\/\/penangglobaltourism.benova.com.my\/wp-content\/uploads\/2022\/05\/Services-Telecommunications.png\" alt=\"\"><\/div><div class=\"icon_text_holder\" style=\"\"><div class=\"icon_text_inner\" style=\"\"><h5 class=\"icon_title\" style=\"color: #847970;\">D\u1ecbch v\u1ee5 vi\u1ec5n th\u00f4ng<\/h5><p style=''><\/p><\/div><\/div><\/div>[\/vc_column_inner][vc_column_inner el_class=&#8221;paoc-popup-click paoc-popup-cust-21960 paoc-popup-image paoc-popup-image&#8221; width=&#8221;1\/5&#8243;]<div class='q_icon_with_title large custom_icon_image center '><div class=\"icon_holder \" style=\" \"><img decoding=\"async\" itemprop=\"image\" style=\"\" src=\"https:\/\/penangglobaltourism.benova.com.my\/wp-content\/uploads\/2022\/05\/bank.png\" alt=\"\"><\/div><div class=\"icon_text_holder\" style=\"\"><div class=\"icon_text_inner\" style=\"\"><h5 class=\"icon_title\" style=\"color: #847970;\">Ng\u00e2n h\u00e0ng<\/h5><p style=''><\/p><\/div><\/div><\/div>[\/vc_column_inner][vc_column_inner el_class=&#8221;paoc-popup-click paoc-popup-cust-21961 paoc-popup-image paoc-popup-image&#8221; width=&#8221;1\/5&#8243;]<div class='q_icon_with_title large custom_icon_image center '><div class=\"icon_holder \" style=\" \"><img decoding=\"async\" itemprop=\"image\" style=\"\" src=\"https:\/\/penangglobaltourism.benova.com.my\/wp-content\/uploads\/2022\/05\/Prayer-Facilities.png\" alt=\"\"><\/div><div class=\"icon_text_holder\" style=\"\"><div class=\"icon_text_inner\" style=\"\"><h5 class=\"icon_title\" style=\"color: #847970;\">\u0110\u1ecba \u0111i\u1ec3m th\u1edd nguy\u1ec7n<\/h5><p style=''><\/p><\/div><\/div><\/div>[\/vc_column_inner][\/vc_row_inner][vc_row_inner row_type=&#8221;row&#8221; type=&#8221;full_width&#8221; text_align=&#8221;left&#8221; css_animation=&#8221;&#8221; css=&#8221;.vc_custom_1652067073255{padding-right: 50px !important;padding-left: 50px !important;}&#8221; el_class=&#8221;classhide&#8221;][vc_column_inner el_class=&#8221;paoc-popup-click paoc-popup-cust-6239 paoc-popup-image paoc-popup-image&#8221; offset=&#8221;vc_hidden-lg vc_hidden-md vc_hidden-sm vc_hidden-xs&#8221;]<div class=\"q_image_with_text_over\"><div class=\"shader\" ><\/div><img decoding=\"async\" itemprop=\"image\" src=\"https:\/\/penangglobaltourism.benova.com.my\/wp-content\/uploads\/2022\/05\/pop-1.jpg\" alt=\"Title\" \/><div class=\"text\"><table><tr><td><h3 class=\"caption no_icon\" style=\"\">Title<\/h3><\/td><\/tr><\/table><table><tr><td><div class=\"desc\"><br \/>\n<br \/>\n<br \/>\n<br \/>\n<br \/>\n<br \/>\n<br \/>\n<br \/>\n<br \/>\n<\/div><\/td><\/tr><\/table><\/div><\/div>[\/vc_column_inner][\/vc_row_inner][vc_empty_space height=&#8221;100px&#8221;][\/vc_tab][\/vc_tabs][\/vc_column][\/vc_row][vc_row css_animation=&#8221;&#8221; row_type=&#8221;row&#8221; use_row_as_full_screen_section=&#8221;no&#8221; type=&#8221;full_width&#8221; angled_section=&#8221;no&#8221; text_align=&#8221;left&#8221; background_image_as_pattern=&#8221;without_pattern&#8221;][vc_column][vc_raw_js]JTNDc2NyaXB0JTNFJTIwJTBBJTBBalF1ZXJ5JTI4JTIwZG9jdW1lbnQlMjAlMjkucmVhZHklMjhmdW5jdGlvbiUyOCUyOSUyMCU3QiUwQSUwQXZhciUyMGhhc2glMjAlM0QlMjBkb2N1bWVudC5sb2NhdGlvbi5oYXNoJTNCJTBBdmFyJTIwZmlyc3QlMjAlM0QlMjB0cnVlJTNCJTBBdmFyJTIwaW50ZXJ2YWwlMjAlM0QlMjBzZXRJbnRlcnZhbCUyOGZ1bmN0aW9uJTI4JTI5JTIwJTdCJTBBJTBBaWYlMjAlMjhoYXNoJTI5JTIwJTdCJTBBJTIwJTIwJTIwJTIwalF1ZXJ5JTI4JTI3LnRhYnMtbmF2JTIwbGkuYWN0aXZlJTI3JTI5LnJlbW92ZUNsYXNzJTI4JTIyYWN0aXZlJTIyJTI5JTNCJTBBJTIwJTIwJTIwJTIwalF1ZXJ5JTI4JTI3YSU1QmhyZWYlM0QlMjIlMjclMkJoYXNoJTJCJTI3JTIyJTVEJTI3JTI5LmNsaWNrJTI4JTI5JTNCJTBBJTBBJTIwJTIwJTIwJTIwaWYlMjAlMjhmaXJzdCUyOSUyMCU3QiUwQSUyMCUyMCUyMCUyMCUyMCUyMCUyMCUyMGpRdWVyeSUyOGRvY3VtZW50JTI5LnNjcm9sbFRvcCUyODIwMCUyOSUzQiUwQSUyMCUyMCUyMCUyMCUyMCUyMCUyMCUyMGZpcnN0JTIwJTNEJTNEJTIwZmFsc2UlM0IlMEElMjAlMjAlMjAlMjAlN0QlMEElMEElMjAlMjAlMjAlMjBjbGVhckludGVydmFsJTI4aW50ZXJ2YWwlMjklM0IlMEElN0QlMEElMEElN0QlMkMlMjAxNTAwJTI5JTNCJTBBJTBBJTdEJTI5JTNCJTBBJTBBJTNDJTJGc2NyaXB0JTNF[\/vc_raw_js][\/vc_column][\/vc_row]<\/p>\n","protected":false},"excerpt":{"rendered":"<p>[vc_row css_animation=&#8221;&#8221; row_type=&#8221;row&#8221; use_row_as_full_screen_section=&#8221;no&#8221; type=&#8221;full_width&#8221; angled_section=&#8221;no&#8221; text_align=&#8221;left&#8221; background_image_as_pattern=&#8221;without_pattern&#8221;][vc_column][vc_raw_js]JTNDc2NyaXB0JTNFJTBBalF1ZXJ5JTI4JTI3LmNvbnRlbnRfaW5uZXIlMjAudGl0bGVfb3V0ZXIlMjclMjkuYXBwZW5kJTI4JTI3JTNDZGl2JTIwY2xhc3MlM0QlMjJjdXN0b20tc2hhcGUtZGl2aWRlci1ib3R0b20lMjIlM0UlM0NzdmclMjBkYXRhLW5hbWUlM0QlMjJMYXllciUyMDElMjIlMjB4bWxucyUzRCUyMmh0dHAlM0ElMkYlMkZ3d3cudzMub3JnJTJGMjAwMCUyRnN2ZyUyMiUyMHZpZXdCb3glM0QlMjIwJTIwMCUyMDEyMDAlMjAxMjAlMjIlMjBwcmVzZXJ2ZUFzcGVjdFJhdGlvJTNEJTIybm9uZSUyMiUzRSUzQ3BhdGglMjBjbGFzcyUzRCUyMnNoYXBlLWZpbGwlMjIlMjBkJTNEJTIyTTUyMy45JTJDMTAwLjRMMCUyQzB2MTIwaDEyMDBWMEw2NzQlMkMxMDAuNEM2MjQuNCUyQzEwOS45JTJDNTczLjUlMkMxMDkuOCUyQzUyMy45JTJDMTAwLjR6JTIyJTJGJTNFJTNDJTJGc3ZnJTNFJTNDJTJGZGl2JTNFJTI3JTI5JTNCJTBBJTNDJTJGc2NyaXB0JTNF[\/vc_raw_js][\/vc_column][\/vc_row][vc_row css_animation=&#8221;&#8221; row_type=&#8221;row&#8221; use_row_as_full_screen_section=&#8221;no&#8221; type=&#8221;grid&#8221; angled_section=&#8221;no&#8221; text_align=&#8221;left&#8221; background_image_as_pattern=&#8221;without_pattern&#8221; z_index=&#8221;&#8221;][vc_column][vc_empty_space height=&#8221;100px&#8221;][vc_tabs style=&#8221;horizontal&#8221;][vc_tab title=&#8221;Th\u1eddi ti\u1ebft&#8221; tab_id=&#8221;weather-vi&#8221;][vc_empty_space height=&#8221;100px&#8221;][vc_row_inner row_type=&#8221;row&#8221; type=&#8221;full_width&#8221; text_align=&#8221;left&#8221; css_animation=&#8221;&#8221;][vc_column_inner width=&#8221;1\/6&#8243;][\/vc_column_inner][vc_column_inner width=&#8221;2\/3&#8243;][vc_column_text] Th\u1eddi ti\u1ebft &nbsp; Penang n\u1eb1m trong v\u00f9ng&#8230;<\/p>\n","protected":false},"author":2,"featured_media":0,"parent":0,"menu_order":0,"comment_status":"closed","ping_status":"closed","template":"full_width.php","meta":{"inline_featured_image":false,"footnotes":""},"class_list":["post-21938","page","type-page","status-publish","hentry"],"yoast_head":"<!-- This site is optimized with the Yoast SEO plugin v20.8 - https:\/\/yoast.com\/wordpress\/plugins\/seo\/ -->\n<title>Th\u00f4ng tin du kh\u00e1ch c\u1ea7n bi\u1ebft - Penang Global Tourism<\/title>\n<meta name=\"robots\" content=\"noindex, follow, max-snippet:-1, max-image-preview:large, max-video-preview:-1\" \/>\n<meta property=\"og:locale\" content=\"vi_VN\" \/>\n<meta property=\"og:type\" content=\"article\" \/>\n<meta property=\"og:title\" content=\"Th\u00f4ng tin du kh\u00e1ch c\u1ea7n bi\u1ebft - Penang Global Tourism\" \/>\n<meta property=\"og:description\" content=\"[vc_row css_animation=&#8221;&#8221; row_type=&#8221;row&#8221; use_row_as_full_screen_section=&#8221;no&#8221; type=&#8221;full_width&#8221; angled_section=&#8221;no&#8221; text_align=&#8221;left&#8221; background_image_as_pattern=&#8221;without_pattern&#8221;][vc_column][vc_raw_js]JTNDc2NyaXB0JTNFJTBBalF1ZXJ5JTI4JTI3LmNvbnRlbnRfaW5uZXIlMjAudGl0bGVfb3V0ZXIlMjclMjkuYXBwZW5kJTI4JTI3JTNDZGl2JTIwY2xhc3MlM0QlMjJjdXN0b20tc2hhcGUtZGl2aWRlci1ib3R0b20lMjIlM0UlM0NzdmclMjBkYXRhLW5hbWUlM0QlMjJMYXllciUyMDElMjIlMjB4bWxucyUzRCUyMmh0dHAlM0ElMkYlMkZ3d3cudzMub3JnJTJGMjAwMCUyRnN2ZyUyMiUyMHZpZXdCb3glM0QlMjIwJTIwMCUyMDEyMDAlMjAxMjAlMjIlMjBwcmVzZXJ2ZUFzcGVjdFJhdGlvJTNEJTIybm9uZSUyMiUzRSUzQ3BhdGglMjBjbGFzcyUzRCUyMnNoYXBlLWZpbGwlMjIlMjBkJTNEJTIyTTUyMy45JTJDMTAwLjRMMCUyQzB2MTIwaDEyMDBWMEw2NzQlMkMxMDAuNEM2MjQuNCUyQzEwOS45JTJDNTczLjUlMkMxMDkuOCUyQzUyMy45JTJDMTAwLjR6JTIyJTJGJTNFJTNDJTJGc3ZnJTNFJTNDJTJGZGl2JTNFJTI3JTI5JTNCJTBBJTNDJTJGc2NyaXB0JTNF[\/vc_raw_js][\/vc_column][\/vc_row][vc_row css_animation=&#8221;&#8221; row_type=&#8221;row&#8221; use_row_as_full_screen_section=&#8221;no&#8221; type=&#8221;grid&#8221; angled_section=&#8221;no&#8221; text_align=&#8221;left&#8221; background_image_as_pattern=&#8221;without_pattern&#8221; z_index=&#8221;&#8221;][vc_column][vc_empty_space height=&#8221;100px&#8221;][vc_tabs style=&#8221;horizontal&#8221;][vc_tab title=&#8221;Th\u1eddi ti\u1ebft&#8221; tab_id=&#8221;weather-vi&#8221;][vc_empty_space height=&#8221;100px&#8221;][vc_row_inner row_type=&#8221;row&#8221; type=&#8221;full_width&#8221; text_align=&#8221;left&#8221; css_animation=&#8221;&#8221;][vc_column_inner width=&#8221;1\/6&#8243;][\/vc_column_inner][vc_column_inner width=&#8221;2\/3&#8243;][vc_column_text] Th\u1eddi ti\u1ebft &nbsp; Penang n\u1eb1m trong v\u00f9ng...\" \/>\n<meta property=\"og:url\" content=\"https:\/\/penangglobaltourism.benova.com.my\/vi\/thong-tin-du-khach-can-biet\/\" \/>\n<meta property=\"og:site_name\" content=\"Penang Global Tourism\" \/>\n<meta property=\"article:modified_time\" content=\"2023-06-27T14:44:23+00:00\" \/>\n<meta name=\"twitter:card\" content=\"summary_large_image\" \/>\n<meta name=\"twitter:label1\" content=\"Est. reading time\" \/>\n\t<meta name=\"twitter:data1\" content=\"3 minutes\" \/>\n<script type=\"application\/ld+json\" class=\"yoast-schema-graph\">{\"@context\":\"https:\/\/schema.org\",\"@graph\":[{\"@type\":\"WebPage\",\"@id\":\"https:\/\/penangglobaltourism.benova.com.my\/vi\/thong-tin-du-khach-can-biet\/\",\"url\":\"https:\/\/penangglobaltourism.benova.com.my\/vi\/thong-tin-du-khach-can-biet\/\",\"name\":\"Th\u00f4ng tin du kh\u00e1ch c\u1ea7n bi\u1ebft - Penang Global Tourism\",\"isPartOf\":{\"@id\":\"https:\/\/penangglobaltourism.benova.com.my\/#website\"},\"datePublished\":\"2021-07-15T02:20:55+00:00\",\"dateModified\":\"2023-06-27T14:44:23+00:00\",\"breadcrumb\":{\"@id\":\"https:\/\/penangglobaltourism.benova.com.my\/vi\/thong-tin-du-khach-can-biet\/#breadcrumb\"},\"inLanguage\":\"vi-VN\",\"potentialAction\":[{\"@type\":\"ReadAction\",\"target\":[\"https:\/\/penangglobaltourism.benova.com.my\/vi\/thong-tin-du-khach-can-biet\/\"]}]},{\"@type\":\"BreadcrumbList\",\"@id\":\"https:\/\/penangglobaltourism.benova.com.my\/vi\/thong-tin-du-khach-can-biet\/#breadcrumb\",\"itemListElement\":[{\"@type\":\"ListItem\",\"position\":1,\"name\":\"Trang ch\u1ee7\",\"item\":\"https:\/\/penangglobaltourism.benova.com.my\/vi\/\"},{\"@type\":\"ListItem\",\"position\":2,\"name\":\"Th\u00f4ng tin du kh\u00e1ch c\u1ea7n bi\u1ebft\"}]},{\"@type\":\"WebSite\",\"@id\":\"https:\/\/penangglobaltourism.benova.com.my\/#website\",\"url\":\"https:\/\/penangglobaltourism.benova.com.my\/\",\"name\":\"Penang Global Tourism\",\"description\":\"It\u2019s All In Penang, Experience It\",\"potentialAction\":[{\"@type\":\"SearchAction\",\"target\":{\"@type\":\"EntryPoint\",\"urlTemplate\":\"https:\/\/penangglobaltourism.benova.com.my\/?s={search_term_string}\"},\"query-input\":\"required name=search_term_string\"}],\"inLanguage\":\"vi-VN\"}]}<\/script>\n<!-- \/ Yoast SEO plugin. -->","yoast_head_json":{"title":"Th\u00f4ng tin du kh\u00e1ch c\u1ea7n bi\u1ebft - Penang Global Tourism","robots":{"index":"noindex","follow":"follow","max-snippet":"max-snippet:-1","max-image-preview":"max-image-preview:large","max-video-preview":"max-video-preview:-1"},"og_locale":"vi_VN","og_type":"article","og_title":"Th\u00f4ng tin du kh\u00e1ch c\u1ea7n bi\u1ebft - Penang Global Tourism","og_description":"[vc_row css_animation=&#8221;&#8221; row_type=&#8221;row&#8221; use_row_as_full_screen_section=&#8221;no&#8221; type=&#8221;full_width&#8221; angled_section=&#8221;no&#8221; text_align=&#8221;left&#8221; background_image_as_pattern=&#8221;without_pattern&#8221;][vc_column][vc_raw_js]JTNDc2NyaXB0JTNFJTBBalF1ZXJ5JTI4JTI3LmNvbnRlbnRfaW5uZXIlMjAudGl0bGVfb3V0ZXIlMjclMjkuYXBwZW5kJTI4JTI3JTNDZGl2JTIwY2xhc3MlM0QlMjJjdXN0b20tc2hhcGUtZGl2aWRlci1ib3R0b20lMjIlM0UlM0NzdmclMjBkYXRhLW5hbWUlM0QlMjJMYXllciUyMDElMjIlMjB4bWxucyUzRCUyMmh0dHAlM0ElMkYlMkZ3d3cudzMub3JnJTJGMjAwMCUyRnN2ZyUyMiUyMHZpZXdCb3glM0QlMjIwJTIwMCUyMDEyMDAlMjAxMjAlMjIlMjBwcmVzZXJ2ZUFzcGVjdFJhdGlvJTNEJTIybm9uZSUyMiUzRSUzQ3BhdGglMjBjbGFzcyUzRCUyMnNoYXBlLWZpbGwlMjIlMjBkJTNEJTIyTTUyMy45JTJDMTAwLjRMMCUyQzB2MTIwaDEyMDBWMEw2NzQlMkMxMDAuNEM2MjQuNCUyQzEwOS45JTJDNTczLjUlMkMxMDkuOCUyQzUyMy45JTJDMTAwLjR6JTIyJTJGJTNFJTNDJTJGc3ZnJTNFJTNDJTJGZGl2JTNFJTI3JTI5JTNCJTBBJTNDJTJGc2NyaXB0JTNF[\/vc_raw_js][\/vc_column][\/vc_row][vc_row css_animation=&#8221;&#8221; row_type=&#8221;row&#8221; use_row_as_full_screen_section=&#8221;no&#8221; type=&#8221;grid&#8221; angled_section=&#8221;no&#8221; text_align=&#8221;left&#8221; background_image_as_pattern=&#8221;without_pattern&#8221; z_index=&#8221;&#8221;][vc_column][vc_empty_space height=&#8221;100px&#8221;][vc_tabs style=&#8221;horizontal&#8221;][vc_tab title=&#8221;Th\u1eddi ti\u1ebft&#8221; tab_id=&#8221;weather-vi&#8221;][vc_empty_space height=&#8221;100px&#8221;][vc_row_inner row_type=&#8221;row&#8221; type=&#8221;full_width&#8221; text_align=&#8221;left&#8221; css_animation=&#8221;&#8221;][vc_column_inner width=&#8221;1\/6&#8243;][\/vc_column_inner][vc_column_inner width=&#8221;2\/3&#8243;][vc_column_text] Th\u1eddi ti\u1ebft &nbsp; Penang n\u1eb1m trong v\u00f9ng...","og_url":"https:\/\/penangglobaltourism.benova.com.my\/vi\/thong-tin-du-khach-can-biet\/","og_site_name":"Penang Global Tourism","article_modified_time":"2023-06-27T14:44:23+00:00","twitter_card":"summary_large_image","twitter_misc":{"Est. reading time":"3 minutes"},"schema":{"@context":"https:\/\/schema.org","@graph":[{"@type":"WebPage","@id":"https:\/\/penangglobaltourism.benova.com.my\/vi\/thong-tin-du-khach-can-biet\/","url":"https:\/\/penangglobaltourism.benova.com.my\/vi\/thong-tin-du-khach-can-biet\/","name":"Th\u00f4ng tin du kh\u00e1ch c\u1ea7n bi\u1ebft - Penang Global Tourism","isPartOf":{"@id":"https:\/\/penangglobaltourism.benova.com.my\/#website"},"datePublished":"2021-07-15T02:20:55+00:00","dateModified":"2023-06-27T14:44:23+00:00","breadcrumb":{"@id":"https:\/\/penangglobaltourism.benova.com.my\/vi\/thong-tin-du-khach-can-biet\/#breadcrumb"},"inLanguage":"vi-VN","potentialAction":[{"@type":"ReadAction","target":["https:\/\/penangglobaltourism.benova.com.my\/vi\/thong-tin-du-khach-can-biet\/"]}]},{"@type":"BreadcrumbList","@id":"https:\/\/penangglobaltourism.benova.com.my\/vi\/thong-tin-du-khach-can-biet\/#breadcrumb","itemListElement":[{"@type":"ListItem","position":1,"name":"Trang ch\u1ee7","item":"https:\/\/penangglobaltourism.benova.com.my\/vi\/"},{"@type":"ListItem","position":2,"name":"Th\u00f4ng tin du kh\u00e1ch c\u1ea7n bi\u1ebft"}]},{"@type":"WebSite","@id":"https:\/\/penangglobaltourism.benova.com.my\/#website","url":"https:\/\/penangglobaltourism.benova.com.my\/","name":"Penang Global Tourism","description":"It\u2019s All In Penang, Experience It","potentialAction":[{"@type":"SearchAction","target":{"@type":"EntryPoint","urlTemplate":"https:\/\/penangglobaltourism.benova.com.my\/?s={search_term_string}"},"query-input":"required name=search_term_string"}],"inLanguage":"vi-VN"}]}},"_links":{"self":[{"href":"https:\/\/penangglobaltourism.benova.com.my\/vi\/wp-json\/wp\/v2\/pages\/21938","targetHints":{"allow":["GET"]}}],"collection":[{"href":"https:\/\/penangglobaltourism.benova.com.my\/vi\/wp-json\/wp\/v2\/pages"}],"about":[{"href":"https:\/\/penangglobaltourism.benova.com.my\/vi\/wp-json\/wp\/v2\/types\/page"}],"author":[{"embeddable":true,"href":"https:\/\/penangglobaltourism.benova.com.my\/vi\/wp-json\/wp\/v2\/users\/2"}],"replies":[{"embeddable":true,"href":"https:\/\/penangglobaltourism.benova.com.my\/vi\/wp-json\/wp\/v2\/comments?post=21938"}],"version-history":[{"count":11,"href":"https:\/\/penangglobaltourism.benova.com.my\/vi\/wp-json\/wp\/v2\/pages\/21938\/revisions"}],"predecessor-version":[{"id":21939,"href":"https:\/\/penangglobaltourism.benova.com.my\/vi\/wp-json\/wp\/v2\/pages\/21938\/revisions\/21939"}],"wp:attachment":[{"href":"https:\/\/penangglobaltourism.benova.com.my\/vi\/wp-json\/wp\/v2\/media?parent=21938"}],"curies":[{"name":"wp","href":"https:\/\/api.w.org\/{rel}","templated":true}]}}