{"id":23498,"date":"2021-07-15T10:19:56","date_gmt":"2021-07-15T10:19:56","guid":{"rendered":"https:\/\/penangglobaltourism.benova.com.my\/location-map\/"},"modified":"2023-12-28T11:09:38","modified_gmt":"2023-12-28T03:09:38","slug":"ban-do-vi-tri","status":"publish","type":"page","link":"https:\/\/penangglobaltourism.benova.com.my\/vi\/ban-do-vi-tri\/","title":{"rendered":"B\u1ea3n \u0111\u1ed3 v\u1ecb tr\u00ed"},"content":{"rendered":"<p>[vc_row css_animation=&#8221;&#8221; row_type=&#8221;row&#8221; use_row_as_full_screen_section=&#8221;no&#8221; type=&#8221;full_width&#8221; angled_section=&#8221;no&#8221; text_align=&#8221;left&#8221; background_image_as_pattern=&#8221;without_pattern&#8221;][vc_column][qode_elements_holder number_of_columns=&#8221;one_column&#8221; switch_to_one_column=&#8221;1000&#8243;][qode_elements_holder_item vertical_alignment=&#8221;middle&#8221; advanced_animations=&#8221;no&#8221;][vc_empty_space height=&#8221;200px&#8221; el_class=&#8221;mobile-80-height&#8221;][vc_column_text el_class=&#8221;location-text&#8221;]<\/p>\n<h2><strong>Penang ch\u00e0o \u0111\u00f3n b\u1ea1n<\/strong><\/h2>\n<p>&nbsp;<\/p>\n<p><span style=\"font-weight: 400;\">\u0110\u1ea3o Penang c\u00e1ch Butterworth 20 ph\u00fat \u0111i ph\u00e0. C\u00f3 hai c\u00e2y c\u1ea7u n\u1ed1i h\u00f2n \u0111\u1ea3o v\u1edbi ph\u1ea7n \u0111\u1ea5t li\u1ec1n: C\u1ea7u Penang v\u00e0 C\u1ea7u Penang th\u1ee9 hai (Jambatan Sultan Abdul Halim Mu\u2019adzam Shah). S\u00e2n bay qu\u1ed1c t\u1ebf Penang \u0111\u00f3n c\u00e1c chuy\u1ebfn bay qu\u1ed1c t\u1ebf \u0111\u1ebfn t\u1eeb nhi\u1ec1u qu\u1ed1c gia nh\u01b0 Trung Qu\u1ed1c, Singapore, Th\u00e1i Lan, Indonesia, Vi\u1ec7t Nam v\u00e0 Qatar.<\/span><\/p>\n<p><span style=\"font-weight: 400;\"><br \/>\n\u0110\u1ea3o Langkawi c\u00e1ch \u0111\u00f3 2 gi\u1edd 45 ph\u00fat \u0111i ph\u00e0 ho\u1eb7c 35 ph\u00fat bay ng\u1eafn. Th\u1ee7 \u0111\u00f4 Kuala Lumpur c\u1ee7a Malaysia c\u00e1ch \u0111\u00f3 50 ph\u00fat bay ho\u1eb7c c\u00f3 th\u1ec3 \u0111\u1ebfn b\u1eb1ng c\u00e1ch ng\u1ed3i b\u1ed1n gi\u1edd t\u00e0u ho\u1eb7c \u00f4 t\u00f4. C\u00f3 th\u1ec3 \u0111\u1ebfn Kota Kinabalu, th\u1ee7 ph\u1ee7 c\u1ee7a bang Sabah, b\u1eb1ng chuy\u1ebfn bay trong 2 gi\u1edd 40 ph\u00fat.<\/span>[\/vc_column_text][vc_column_text el_class=&#8221;mouseover-text&#8221;]<img decoding=\"async\" style=\"margin-right: 5px; transform: translateY(-1px);\" src=\"\/wp-content\/uploads\/2022\/05\/green-circle-bullet.svg\" width=\"9\" \/> Di chu\u1ed9t l\u00ean bi\u1ec3u t\u01b0\u1ee3ng \u0111\u1ec3 \u0111\u1ecdc th\u00eam th\u00f4ng tin[\/vc_column_text][\/qode_elements_holder_item][qode_elements_holder_item vertical_alignment=&#8221;middle&#8221; advanced_animations=&#8221;no&#8221;][\/qode_elements_holder_item][\/qode_elements_holder][vc_empty_space height=&#8221;40px&#8221;][vc_raw_html el_class=&#8221;trip-planning-div&#8221;]JTVCc2MlMjBuYW1lJTNEJTIydHJpcF9wbGFubmluZ19tYXBfdmklMjIlNUQ=[\/vc_raw_html][\/vc_column][\/vc_row][vc_column offset=&#8221;vc_hidden-md vc_hidden-sm vc_hidden-xs&#8221;][vc_empty_space height=&#8221;100px&#8221;][\/vc_column][vc_raw_js]JTNDc2NyaXB0JTNFJTBBalF1ZXJ5JTI4JTI3LmNvbnRlbnRfaW5uZXIlMjAudGl0bGVfb3V0ZXIlMjclMjkuYXBwZW5kJTI4JTI3JTNDZGl2JTIwY2xhc3MlM0QlMjJjdXN0b20tc2hhcGUtZGl2aWRlci1ib3R0b20lMjIlM0UlM0NzdmclMjBkYXRhLW5hbWUlM0QlMjJMYXllciUyMDElMjIlMjB4bWxucyUzRCUyMmh0dHAlM0ElMkYlMkZ3d3cudzMub3JnJTJGMjAwMCUyRnN2ZyUyMiUyMHZpZXdCb3glM0QlMjIwJTIwMCUyMDEyMDAlMjAxMjAlMjIlMjBwcmVzZXJ2ZUFzcGVjdFJhdGlvJTNEJTIybm9uZSUyMiUzRSUzQ3BhdGglMjBjbGFzcyUzRCUyMnNoYXBlLWZpbGwlMjIlMjBkJTNEJTIyTTUyMy45JTJDMTAwLjRMMCUyQzB2MTIwaDEyMDBWMEw2NzQlMkMxMDAuNEM2MjQuNCUyQzEwOS45JTJDNTczLjUlMkMxMDkuOCUyQzUyMy45JTJDMTAwLjR6JTIyJTJGJTNFJTNDJTJGc3ZnJTNFJTNDJTJGZGl2JTNFJTI3JTI5JTNCJTBBJTNDJTJGc2NyaXB0JTNF[\/vc_raw_js][vc_row_inner row_type=&#8221;row&#8221; type=&#8221;grid&#8221; text_align=&#8221;left&#8221; css_animation=&#8221;&#8221;][vc_column_inner offset=&#8221;vc_hidden-md vc_hidden-sm vc_hidden-xs&#8221;][vc_empty_space height=&#8221;40px&#8221;][\/vc_column_inner][\/vc_row_inner][vc_row css_animation=&#8221;&#8221; row_type=&#8221;row&#8221; use_row_as_full_screen_section=&#8221;no&#8221; type=&#8221;grid&#8221; angled_section=&#8221;no&#8221; text_align=&#8221;left&#8221; background_image_as_pattern=&#8221;without_pattern&#8221; z_index=&#8221;&#8221; css=&#8221;.vc_custom_1649256136939{background-color: #f4f4f4 !important;}&#8221;][vc_column width=&#8221;1\/6&#8243;][\/vc_column][vc_column width=&#8221;2\/3&#8243;][vc_empty_space height=&#8221;40px&#8221;][vc_column_text]<\/p>\n<h2 style=\"text-align: center;\">T\u1ea5t c\u1ea3 \u0111\u1ec1u c\u00f3 \u1edf Penang<\/h2>\n<p>[\/vc_column_text][vc_empty_space height=&#8221;20px&#8221;]<div class=\"qode_video_box disabled_hover_zoom\">\n\t<a itemprop=\"image\" class=\"qode_video_image\" href=\"https:\/\/www.youtube.com\/watch?v=s6nNV38q-9w\" data-rel=\"prettyPhoto\">\n\t\t\t\n\t\t\t<img decoding=\"async\" src=\"https:\/\/penangglobaltourism.benova.com.my\/wp-content\/uploads\/2022\/11\/penang-video-bg.jpg\" \/>\n\t\t\t<span class=\"qode_video_box_button_holder\">\n\t\t\t\t<span class=\"qode_video_box_button\">\n\t\t\t\t\t<span class=\"qode_video_box_button_arrow\">\n\t\t\t\t\t<\/span>\n\t\t\t\t<\/span>\n\t\t\t<\/span>\n\t\t\t<\/a>\n<\/div>[vc_empty_space height=&#8221;50px&#8221;][\/vc_column][vc_column width=&#8221;1\/6&#8243;][\/vc_column][\/vc_row]<\/p>\n","protected":false},"excerpt":{"rendered":"<p>[vc_row css_animation=&#8221;&#8221; row_type=&#8221;row&#8221; use_row_as_full_screen_section=&#8221;no&#8221; type=&#8221;full_width&#8221; angled_section=&#8221;no&#8221; text_align=&#8221;left&#8221; background_image_as_pattern=&#8221;without_pattern&#8221;][vc_column][qode_elements_holder number_of_columns=&#8221;one_column&#8221; switch_to_one_column=&#8221;1000&#8243;][qode_elements_holder_item vertical_alignment=&#8221;middle&#8221; advanced_animations=&#8221;no&#8221;][vc_empty_space height=&#8221;200px&#8221; el_class=&#8221;mobile-80-height&#8221;][vc_column_text el_class=&#8221;location-text&#8221;] Penang ch\u00e0o \u0111\u00f3n b\u1ea1n &nbsp; \u0110\u1ea3o Penang c\u00e1ch Butterworth 20 ph\u00fat \u0111i ph\u00e0. C\u00f3 hai c\u00e2y c\u1ea7u n\u1ed1i h\u00f2n \u0111\u1ea3o&#8230;<\/p>\n","protected":false},"author":2,"featured_media":0,"parent":0,"menu_order":0,"comment_status":"closed","ping_status":"closed","template":"full_width.php","meta":{"inline_featured_image":false,"footnotes":""},"class_list":["post-23498","page","type-page","status-publish","hentry"],"yoast_head":"<!-- This site is optimized with the Yoast SEO plugin v20.8 - https:\/\/yoast.com\/wordpress\/plugins\/seo\/ -->\n<title>B\u1ea3n \u0111\u1ed3 v\u1ecb tr\u00ed - Penang Global Tourism<\/title>\n<meta name=\"robots\" content=\"noindex, follow, max-snippet:-1, max-image-preview:large, max-video-preview:-1\" \/>\n<meta property=\"og:locale\" content=\"vi_VN\" \/>\n<meta property=\"og:type\" content=\"article\" \/>\n<meta property=\"og:title\" content=\"B\u1ea3n \u0111\u1ed3 v\u1ecb tr\u00ed - Penang Global Tourism\" \/>\n<meta property=\"og:description\" content=\"[vc_row css_animation=&#8221;&#8221; row_type=&#8221;row&#8221; use_row_as_full_screen_section=&#8221;no&#8221; type=&#8221;full_width&#8221; angled_section=&#8221;no&#8221; text_align=&#8221;left&#8221; background_image_as_pattern=&#8221;without_pattern&#8221;][vc_column][qode_elements_holder number_of_columns=&#8221;one_column&#8221; switch_to_one_column=&#8221;1000&#8243;][qode_elements_holder_item vertical_alignment=&#8221;middle&#8221; advanced_animations=&#8221;no&#8221;][vc_empty_space height=&#8221;200px&#8221; el_class=&#8221;mobile-80-height&#8221;][vc_column_text el_class=&#8221;location-text&#8221;] Penang ch\u00e0o \u0111\u00f3n b\u1ea1n &nbsp; \u0110\u1ea3o Penang c\u00e1ch Butterworth 20 ph\u00fat \u0111i ph\u00e0. C\u00f3 hai c\u00e2y c\u1ea7u n\u1ed1i h\u00f2n \u0111\u1ea3o...\" \/>\n<meta property=\"og:url\" content=\"https:\/\/penangglobaltourism.benova.com.my\/vi\/ban-do-vi-tri\/\" \/>\n<meta property=\"og:site_name\" content=\"Penang Global Tourism\" \/>\n<meta property=\"article:modified_time\" content=\"2023-12-28T03:09:38+00:00\" \/>\n<meta name=\"twitter:card\" content=\"summary_large_image\" \/>\n<meta name=\"twitter:label1\" content=\"Est. reading time\" \/>\n\t<meta name=\"twitter:data1\" content=\"2 minutes\" \/>\n<script type=\"application\/ld+json\" class=\"yoast-schema-graph\">{\"@context\":\"https:\/\/schema.org\",\"@graph\":[{\"@type\":\"WebPage\",\"@id\":\"https:\/\/penangglobaltourism.benova.com.my\/vi\/ban-do-vi-tri\/\",\"url\":\"https:\/\/penangglobaltourism.benova.com.my\/vi\/ban-do-vi-tri\/\",\"name\":\"B\u1ea3n \u0111\u1ed3 v\u1ecb tr\u00ed - Penang Global Tourism\",\"isPartOf\":{\"@id\":\"https:\/\/penangglobaltourism.benova.com.my\/#website\"},\"datePublished\":\"2021-07-15T10:19:56+00:00\",\"dateModified\":\"2023-12-28T03:09:38+00:00\",\"breadcrumb\":{\"@id\":\"https:\/\/penangglobaltourism.benova.com.my\/vi\/ban-do-vi-tri\/#breadcrumb\"},\"inLanguage\":\"vi-VN\",\"potentialAction\":[{\"@type\":\"ReadAction\",\"target\":[\"https:\/\/penangglobaltourism.benova.com.my\/vi\/ban-do-vi-tri\/\"]}]},{\"@type\":\"BreadcrumbList\",\"@id\":\"https:\/\/penangglobaltourism.benova.com.my\/vi\/ban-do-vi-tri\/#breadcrumb\",\"itemListElement\":[{\"@type\":\"ListItem\",\"position\":1,\"name\":\"Trang ch\u1ee7\",\"item\":\"https:\/\/penangglobaltourism.benova.com.my\/vi\/\"},{\"@type\":\"ListItem\",\"position\":2,\"name\":\"B\u1ea3n \u0111\u1ed3 v\u1ecb tr\u00ed\"}]},{\"@type\":\"WebSite\",\"@id\":\"https:\/\/penangglobaltourism.benova.com.my\/#website\",\"url\":\"https:\/\/penangglobaltourism.benova.com.my\/\",\"name\":\"Penang Global Tourism\",\"description\":\"It\u2019s All In Penang, Experience It\",\"potentialAction\":[{\"@type\":\"SearchAction\",\"target\":{\"@type\":\"EntryPoint\",\"urlTemplate\":\"https:\/\/penangglobaltourism.benova.com.my\/?s={search_term_string}\"},\"query-input\":\"required name=search_term_string\"}],\"inLanguage\":\"vi-VN\"}]}<\/script>\n<!-- \/ Yoast SEO plugin. -->","yoast_head_json":{"title":"B\u1ea3n \u0111\u1ed3 v\u1ecb tr\u00ed - Penang Global Tourism","robots":{"index":"noindex","follow":"follow","max-snippet":"max-snippet:-1","max-image-preview":"max-image-preview:large","max-video-preview":"max-video-preview:-1"},"og_locale":"vi_VN","og_type":"article","og_title":"B\u1ea3n \u0111\u1ed3 v\u1ecb tr\u00ed - Penang Global Tourism","og_description":"[vc_row css_animation=&#8221;&#8221; row_type=&#8221;row&#8221; use_row_as_full_screen_section=&#8221;no&#8221; type=&#8221;full_width&#8221; angled_section=&#8221;no&#8221; text_align=&#8221;left&#8221; background_image_as_pattern=&#8221;without_pattern&#8221;][vc_column][qode_elements_holder number_of_columns=&#8221;one_column&#8221; switch_to_one_column=&#8221;1000&#8243;][qode_elements_holder_item vertical_alignment=&#8221;middle&#8221; advanced_animations=&#8221;no&#8221;][vc_empty_space height=&#8221;200px&#8221; el_class=&#8221;mobile-80-height&#8221;][vc_column_text el_class=&#8221;location-text&#8221;] Penang ch\u00e0o \u0111\u00f3n b\u1ea1n &nbsp; \u0110\u1ea3o Penang c\u00e1ch Butterworth 20 ph\u00fat \u0111i ph\u00e0. C\u00f3 hai c\u00e2y c\u1ea7u n\u1ed1i h\u00f2n \u0111\u1ea3o...","og_url":"https:\/\/penangglobaltourism.benova.com.my\/vi\/ban-do-vi-tri\/","og_site_name":"Penang Global Tourism","article_modified_time":"2023-12-28T03:09:38+00:00","twitter_card":"summary_large_image","twitter_misc":{"Est. reading time":"2 minutes"},"schema":{"@context":"https:\/\/schema.org","@graph":[{"@type":"WebPage","@id":"https:\/\/penangglobaltourism.benova.com.my\/vi\/ban-do-vi-tri\/","url":"https:\/\/penangglobaltourism.benova.com.my\/vi\/ban-do-vi-tri\/","name":"B\u1ea3n \u0111\u1ed3 v\u1ecb tr\u00ed - Penang Global Tourism","isPartOf":{"@id":"https:\/\/penangglobaltourism.benova.com.my\/#website"},"datePublished":"2021-07-15T10:19:56+00:00","dateModified":"2023-12-28T03:09:38+00:00","breadcrumb":{"@id":"https:\/\/penangglobaltourism.benova.com.my\/vi\/ban-do-vi-tri\/#breadcrumb"},"inLanguage":"vi-VN","potentialAction":[{"@type":"ReadAction","target":["https:\/\/penangglobaltourism.benova.com.my\/vi\/ban-do-vi-tri\/"]}]},{"@type":"BreadcrumbList","@id":"https:\/\/penangglobaltourism.benova.com.my\/vi\/ban-do-vi-tri\/#breadcrumb","itemListElement":[{"@type":"ListItem","position":1,"name":"Trang ch\u1ee7","item":"https:\/\/penangglobaltourism.benova.com.my\/vi\/"},{"@type":"ListItem","position":2,"name":"B\u1ea3n \u0111\u1ed3 v\u1ecb tr\u00ed"}]},{"@type":"WebSite","@id":"https:\/\/penangglobaltourism.benova.com.my\/#website","url":"https:\/\/penangglobaltourism.benova.com.my\/","name":"Penang Global Tourism","description":"It\u2019s All In Penang, Experience It","potentialAction":[{"@type":"SearchAction","target":{"@type":"EntryPoint","urlTemplate":"https:\/\/penangglobaltourism.benova.com.my\/?s={search_term_string}"},"query-input":"required name=search_term_string"}],"inLanguage":"vi-VN"}]}},"_links":{"self":[{"href":"https:\/\/penangglobaltourism.benova.com.my\/vi\/wp-json\/wp\/v2\/pages\/23498","targetHints":{"allow":["GET"]}}],"collection":[{"href":"https:\/\/penangglobaltourism.benova.com.my\/vi\/wp-json\/wp\/v2\/pages"}],"about":[{"href":"https:\/\/penangglobaltourism.benova.com.my\/vi\/wp-json\/wp\/v2\/types\/page"}],"author":[{"embeddable":true,"href":"https:\/\/penangglobaltourism.benova.com.my\/vi\/wp-json\/wp\/v2\/users\/2"}],"replies":[{"embeddable":true,"href":"https:\/\/penangglobaltourism.benova.com.my\/vi\/wp-json\/wp\/v2\/comments?post=23498"}],"version-history":[{"count":5,"href":"https:\/\/penangglobaltourism.benova.com.my\/vi\/wp-json\/wp\/v2\/pages\/23498\/revisions"}],"predecessor-version":[{"id":30594,"href":"https:\/\/penangglobaltourism.benova.com.my\/vi\/wp-json\/wp\/v2\/pages\/23498\/revisions\/30594"}],"wp:attachment":[{"href":"https:\/\/penangglobaltourism.benova.com.my\/vi\/wp-json\/wp\/v2\/media?parent=23498"}],"curies":[{"name":"wp","href":"https:\/\/api.w.org\/{rel}","templated":true}]}}