{"id":24103,"date":"2021-07-27T17:49:25","date_gmt":"2021-07-27T09:49:25","guid":{"rendered":"https:\/\/penangglobaltourism.benova.com.my\/penang-medical-tourism\/"},"modified":"2024-01-17T12:51:09","modified_gmt":"2024-01-17T04:51:09","slug":"du-lich-tri-lieu-penang","status":"publish","type":"page","link":"https:\/\/penangglobaltourism.benova.com.my\/vi\/du-lich-tri-lieu-penang\/","title":{"rendered":"Du l\u1ecbch tr\u1ecb li\u1ec7u Penang (PMED)"},"content":{"rendered":"<p>[vc_row css_animation=&#8221;&#8221; row_type=&#8221;row&#8221; use_row_as_full_screen_section=&#8221;no&#8221; type=&#8221;full_width&#8221; angled_section=&#8221;no&#8221; text_align=&#8221;left&#8221; background_image_as_pattern=&#8221;without_pattern&#8221; z_index=&#8221;&#8221;][vc_column][vc_raw_js]JTNDc2NyaXB0JTNFJTBBalF1ZXJ5JTI4JTI3LmNvbnRlbnRfaW5uZXIlMjAudGl0bGVfb3V0ZXIlMjclMjkuYXBwZW5kJTI4JTI3JTNDZGl2JTIwY2xhc3MlM0QlMjJjdXN0b20tc2hhcGUtZGl2aWRlci1ib3R0b20lMjIlM0UlM0NzdmclMjBkYXRhLW5hbWUlM0QlMjJMYXllciUyMDElMjIlMjB4bWxucyUzRCUyMmh0dHAlM0ElMkYlMkZ3d3cudzMub3JnJTJGMjAwMCUyRnN2ZyUyMiUyMHZpZXdCb3glM0QlMjIwJTIwMCUyMDEyMDAlMjAxMjAlMjIlMjBwcmVzZXJ2ZUFzcGVjdFJhdGlvJTNEJTIybm9uZSUyMiUzRSUzQ3BhdGglMjBjbGFzcyUzRCUyMnNoYXBlLWZpbGwlMjIlMjBkJTNEJTIyTTUyMy45JTJDMTAwLjRMMCUyQzB2MTIwaDEyMDBWMEw2NzQlMkMxMDAuNEM2MjQuNCUyQzEwOS45JTJDNTczLjUlMkMxMDkuOCUyQzUyMy45JTJDMTAwLjR6JTIyJTJGJTNFJTNDJTJGc3ZnJTNFJTNDJTJGZGl2JTNFJTI3JTI5JTNCJTBBJTNDJTJGc2NyaXB0JTNF[\/vc_raw_js][vc_row_inner row_type=&#8221;row&#8221; type=&#8221;full_width&#8221; text_align=&#8221;left&#8221; css_animation=&#8221;&#8221;][vc_column_inner][vc_empty_space height=&#8221;80px&#8221;][\/vc_column_inner][\/vc_row_inner][vc_row_inner row_type=&#8221;row&#8221; type=&#8221;grid&#8221; text_align=&#8221;left&#8221; css_animation=&#8221;&#8221;][vc_column_inner width=&#8221;1\/6&#8243;][\/vc_column_inner][vc_column_inner el_class=&#8221;pmed-content&#8221; width=&#8221;2\/3&#8243; css=&#8221;.vc_custom_1646705649815{padding-bottom: 60px !important;}&#8221;][vc_single_image image=&#8221;12376&#8243; img_size=&#8221;full&#8221; alignment=&#8221;center&#8221; qode_css_animation=&#8221;&#8221; el_class=&#8221;med-img&#8221;][\/vc_column_inner][vc_column_inner width=&#8221;1\/6&#8243;][\/vc_column_inner][\/vc_row_inner][vc_row_inner row_type=&#8221;row&#8221; type=&#8221;grid&#8221; text_align=&#8221;left&#8221; css_animation=&#8221;&#8221;][vc_column_inner width=&#8221;1\/6&#8243;][\/vc_column_inner][vc_column_inner el_class=&#8221;pmed-content&#8221; width=&#8221;2\/3&#8243; css=&#8221;.vc_custom_1646705643749{padding-bottom: 60px !important;}&#8221;][vc_column_text css=&#8221;.vc_custom_1705467057890{background-position: center !important;background-repeat: no-repeat !important;background-size: cover !important;}&#8221;]<\/p>\n<p style=\"text-align: justify;\">Malaysia hi\u1ec7n n\u1eb1m trong s\u1ed1 c\u00e1c \u0111i\u1ec3m du l\u1ecbch k\u1ebft h\u1ee3p ch\u0103m s\u00f3c s\u1ee9c kho\u1ebb h\u00e0ng \u0111\u1ea7u th\u1ebf gi\u1edbi. Nhi\u1ec1u kh\u00e1ch du l\u1ecbch c\u00f3 nhu c\u1ea7u ch\u0103m s\u00f3c s\u1ee9c kh\u1ecfe l\u1ef1a ch\u1ecdn Penang l\u00e0m \u0111i\u1ec3m \u0111\u1ebfn \u01b0a th\u00edch v\u00ec c\u01a1 s\u1edf y t\u1ebf ch\u1ea5t l\u01b0\u1ee3ng cao v\u00e0 gi\u00e1 c\u1ea3 ph\u1ea3i ch\u0103ng.<\/p>\n<p style=\"text-align: justify;\">D\u1ecbch v\u1ee5 du l\u1ecbch k\u1ebft h\u1ee3p ch\u0103m s\u00f3c s\u1ee9c kh\u1ecfe \u1edf Penang \u0111\u01b0\u1ee3c B\u1ed9 Y t\u1ebf v\u00e0 B\u1ed9 Du l\u1ecbch Malaysia gi\u00e1m s\u00e1t ch\u1eb7t ch\u1ebd nh\u1eb1m \u0111\u1ea3m b\u1ea3o b\u1ec7nh nh\u00e2n \u0111\u1ebfn th\u0103m kh\u00e1m nh\u1eadn \u0111\u01b0\u1ee3c d\u1ecbch v\u1ee5 ch\u0103m s\u00f3c t\u1ed1t nh\u1ea5t.<\/p>\n<p style=\"text-align: justify;\">C\u00e1c c\u01a1 s\u1edf ch\u0103m s\u00f3c s\u1ee9c kh\u1ecfe t\u01b0 nh\u00e2n h\u00e0ng \u0111\u1ea7u c\u1ee7a Penang \u0111\u00e1p \u1ee9ng nh\u1eefng ti\u00eau chu\u1ea9n c\u1ee7a Hi\u1ec7p h\u1ed9i ch\u1ea5t l\u01b0\u1ee3ng y t\u1ebf Malaysia (MSQH). Ngo\u00e0i ra, nhi\u1ec1u b\u1ec7nh vi\u1ec7n c\u0169ng \u0111\u01b0\u1ee3c c\u00f4ng nh\u1eadn \u0111\u1ea1t ti\u00eau chu\u1ea9n ISO 9001 v\u1ec1 H\u1ec7 th\u1ed1ng qu\u1ea3n l\u00fd ch\u1ea5t l\u01b0\u1ee3ng v\u00e0 \u0111\u1ea1t \u0111\u01b0\u1ee3c ch\u1ee9ng nh\u1eadn c\u1ee7a t\u1ed5 ch\u1ee9c Joint Commission International (JCI).<\/p>\n<p style=\"text-align: justify;\">\u0110\u1ec3 bi\u1ebft th\u00eam th\u00f4ng tin, h\u00e3y truy c\u1eadp <a href=\"https:\/\/pmed.my\/\">pmed.my<\/a>.<\/p>\n<p>[\/vc_column_text][\/vc_column_inner][vc_column_inner width=&#8221;1\/6&#8243;][\/vc_column_inner][\/vc_row_inner][vc_row_inner row_type=&#8221;row&#8221; type=&#8221;full_width&#8221; text_align=&#8221;left&#8221; css_animation=&#8221;&#8221;][vc_column_inner][vc_empty_space height=&#8221;80px&#8221;][\/vc_column_inner][\/vc_row_inner][\/vc_column][\/vc_row]<\/p>\n","protected":false},"excerpt":{"rendered":"<p>[vc_row css_animation=&#8221;&#8221; row_type=&#8221;row&#8221; use_row_as_full_screen_section=&#8221;no&#8221; type=&#8221;full_width&#8221; angled_section=&#8221;no&#8221; text_align=&#8221;left&#8221; background_image_as_pattern=&#8221;without_pattern&#8221; z_index=&#8221;&#8221;][vc_column][vc_raw_js]JTNDc2NyaXB0JTNFJTBBalF1ZXJ5JTI4JTI3LmNvbnRlbnRfaW5uZXIlMjAudGl0bGVfb3V0ZXIlMjclMjkuYXBwZW5kJTI4JTI3JTNDZGl2JTIwY2xhc3MlM0QlMjJjdXN0b20tc2hhcGUtZGl2aWRlci1ib3R0b20lMjIlM0UlM0NzdmclMjBkYXRhLW5hbWUlM0QlMjJMYXllciUyMDElMjIlMjB4bWxucyUzRCUyMmh0dHAlM0ElMkYlMkZ3d3cudzMub3JnJTJGMjAwMCUyRnN2ZyUyMiUyMHZpZXdCb3glM0QlMjIwJTIwMCUyMDEyMDAlMjAxMjAlMjIlMjBwcmVzZXJ2ZUFzcGVjdFJhdGlvJTNEJTIybm9uZSUyMiUzRSUzQ3BhdGglMjBjbGFzcyUzRCUyMnNoYXBlLWZpbGwlMjIlMjBkJTNEJTIyTTUyMy45JTJDMTAwLjRMMCUyQzB2MTIwaDEyMDBWMEw2NzQlMkMxMDAuNEM2MjQuNCUyQzEwOS45JTJDNTczLjUlMkMxMDkuOCUyQzUyMy45JTJDMTAwLjR6JTIyJTJGJTNFJTNDJTJGc3ZnJTNFJTNDJTJGZGl2JTNFJTI3JTI5JTNCJTBBJTNDJTJGc2NyaXB0JTNF[\/vc_raw_js][vc_row_inner row_type=&#8221;row&#8221; type=&#8221;full_width&#8221; text_align=&#8221;left&#8221; css_animation=&#8221;&#8221;][vc_column_inner][vc_empty_space height=&#8221;80px&#8221;][\/vc_column_inner][\/vc_row_inner][vc_row_inner row_type=&#8221;row&#8221; type=&#8221;grid&#8221; text_align=&#8221;left&#8221; css_animation=&#8221;&#8221;][vc_column_inner width=&#8221;1\/6&#8243;][\/vc_column_inner][vc_column_inner el_class=&#8221;pmed-content&#8221; width=&#8221;2\/3&#8243; css=&#8221;.vc_custom_1646705649815{padding-bottom: 60px !important;}&#8221;][vc_single_image image=&#8221;12376&#8243; img_size=&#8221;full&#8221; alignment=&#8221;center&#8221; qode_css_animation=&#8221;&#8221; el_class=&#8221;med-img&#8221;][\/vc_column_inner][vc_column_inner width=&#8221;1\/6&#8243;][\/vc_column_inner][\/vc_row_inner][vc_row_inner row_type=&#8221;row&#8221; type=&#8221;grid&#8221; text_align=&#8221;left&#8221; css_animation=&#8221;&#8221;][vc_column_inner width=&#8221;1\/6&#8243;][\/vc_column_inner][vc_column_inner&#8230;<\/p>\n","protected":false},"author":2,"featured_media":0,"parent":0,"menu_order":0,"comment_status":"closed","ping_status":"closed","template":"full_width.php","meta":{"inline_featured_image":false,"footnotes":""},"class_list":["post-24103","page","type-page","status-publish","hentry"],"yoast_head":"<!-- This site is optimized with the Yoast SEO plugin v20.8 - https:\/\/yoast.com\/wordpress\/plugins\/seo\/ -->\n<title>Du l\u1ecbch tr\u1ecb li\u1ec7u Penang (PMED) - Penang Global Tourism<\/title>\n<meta name=\"robots\" content=\"noindex, follow, max-snippet:-1, max-image-preview:large, max-video-preview:-1\" \/>\n<meta property=\"og:locale\" content=\"vi_VN\" \/>\n<meta property=\"og:type\" content=\"article\" \/>\n<meta property=\"og:title\" content=\"Du l\u1ecbch tr\u1ecb li\u1ec7u Penang (PMED) - Penang Global Tourism\" \/>\n<meta property=\"og:description\" content=\"[vc_row css_animation=&#8221;&#8221; row_type=&#8221;row&#8221; use_row_as_full_screen_section=&#8221;no&#8221; type=&#8221;full_width&#8221; angled_section=&#8221;no&#8221; text_align=&#8221;left&#8221; background_image_as_pattern=&#8221;without_pattern&#8221; z_index=&#8221;&#8221;][vc_column][vc_raw_js]JTNDc2NyaXB0JTNFJTBBalF1ZXJ5JTI4JTI3LmNvbnRlbnRfaW5uZXIlMjAudGl0bGVfb3V0ZXIlMjclMjkuYXBwZW5kJTI4JTI3JTNDZGl2JTIwY2xhc3MlM0QlMjJjdXN0b20tc2hhcGUtZGl2aWRlci1ib3R0b20lMjIlM0UlM0NzdmclMjBkYXRhLW5hbWUlM0QlMjJMYXllciUyMDElMjIlMjB4bWxucyUzRCUyMmh0dHAlM0ElMkYlMkZ3d3cudzMub3JnJTJGMjAwMCUyRnN2ZyUyMiUyMHZpZXdCb3glM0QlMjIwJTIwMCUyMDEyMDAlMjAxMjAlMjIlMjBwcmVzZXJ2ZUFzcGVjdFJhdGlvJTNEJTIybm9uZSUyMiUzRSUzQ3BhdGglMjBjbGFzcyUzRCUyMnNoYXBlLWZpbGwlMjIlMjBkJTNEJTIyTTUyMy45JTJDMTAwLjRMMCUyQzB2MTIwaDEyMDBWMEw2NzQlMkMxMDAuNEM2MjQuNCUyQzEwOS45JTJDNTczLjUlMkMxMDkuOCUyQzUyMy45JTJDMTAwLjR6JTIyJTJGJTNFJTNDJTJGc3ZnJTNFJTNDJTJGZGl2JTNFJTI3JTI5JTNCJTBBJTNDJTJGc2NyaXB0JTNF[\/vc_raw_js][vc_row_inner row_type=&#8221;row&#8221; type=&#8221;full_width&#8221; text_align=&#8221;left&#8221; css_animation=&#8221;&#8221;][vc_column_inner][vc_empty_space height=&#8221;80px&#8221;][\/vc_column_inner][\/vc_row_inner][vc_row_inner row_type=&#8221;row&#8221; type=&#8221;grid&#8221; text_align=&#8221;left&#8221; css_animation=&#8221;&#8221;][vc_column_inner width=&#8221;1\/6&#8243;][\/vc_column_inner][vc_column_inner el_class=&#8221;pmed-content&#8221; width=&#8221;2\/3&#8243; css=&#8221;.vc_custom_1646705649815{padding-bottom: 60px !important;}&#8221;][vc_single_image image=&#8221;12376&#8243; img_size=&#8221;full&#8221; alignment=&#8221;center&#8221; qode_css_animation=&#8221;&#8221; el_class=&#8221;med-img&#8221;][\/vc_column_inner][vc_column_inner width=&#8221;1\/6&#8243;][\/vc_column_inner][\/vc_row_inner][vc_row_inner row_type=&#8221;row&#8221; type=&#8221;grid&#8221; text_align=&#8221;left&#8221; css_animation=&#8221;&#8221;][vc_column_inner width=&#8221;1\/6&#8243;][\/vc_column_inner][vc_column_inner...\" \/>\n<meta property=\"og:url\" content=\"https:\/\/penangglobaltourism.benova.com.my\/vi\/du-lich-tri-lieu-penang\/\" \/>\n<meta property=\"og:site_name\" content=\"Penang Global Tourism\" \/>\n<meta property=\"article:modified_time\" content=\"2024-01-17T04:51:09+00:00\" \/>\n<meta name=\"twitter:card\" content=\"summary_large_image\" \/>\n<meta name=\"twitter:label1\" content=\"Est. reading time\" \/>\n\t<meta name=\"twitter:data1\" content=\"1 minute\" \/>\n<script type=\"application\/ld+json\" class=\"yoast-schema-graph\">{\"@context\":\"https:\/\/schema.org\",\"@graph\":[{\"@type\":\"WebPage\",\"@id\":\"https:\/\/penangglobaltourism.benova.com.my\/vi\/du-lich-tri-lieu-penang\/\",\"url\":\"https:\/\/penangglobaltourism.benova.com.my\/vi\/du-lich-tri-lieu-penang\/\",\"name\":\"Du l\u1ecbch tr\u1ecb li\u1ec7u Penang (PMED) - Penang Global Tourism\",\"isPartOf\":{\"@id\":\"https:\/\/penangglobaltourism.benova.com.my\/#website\"},\"datePublished\":\"2021-07-27T09:49:25+00:00\",\"dateModified\":\"2024-01-17T04:51:09+00:00\",\"breadcrumb\":{\"@id\":\"https:\/\/penangglobaltourism.benova.com.my\/vi\/du-lich-tri-lieu-penang\/#breadcrumb\"},\"inLanguage\":\"vi-VN\",\"potentialAction\":[{\"@type\":\"ReadAction\",\"target\":[\"https:\/\/penangglobaltourism.benova.com.my\/vi\/du-lich-tri-lieu-penang\/\"]}]},{\"@type\":\"BreadcrumbList\",\"@id\":\"https:\/\/penangglobaltourism.benova.com.my\/vi\/du-lich-tri-lieu-penang\/#breadcrumb\",\"itemListElement\":[{\"@type\":\"ListItem\",\"position\":1,\"name\":\"Trang ch\u1ee7\",\"item\":\"https:\/\/penangglobaltourism.benova.com.my\/vi\/\"},{\"@type\":\"ListItem\",\"position\":2,\"name\":\"Du l\u1ecbch tr\u1ecb li\u1ec7u Penang (PMED)\"}]},{\"@type\":\"WebSite\",\"@id\":\"https:\/\/penangglobaltourism.benova.com.my\/#website\",\"url\":\"https:\/\/penangglobaltourism.benova.com.my\/\",\"name\":\"Penang Global Tourism\",\"description\":\"It\u2019s All In Penang, Experience It\",\"potentialAction\":[{\"@type\":\"SearchAction\",\"target\":{\"@type\":\"EntryPoint\",\"urlTemplate\":\"https:\/\/penangglobaltourism.benova.com.my\/?s={search_term_string}\"},\"query-input\":\"required name=search_term_string\"}],\"inLanguage\":\"vi-VN\"}]}<\/script>\n<!-- \/ Yoast SEO plugin. -->","yoast_head_json":{"title":"Du l\u1ecbch tr\u1ecb li\u1ec7u Penang (PMED) - Penang Global Tourism","robots":{"index":"noindex","follow":"follow","max-snippet":"max-snippet:-1","max-image-preview":"max-image-preview:large","max-video-preview":"max-video-preview:-1"},"og_locale":"vi_VN","og_type":"article","og_title":"Du l\u1ecbch tr\u1ecb li\u1ec7u Penang (PMED) - Penang Global Tourism","og_description":"[vc_row css_animation=&#8221;&#8221; row_type=&#8221;row&#8221; use_row_as_full_screen_section=&#8221;no&#8221; type=&#8221;full_width&#8221; angled_section=&#8221;no&#8221; text_align=&#8221;left&#8221; background_image_as_pattern=&#8221;without_pattern&#8221; z_index=&#8221;&#8221;][vc_column][vc_raw_js]JTNDc2NyaXB0JTNFJTBBalF1ZXJ5JTI4JTI3LmNvbnRlbnRfaW5uZXIlMjAudGl0bGVfb3V0ZXIlMjclMjkuYXBwZW5kJTI4JTI3JTNDZGl2JTIwY2xhc3MlM0QlMjJjdXN0b20tc2hhcGUtZGl2aWRlci1ib3R0b20lMjIlM0UlM0NzdmclMjBkYXRhLW5hbWUlM0QlMjJMYXllciUyMDElMjIlMjB4bWxucyUzRCUyMmh0dHAlM0ElMkYlMkZ3d3cudzMub3JnJTJGMjAwMCUyRnN2ZyUyMiUyMHZpZXdCb3glM0QlMjIwJTIwMCUyMDEyMDAlMjAxMjAlMjIlMjBwcmVzZXJ2ZUFzcGVjdFJhdGlvJTNEJTIybm9uZSUyMiUzRSUzQ3BhdGglMjBjbGFzcyUzRCUyMnNoYXBlLWZpbGwlMjIlMjBkJTNEJTIyTTUyMy45JTJDMTAwLjRMMCUyQzB2MTIwaDEyMDBWMEw2NzQlMkMxMDAuNEM2MjQuNCUyQzEwOS45JTJDNTczLjUlMkMxMDkuOCUyQzUyMy45JTJDMTAwLjR6JTIyJTJGJTNFJTNDJTJGc3ZnJTNFJTNDJTJGZGl2JTNFJTI3JTI5JTNCJTBBJTNDJTJGc2NyaXB0JTNF[\/vc_raw_js][vc_row_inner row_type=&#8221;row&#8221; type=&#8221;full_width&#8221; text_align=&#8221;left&#8221; css_animation=&#8221;&#8221;][vc_column_inner][vc_empty_space height=&#8221;80px&#8221;][\/vc_column_inner][\/vc_row_inner][vc_row_inner row_type=&#8221;row&#8221; type=&#8221;grid&#8221; text_align=&#8221;left&#8221; css_animation=&#8221;&#8221;][vc_column_inner width=&#8221;1\/6&#8243;][\/vc_column_inner][vc_column_inner el_class=&#8221;pmed-content&#8221; width=&#8221;2\/3&#8243; css=&#8221;.vc_custom_1646705649815{padding-bottom: 60px !important;}&#8221;][vc_single_image image=&#8221;12376&#8243; img_size=&#8221;full&#8221; alignment=&#8221;center&#8221; qode_css_animation=&#8221;&#8221; el_class=&#8221;med-img&#8221;][\/vc_column_inner][vc_column_inner width=&#8221;1\/6&#8243;][\/vc_column_inner][\/vc_row_inner][vc_row_inner row_type=&#8221;row&#8221; type=&#8221;grid&#8221; text_align=&#8221;left&#8221; css_animation=&#8221;&#8221;][vc_column_inner width=&#8221;1\/6&#8243;][\/vc_column_inner][vc_column_inner...","og_url":"https:\/\/penangglobaltourism.benova.com.my\/vi\/du-lich-tri-lieu-penang\/","og_site_name":"Penang Global Tourism","article_modified_time":"2024-01-17T04:51:09+00:00","twitter_card":"summary_large_image","twitter_misc":{"Est. reading time":"1 minute"},"schema":{"@context":"https:\/\/schema.org","@graph":[{"@type":"WebPage","@id":"https:\/\/penangglobaltourism.benova.com.my\/vi\/du-lich-tri-lieu-penang\/","url":"https:\/\/penangglobaltourism.benova.com.my\/vi\/du-lich-tri-lieu-penang\/","name":"Du l\u1ecbch tr\u1ecb li\u1ec7u Penang (PMED) - Penang Global Tourism","isPartOf":{"@id":"https:\/\/penangglobaltourism.benova.com.my\/#website"},"datePublished":"2021-07-27T09:49:25+00:00","dateModified":"2024-01-17T04:51:09+00:00","breadcrumb":{"@id":"https:\/\/penangglobaltourism.benova.com.my\/vi\/du-lich-tri-lieu-penang\/#breadcrumb"},"inLanguage":"vi-VN","potentialAction":[{"@type":"ReadAction","target":["https:\/\/penangglobaltourism.benova.com.my\/vi\/du-lich-tri-lieu-penang\/"]}]},{"@type":"BreadcrumbList","@id":"https:\/\/penangglobaltourism.benova.com.my\/vi\/du-lich-tri-lieu-penang\/#breadcrumb","itemListElement":[{"@type":"ListItem","position":1,"name":"Trang ch\u1ee7","item":"https:\/\/penangglobaltourism.benova.com.my\/vi\/"},{"@type":"ListItem","position":2,"name":"Du l\u1ecbch tr\u1ecb li\u1ec7u Penang (PMED)"}]},{"@type":"WebSite","@id":"https:\/\/penangglobaltourism.benova.com.my\/#website","url":"https:\/\/penangglobaltourism.benova.com.my\/","name":"Penang Global Tourism","description":"It\u2019s All In Penang, Experience It","potentialAction":[{"@type":"SearchAction","target":{"@type":"EntryPoint","urlTemplate":"https:\/\/penangglobaltourism.benova.com.my\/?s={search_term_string}"},"query-input":"required name=search_term_string"}],"inLanguage":"vi-VN"}]}},"_links":{"self":[{"href":"https:\/\/penangglobaltourism.benova.com.my\/vi\/wp-json\/wp\/v2\/pages\/24103","targetHints":{"allow":["GET"]}}],"collection":[{"href":"https:\/\/penangglobaltourism.benova.com.my\/vi\/wp-json\/wp\/v2\/pages"}],"about":[{"href":"https:\/\/penangglobaltourism.benova.com.my\/vi\/wp-json\/wp\/v2\/types\/page"}],"author":[{"embeddable":true,"href":"https:\/\/penangglobaltourism.benova.com.my\/vi\/wp-json\/wp\/v2\/users\/2"}],"replies":[{"embeddable":true,"href":"https:\/\/penangglobaltourism.benova.com.my\/vi\/wp-json\/wp\/v2\/comments?post=24103"}],"version-history":[{"count":3,"href":"https:\/\/penangglobaltourism.benova.com.my\/vi\/wp-json\/wp\/v2\/pages\/24103\/revisions"}],"predecessor-version":[{"id":32244,"href":"https:\/\/penangglobaltourism.benova.com.my\/vi\/wp-json\/wp\/v2\/pages\/24103\/revisions\/32244"}],"wp:attachment":[{"href":"https:\/\/penangglobaltourism.benova.com.my\/vi\/wp-json\/wp\/v2\/media?parent=24103"}],"curies":[{"name":"wp","href":"https:\/\/api.w.org\/{rel}","templated":true}]}}