{"id":24105,"date":"2021-07-27T22:16:11","date_gmt":"2021-07-27T14:16:11","guid":{"rendered":"https:\/\/penangglobaltourism.benova.com.my\/studypenang\/"},"modified":"2024-01-17T12:52:39","modified_gmt":"2024-01-17T04:52:39","slug":"studypenang","status":"publish","type":"page","link":"https:\/\/penangglobaltourism.benova.com.my\/vi\/studypenang\/","title":{"rendered":"StudyPENANG"},"content":{"rendered":"<p>[vc_row css_animation=&#8221;&#8221; row_type=&#8221;row&#8221; use_row_as_full_screen_section=&#8221;no&#8221; type=&#8221;full_width&#8221; angled_section=&#8221;no&#8221; text_align=&#8221;left&#8221; background_image_as_pattern=&#8221;without_pattern&#8221; z_index=&#8221;&#8221;][vc_column][vc_raw_js]JTNDc2NyaXB0JTNFJTBBalF1ZXJ5JTI4JTI3LmNvbnRlbnRfaW5uZXIlMjAudGl0bGVfb3V0ZXIlMjclMjkuYXBwZW5kJTI4JTI3JTNDZGl2JTIwY2xhc3MlM0QlMjJjdXN0b20tc2hhcGUtZGl2aWRlci1ib3R0b20lMjIlM0UlM0NzdmclMjBkYXRhLW5hbWUlM0QlMjJMYXllciUyMDElMjIlMjB4bWxucyUzRCUyMmh0dHAlM0ElMkYlMkZ3d3cudzMub3JnJTJGMjAwMCUyRnN2ZyUyMiUyMHZpZXdCb3glM0QlMjIwJTIwMCUyMDEyMDAlMjAxMjAlMjIlMjBwcmVzZXJ2ZUFzcGVjdFJhdGlvJTNEJTIybm9uZSUyMiUzRSUzQ3BhdGglMjBjbGFzcyUzRCUyMnNoYXBlLWZpbGwlMjIlMjBkJTNEJTIyTTUyMy45JTJDMTAwLjRMMCUyQzB2MTIwaDEyMDBWMEw2NzQlMkMxMDAuNEM2MjQuNCUyQzEwOS45JTJDNTczLjUlMkMxMDkuOCUyQzUyMy45JTJDMTAwLjR6JTIyJTJGJTNFJTNDJTJGc3ZnJTNFJTNDJTJGZGl2JTNFJTI3JTI5JTNCJTBBJTNDJTJGc2NyaXB0JTNF[\/vc_raw_js][vc_row_inner row_type=&#8221;row&#8221; type=&#8221;full_width&#8221; text_align=&#8221;left&#8221; css_animation=&#8221;&#8221;][vc_column_inner][vc_empty_space height=&#8221;80px&#8221;][\/vc_column_inner][\/vc_row_inner][vc_row_inner row_type=&#8221;row&#8221; type=&#8221;grid&#8221; text_align=&#8221;left&#8221; css_animation=&#8221;&#8221;][vc_column_inner width=&#8221;1\/6&#8243;][\/vc_column_inner][vc_column_inner el_class=&#8221;studyPG-content&#8221; width=&#8221;2\/3&#8243; css=&#8221;.vc_custom_1646706656028{padding-bottom: 60px !important;}&#8221;][vc_single_image image=&#8221;12399&#8243; img_size=&#8221;full&#8221; alignment=&#8221;center&#8221; qode_css_animation=&#8221;&#8221; el_class=&#8221;school-img&#8221;][\/vc_column_inner][vc_column_inner width=&#8221;1\/6&#8243;][\/vc_column_inner][\/vc_row_inner][vc_row_inner row_type=&#8221;row&#8221; type=&#8221;grid&#8221; text_align=&#8221;left&#8221; css_animation=&#8221;&#8221;][vc_column_inner width=&#8221;1\/6&#8243;][\/vc_column_inner][vc_column_inner el_class=&#8221;studyPG-content&#8221; width=&#8221;2\/3&#8243; css=&#8221;.vc_custom_1646706656028{padding-bottom: 60px !important;}&#8221;][vc_column_text css=&#8221;.vc_custom_1705467163751{background-position: center !important;background-repeat: no-repeat !important;background-size: cover !important;}&#8221;]<\/p>\n<p style=\"text-align: justify;\"><span style=\"font-weight: 400;\">Penang \u0111ang n\u1ed7 l\u1ef1c tr\u1edf th\u00e0nh trung t\u00e2m gi\u00e1o d\u1ee5c \u0111\u1eb3ng c\u1ea5p th\u1ebf gi\u1edbi, mang l\u1ea1i nh\u1eefng tr\u1ea3i nghi\u1ec7m h\u1ecdc t\u1eadp chuy\u00ean nghi\u1ec7p cho sinh vi\u00ean to\u00e0n c\u1ea7u. V\u1edbi c\u00e1c kh\u00f3a h\u1ecdc \u0111a d\u1ea1ng t\u1ea1i c\u00e1c tr\u01b0\u1eddng cao \u0111\u1eb3ng v\u00e0 \u0111\u1ea1i h\u1ecdc h\u00e0ng \u0111\u1ea7u \u0111\u01b0\u1ee3c qu\u1ed1c t\u1ebf c\u00f4ng nh\u1eadn, Penang tr\u1edf th\u00e0nh l\u1ef1a ch\u1ecdn h\u00e0ng \u0111\u1ea7u cho nh\u1eefng ng\u01b0\u1eddi mong mu\u1ed1n h\u1ecdc \u0111\u1ea1i h\u1ecdc.<\/span><\/p>\n<p>&nbsp;<\/p>\n<p style=\"text-align: justify;\"><span style=\"font-weight: 400;\">Nhi\u1ec1u tr\u01b0\u1eddng c\u00f4ng l\u1eadp \u1edf Penang l\u1ecdt v\u00e0o top nh\u1eefng tr\u01b0\u1eddng t\u1ed1t nh\u1ea5t v\u00e0 l\u00e2u \u0111\u1eddi nh\u1ea5t trong n\u01b0\u1edbc v\u00e0 khu v\u1ef1c, v\u1edbi l\u1ecbch s\u1eed tr\u1ea3i d\u00e0i t\u1eeb nh\u1eefng ng\u00e0y \u0111\u1ea7u ch\u00ednh quy\u1ec1n Anh cai tr\u1ecb.<\/span><\/p>\n<p>&nbsp;<\/p>\n<p style=\"text-align: justify;\"><span style=\"font-weight: 400;\">D\u1ef1a tr\u00ean l\u1ecbch s\u1eed l\u1eaby l\u1eebng v\u00e0 vi\u1ec7c s\u1eed d\u1ee5ng ti\u1ebfng Anh r\u1ed9ng r\u00e3i, Penang \u0111\u00e3 ho\u00e0n to\u00e0n s\u1eb5n s\u00e0ng v\u01b0\u01a1n l\u00ean th\u00e0nh m\u1ed9t trung t\u00e2m gi\u00e1o d\u1ee5c xu\u1ea5t s\u1eafc.<\/span><\/p>\n<p>&nbsp;<\/p>\n<p style=\"text-align: justify;\">\u0110\u1ec3 bi\u1ebft th\u00eam th\u00f4ng tin, h\u00e3y truy c\u1eadp <a href=\"https:\/\/studypenang.gov.my\/\">studypenang.gov.my<\/a><\/p>\n<p>[\/vc_column_text][\/vc_column_inner][vc_column_inner width=&#8221;1\/6&#8243;][\/vc_column_inner][\/vc_row_inner][vc_row_inner row_type=&#8221;row&#8221; type=&#8221;full_width&#8221; text_align=&#8221;left&#8221; css_animation=&#8221;&#8221;][vc_column_inner][vc_empty_space height=&#8221;80px&#8221;][\/vc_column_inner][\/vc_row_inner][\/vc_column][\/vc_row]<\/p>\n","protected":false},"excerpt":{"rendered":"<p>[vc_row css_animation=&#8221;&#8221; row_type=&#8221;row&#8221; use_row_as_full_screen_section=&#8221;no&#8221; type=&#8221;full_width&#8221; angled_section=&#8221;no&#8221; text_align=&#8221;left&#8221; background_image_as_pattern=&#8221;without_pattern&#8221; z_index=&#8221;&#8221;][vc_column][vc_raw_js]JTNDc2NyaXB0JTNFJTBBalF1ZXJ5JTI4JTI3LmNvbnRlbnRfaW5uZXIlMjAudGl0bGVfb3V0ZXIlMjclMjkuYXBwZW5kJTI4JTI3JTNDZGl2JTIwY2xhc3MlM0QlMjJjdXN0b20tc2hhcGUtZGl2aWRlci1ib3R0b20lMjIlM0UlM0NzdmclMjBkYXRhLW5hbWUlM0QlMjJMYXllciUyMDElMjIlMjB4bWxucyUzRCUyMmh0dHAlM0ElMkYlMkZ3d3cudzMub3JnJTJGMjAwMCUyRnN2ZyUyMiUyMHZpZXdCb3glM0QlMjIwJTIwMCUyMDEyMDAlMjAxMjAlMjIlMjBwcmVzZXJ2ZUFzcGVjdFJhdGlvJTNEJTIybm9uZSUyMiUzRSUzQ3BhdGglMjBjbGFzcyUzRCUyMnNoYXBlLWZpbGwlMjIlMjBkJTNEJTIyTTUyMy45JTJDMTAwLjRMMCUyQzB2MTIwaDEyMDBWMEw2NzQlMkMxMDAuNEM2MjQuNCUyQzEwOS45JTJDNTczLjUlMkMxMDkuOCUyQzUyMy45JTJDMTAwLjR6JTIyJTJGJTNFJTNDJTJGc3ZnJTNFJTNDJTJGZGl2JTNFJTI3JTI5JTNCJTBBJTNDJTJGc2NyaXB0JTNF[\/vc_raw_js][vc_row_inner row_type=&#8221;row&#8221; type=&#8221;full_width&#8221; text_align=&#8221;left&#8221; css_animation=&#8221;&#8221;][vc_column_inner][vc_empty_space height=&#8221;80px&#8221;][\/vc_column_inner][\/vc_row_inner][vc_row_inner row_type=&#8221;row&#8221; type=&#8221;grid&#8221; text_align=&#8221;left&#8221; css_animation=&#8221;&#8221;][vc_column_inner width=&#8221;1\/6&#8243;][\/vc_column_inner][vc_column_inner el_class=&#8221;studyPG-content&#8221; width=&#8221;2\/3&#8243; css=&#8221;.vc_custom_1646706656028{padding-bottom: 60px !important;}&#8221;][vc_single_image image=&#8221;12399&#8243; img_size=&#8221;full&#8221; alignment=&#8221;center&#8221; qode_css_animation=&#8221;&#8221; el_class=&#8221;school-img&#8221;][\/vc_column_inner][vc_column_inner width=&#8221;1\/6&#8243;][\/vc_column_inner][\/vc_row_inner][vc_row_inner row_type=&#8221;row&#8221; type=&#8221;grid&#8221; text_align=&#8221;left&#8221; css_animation=&#8221;&#8221;][vc_column_inner width=&#8221;1\/6&#8243;][\/vc_column_inner][vc_column_inner&#8230;<\/p>\n","protected":false},"author":2,"featured_media":0,"parent":0,"menu_order":0,"comment_status":"closed","ping_status":"closed","template":"full_width.php","meta":{"inline_featured_image":false,"footnotes":""},"class_list":["post-24105","page","type-page","status-publish","hentry"],"yoast_head":"<!-- This site is optimized with the Yoast SEO plugin v20.8 - https:\/\/yoast.com\/wordpress\/plugins\/seo\/ -->\n<title>StudyPENANG - Penang Global Tourism<\/title>\n<meta name=\"robots\" content=\"noindex, follow, max-snippet:-1, max-image-preview:large, max-video-preview:-1\" \/>\n<meta property=\"og:locale\" content=\"vi_VN\" \/>\n<meta property=\"og:type\" content=\"article\" \/>\n<meta property=\"og:title\" content=\"StudyPENANG - Penang Global Tourism\" \/>\n<meta property=\"og:description\" content=\"[vc_row css_animation=&#8221;&#8221; row_type=&#8221;row&#8221; use_row_as_full_screen_section=&#8221;no&#8221; type=&#8221;full_width&#8221; angled_section=&#8221;no&#8221; text_align=&#8221;left&#8221; background_image_as_pattern=&#8221;without_pattern&#8221; z_index=&#8221;&#8221;][vc_column][vc_raw_js]JTNDc2NyaXB0JTNFJTBBalF1ZXJ5JTI4JTI3LmNvbnRlbnRfaW5uZXIlMjAudGl0bGVfb3V0ZXIlMjclMjkuYXBwZW5kJTI4JTI3JTNDZGl2JTIwY2xhc3MlM0QlMjJjdXN0b20tc2hhcGUtZGl2aWRlci1ib3R0b20lMjIlM0UlM0NzdmclMjBkYXRhLW5hbWUlM0QlMjJMYXllciUyMDElMjIlMjB4bWxucyUzRCUyMmh0dHAlM0ElMkYlMkZ3d3cudzMub3JnJTJGMjAwMCUyRnN2ZyUyMiUyMHZpZXdCb3glM0QlMjIwJTIwMCUyMDEyMDAlMjAxMjAlMjIlMjBwcmVzZXJ2ZUFzcGVjdFJhdGlvJTNEJTIybm9uZSUyMiUzRSUzQ3BhdGglMjBjbGFzcyUzRCUyMnNoYXBlLWZpbGwlMjIlMjBkJTNEJTIyTTUyMy45JTJDMTAwLjRMMCUyQzB2MTIwaDEyMDBWMEw2NzQlMkMxMDAuNEM2MjQuNCUyQzEwOS45JTJDNTczLjUlMkMxMDkuOCUyQzUyMy45JTJDMTAwLjR6JTIyJTJGJTNFJTNDJTJGc3ZnJTNFJTNDJTJGZGl2JTNFJTI3JTI5JTNCJTBBJTNDJTJGc2NyaXB0JTNF[\/vc_raw_js][vc_row_inner row_type=&#8221;row&#8221; type=&#8221;full_width&#8221; text_align=&#8221;left&#8221; css_animation=&#8221;&#8221;][vc_column_inner][vc_empty_space height=&#8221;80px&#8221;][\/vc_column_inner][\/vc_row_inner][vc_row_inner row_type=&#8221;row&#8221; type=&#8221;grid&#8221; text_align=&#8221;left&#8221; css_animation=&#8221;&#8221;][vc_column_inner width=&#8221;1\/6&#8243;][\/vc_column_inner][vc_column_inner el_class=&#8221;studyPG-content&#8221; width=&#8221;2\/3&#8243; css=&#8221;.vc_custom_1646706656028{padding-bottom: 60px !important;}&#8221;][vc_single_image image=&#8221;12399&#8243; img_size=&#8221;full&#8221; alignment=&#8221;center&#8221; qode_css_animation=&#8221;&#8221; el_class=&#8221;school-img&#8221;][\/vc_column_inner][vc_column_inner width=&#8221;1\/6&#8243;][\/vc_column_inner][\/vc_row_inner][vc_row_inner row_type=&#8221;row&#8221; type=&#8221;grid&#8221; text_align=&#8221;left&#8221; css_animation=&#8221;&#8221;][vc_column_inner width=&#8221;1\/6&#8243;][\/vc_column_inner][vc_column_inner...\" \/>\n<meta property=\"og:url\" content=\"https:\/\/penangglobaltourism.benova.com.my\/vi\/studypenang\/\" \/>\n<meta property=\"og:site_name\" content=\"Penang Global Tourism\" \/>\n<meta property=\"article:modified_time\" content=\"2024-01-17T04:52:39+00:00\" \/>\n<meta name=\"twitter:card\" content=\"summary_large_image\" \/>\n<meta name=\"twitter:label1\" content=\"Est. reading time\" \/>\n\t<meta name=\"twitter:data1\" content=\"1 minute\" \/>\n<script type=\"application\/ld+json\" class=\"yoast-schema-graph\">{\"@context\":\"https:\/\/schema.org\",\"@graph\":[{\"@type\":\"WebPage\",\"@id\":\"https:\/\/penangglobaltourism.benova.com.my\/vi\/studypenang\/\",\"url\":\"https:\/\/penangglobaltourism.benova.com.my\/vi\/studypenang\/\",\"name\":\"StudyPENANG - Penang Global Tourism\",\"isPartOf\":{\"@id\":\"https:\/\/penangglobaltourism.benova.com.my\/#website\"},\"datePublished\":\"2021-07-27T14:16:11+00:00\",\"dateModified\":\"2024-01-17T04:52:39+00:00\",\"breadcrumb\":{\"@id\":\"https:\/\/penangglobaltourism.benova.com.my\/vi\/studypenang\/#breadcrumb\"},\"inLanguage\":\"vi-VN\",\"potentialAction\":[{\"@type\":\"ReadAction\",\"target\":[\"https:\/\/penangglobaltourism.benova.com.my\/vi\/studypenang\/\"]}]},{\"@type\":\"BreadcrumbList\",\"@id\":\"https:\/\/penangglobaltourism.benova.com.my\/vi\/studypenang\/#breadcrumb\",\"itemListElement\":[{\"@type\":\"ListItem\",\"position\":1,\"name\":\"Trang ch\u1ee7\",\"item\":\"https:\/\/penangglobaltourism.benova.com.my\/vi\/\"},{\"@type\":\"ListItem\",\"position\":2,\"name\":\"StudyPENANG\"}]},{\"@type\":\"WebSite\",\"@id\":\"https:\/\/penangglobaltourism.benova.com.my\/#website\",\"url\":\"https:\/\/penangglobaltourism.benova.com.my\/\",\"name\":\"Penang Global Tourism\",\"description\":\"It\u2019s All In Penang, Experience It\",\"potentialAction\":[{\"@type\":\"SearchAction\",\"target\":{\"@type\":\"EntryPoint\",\"urlTemplate\":\"https:\/\/penangglobaltourism.benova.com.my\/?s={search_term_string}\"},\"query-input\":\"required name=search_term_string\"}],\"inLanguage\":\"vi-VN\"}]}<\/script>\n<!-- \/ Yoast SEO plugin. -->","yoast_head_json":{"title":"StudyPENANG - Penang Global Tourism","robots":{"index":"noindex","follow":"follow","max-snippet":"max-snippet:-1","max-image-preview":"max-image-preview:large","max-video-preview":"max-video-preview:-1"},"og_locale":"vi_VN","og_type":"article","og_title":"StudyPENANG - Penang Global Tourism","og_description":"[vc_row css_animation=&#8221;&#8221; row_type=&#8221;row&#8221; use_row_as_full_screen_section=&#8221;no&#8221; type=&#8221;full_width&#8221; angled_section=&#8221;no&#8221; text_align=&#8221;left&#8221; background_image_as_pattern=&#8221;without_pattern&#8221; z_index=&#8221;&#8221;][vc_column][vc_raw_js]JTNDc2NyaXB0JTNFJTBBalF1ZXJ5JTI4JTI3LmNvbnRlbnRfaW5uZXIlMjAudGl0bGVfb3V0ZXIlMjclMjkuYXBwZW5kJTI4JTI3JTNDZGl2JTIwY2xhc3MlM0QlMjJjdXN0b20tc2hhcGUtZGl2aWRlci1ib3R0b20lMjIlM0UlM0NzdmclMjBkYXRhLW5hbWUlM0QlMjJMYXllciUyMDElMjIlMjB4bWxucyUzRCUyMmh0dHAlM0ElMkYlMkZ3d3cudzMub3JnJTJGMjAwMCUyRnN2ZyUyMiUyMHZpZXdCb3glM0QlMjIwJTIwMCUyMDEyMDAlMjAxMjAlMjIlMjBwcmVzZXJ2ZUFzcGVjdFJhdGlvJTNEJTIybm9uZSUyMiUzRSUzQ3BhdGglMjBjbGFzcyUzRCUyMnNoYXBlLWZpbGwlMjIlMjBkJTNEJTIyTTUyMy45JTJDMTAwLjRMMCUyQzB2MTIwaDEyMDBWMEw2NzQlMkMxMDAuNEM2MjQuNCUyQzEwOS45JTJDNTczLjUlMkMxMDkuOCUyQzUyMy45JTJDMTAwLjR6JTIyJTJGJTNFJTNDJTJGc3ZnJTNFJTNDJTJGZGl2JTNFJTI3JTI5JTNCJTBBJTNDJTJGc2NyaXB0JTNF[\/vc_raw_js][vc_row_inner row_type=&#8221;row&#8221; type=&#8221;full_width&#8221; text_align=&#8221;left&#8221; css_animation=&#8221;&#8221;][vc_column_inner][vc_empty_space height=&#8221;80px&#8221;][\/vc_column_inner][\/vc_row_inner][vc_row_inner row_type=&#8221;row&#8221; type=&#8221;grid&#8221; text_align=&#8221;left&#8221; css_animation=&#8221;&#8221;][vc_column_inner width=&#8221;1\/6&#8243;][\/vc_column_inner][vc_column_inner el_class=&#8221;studyPG-content&#8221; width=&#8221;2\/3&#8243; css=&#8221;.vc_custom_1646706656028{padding-bottom: 60px !important;}&#8221;][vc_single_image image=&#8221;12399&#8243; img_size=&#8221;full&#8221; alignment=&#8221;center&#8221; qode_css_animation=&#8221;&#8221; el_class=&#8221;school-img&#8221;][\/vc_column_inner][vc_column_inner width=&#8221;1\/6&#8243;][\/vc_column_inner][\/vc_row_inner][vc_row_inner row_type=&#8221;row&#8221; type=&#8221;grid&#8221; text_align=&#8221;left&#8221; css_animation=&#8221;&#8221;][vc_column_inner width=&#8221;1\/6&#8243;][\/vc_column_inner][vc_column_inner...","og_url":"https:\/\/penangglobaltourism.benova.com.my\/vi\/studypenang\/","og_site_name":"Penang Global Tourism","article_modified_time":"2024-01-17T04:52:39+00:00","twitter_card":"summary_large_image","twitter_misc":{"Est. reading time":"1 minute"},"schema":{"@context":"https:\/\/schema.org","@graph":[{"@type":"WebPage","@id":"https:\/\/penangglobaltourism.benova.com.my\/vi\/studypenang\/","url":"https:\/\/penangglobaltourism.benova.com.my\/vi\/studypenang\/","name":"StudyPENANG - Penang Global Tourism","isPartOf":{"@id":"https:\/\/penangglobaltourism.benova.com.my\/#website"},"datePublished":"2021-07-27T14:16:11+00:00","dateModified":"2024-01-17T04:52:39+00:00","breadcrumb":{"@id":"https:\/\/penangglobaltourism.benova.com.my\/vi\/studypenang\/#breadcrumb"},"inLanguage":"vi-VN","potentialAction":[{"@type":"ReadAction","target":["https:\/\/penangglobaltourism.benova.com.my\/vi\/studypenang\/"]}]},{"@type":"BreadcrumbList","@id":"https:\/\/penangglobaltourism.benova.com.my\/vi\/studypenang\/#breadcrumb","itemListElement":[{"@type":"ListItem","position":1,"name":"Trang ch\u1ee7","item":"https:\/\/penangglobaltourism.benova.com.my\/vi\/"},{"@type":"ListItem","position":2,"name":"StudyPENANG"}]},{"@type":"WebSite","@id":"https:\/\/penangglobaltourism.benova.com.my\/#website","url":"https:\/\/penangglobaltourism.benova.com.my\/","name":"Penang Global Tourism","description":"It\u2019s All In Penang, Experience It","potentialAction":[{"@type":"SearchAction","target":{"@type":"EntryPoint","urlTemplate":"https:\/\/penangglobaltourism.benova.com.my\/?s={search_term_string}"},"query-input":"required name=search_term_string"}],"inLanguage":"vi-VN"}]}},"_links":{"self":[{"href":"https:\/\/penangglobaltourism.benova.com.my\/vi\/wp-json\/wp\/v2\/pages\/24105","targetHints":{"allow":["GET"]}}],"collection":[{"href":"https:\/\/penangglobaltourism.benova.com.my\/vi\/wp-json\/wp\/v2\/pages"}],"about":[{"href":"https:\/\/penangglobaltourism.benova.com.my\/vi\/wp-json\/wp\/v2\/types\/page"}],"author":[{"embeddable":true,"href":"https:\/\/penangglobaltourism.benova.com.my\/vi\/wp-json\/wp\/v2\/users\/2"}],"replies":[{"embeddable":true,"href":"https:\/\/penangglobaltourism.benova.com.my\/vi\/wp-json\/wp\/v2\/comments?post=24105"}],"version-history":[{"count":2,"href":"https:\/\/penangglobaltourism.benova.com.my\/vi\/wp-json\/wp\/v2\/pages\/24105\/revisions"}],"predecessor-version":[{"id":32245,"href":"https:\/\/penangglobaltourism.benova.com.my\/vi\/wp-json\/wp\/v2\/pages\/24105\/revisions\/32245"}],"wp:attachment":[{"href":"https:\/\/penangglobaltourism.benova.com.my\/vi\/wp-json\/wp\/v2\/media?parent=24105"}],"curies":[{"name":"wp","href":"https:\/\/api.w.org\/{rel}","templated":true}]}}